{"id":42527,"date":"2025-06-06T16:19:08","date_gmt":"2025-06-06T14:19:08","guid":{"rendered":"https:\/\/arena-ticket.com\/frei-wild-immer-unter-feuer-quarterback-immobilien-arena\/"},"modified":"2025-06-06T18:15:58","modified_gmt":"2025-06-06T16:15:58","slug":"frei-wild-immer-unter-feuer-quarterback-immobilien-arena","status":"publish","type":"product","link":"https:\/\/arena-ticket.com\/en\/product\/frei-wild-immer-unter-feuer-quarterback-immobilien-arena\/","title":{"rendered":"Frei.Wild - Immer Unter Feuer"},"content":{"rendered":"<p>\u201eImmer unter Feuer\u201c tr\u00e4gt das Album das Geweih so stark wie nie! Mit ihrem neuen Touring Partner LIVE NATION pr\u00e4sentiert sich Frei.Wild im Mai 2026 in den gr\u00f6\u00dften Arenen Deutschlands. Die Fans in \u00d6sterreich und der Schweiz erwarten ebenfalls fette Stage-Shows. Der Vorverkauf f\u00fcr Album + Live Tour startet am 09. Mai. Frei.Wild \u2013 \u201eImmer unter Feuer\u201c.<\/p>","protected":false},"excerpt":{"rendered":"<p>Immer Unter Feuer!<\/p>","protected":false},"featured_media":39238,"template":"","meta":{"_acf_changed":false,"inline_featured_image":false},"product_brand":[],"product_cat":[31,69,86,35,37,6732,21,22,15,58],"product_tag":[941,5465,5541,5809,942,943,944,945,947,973,976,948],"class_list":{"0":"post-42527","1":"product","2":"type-product","3":"status-publish","4":"has-post-thumbnail","6":"product_cat-events","7":"product_cat-konzert","8":"product_cat-leipzig","9":"product_cat-orte","10":"product_cat-quarterback-immobilien-arena","11":"product_cat-rock-hard-rock","12":"product_cat-ticket","13":"product_cat-ticketupgrades-zusatzleistungen","14":"product_cat-unkategorisiert","15":"product_cat-veranstaltung","16":"product_tag-events","17":"product_tag-frei-wild","18":"product_tag-freiwild","19":"product_tag-immer-unter-feuer","20":"product_tag-konzert","21":"product_tag-leipzig","22":"product_tag-orte","23":"product_tag-quarterback-immobilien-arena","24":"product_tag-ticket","25":"product_tag-ticketupgrades-zusatzleistungen","26":"product_tag-unkategorisiert","27":"product_tag-veranstaltung","28":"product_shipping_class-nur_paketversand","30":"first","31":"instock","32":"taxable","33":"shipping-taxable","34":"product-type-grouped"},"group_of_quantity":0,"min_quantity":0,"max_quantity":"","exclude_order_quantity_value_rules":"no","exclude_category_quantity_rules":"no","combine_variations":"no","acf":[],"_links":{"self":[{"href":"https:\/\/arena-ticket.com\/en\/wp-json\/wp\/v2\/product\/42527","targetHints":{"allow":["GET"]}}],"collection":[{"href":"https:\/\/arena-ticket.com\/en\/wp-json\/wp\/v2\/product"}],"about":[{"href":"https:\/\/arena-ticket.com\/en\/wp-json\/wp\/v2\/types\/product"}],"wp:featuredmedia":[{"embeddable":true,"href":"https:\/\/arena-ticket.com\/en\/wp-json\/wp\/v2\/media\/39238"}],"wp:attachment":[{"href":"https:\/\/arena-ticket.com\/en\/wp-json\/wp\/v2\/media?parent=42527"}],"wp:term":[{"taxonomy":"product_brand","embeddable":true,"href":"https:\/\/arena-ticket.com\/en\/wp-json\/wp\/v2\/product_brand?post=42527"},{"taxonomy":"product_cat","embeddable":true,"href":"https:\/\/arena-ticket.com\/en\/wp-json\/wp\/v2\/product_cat?post=42527"},{"taxonomy":"product_tag","embeddable":true,"href":"https:\/\/arena-ticket.com\/en\/wp-json\/wp\/v2\/product_tag?post=42527"}],"curies":[{"name":"wp","href":"https:\/\/api.w.org\/{rel}","templated":true}]}}