{"id":42529,"date":"2025-06-06T16:19:10","date_gmt":"2025-06-06T14:19:10","guid":{"rendered":"https:\/\/arena-ticket.com\/filmnaechte-leipzig-kaisermania-live-uebertragung-von-den-filmnaechten-am-elbufer-eintritt-kostenfrei-1900-uhr-einlass-leipzig-scheibenholz-sommerkino-09-08-2025-19-45-uhr\/"},"modified":"2025-07-14T07:53:24","modified_gmt":"2025-07-14T05:53:24","slug":"filmnaechte-leipzig-kaisermania-live-uebertragung-von-den-filmnaechten-am-elbufer-eintritt-kostenfrei-1900-uhr-einlass-leipzig-scheibenholz-sommerkino-09-08-2025-19-45-uhr","status":"publish","type":"product","link":"https:\/\/arena-ticket.com\/en\/product\/filmnaechte-leipzig-kaisermania-live-uebertragung-von-den-filmnaechten-am-elbufer-eintritt-kostenfrei-1900-uhr-einlass-leipzig-scheibenholz-sommerkino-09-08-2025-19-45-uhr\/","title":{"rendered":"Kaisermania - Live-\u00dcbertragung von den Filmn\u00e4chten am Elbufer"},"content":{"rendered":"<p>In diesem Jahr holen wir die besondere Atmosph\u00e4re erstmals nach Leipzig: Gemeinsam erleben wir die Live-\u00dcbertragung des Abschlusskonzerts der KAISERMANIA \u2013 von den Filmn\u00e4chten am Elbufer direkt auf die gro\u00dfe Leinwand im Scheibenholz.\u00a0Freut euch auf einen sommerlichen Abend voller Emotionen, legend\u00e4rer Hits und nat\u00fcrlich ganz vielen G\u00e4nsehautmomenten unter freiem Himmel. Die Filmn\u00e4chte Leipzig werden an diesem Abend zum Treffpunkt f\u00fcr alle Fans, die das Konzert in einzigartiger Atmosph\u00e4re gemeinsam genie\u00dfen m\u00f6chten.<\/p>\n<p>&nbsp;<\/p>\n<p>Der Eintritt ist frei \u2013 trotzdem ben\u00f6tigt ihr ein Ticket!<\/p>\n<p>Bitte beachtet: Euer Ticket berechtigt nur bis zum Beginn der \u00dcbertragung zum Einlass. Danach werden freie Pl\u00e4tze neu vergeben. Seid also am besten rechtzeitig da.<\/p>\n<p>Gutes Bild ab 21 Uhr<\/p>","protected":false},"excerpt":{"rendered":"<p>Kaisermania: Live-\u00dcbertragung von den Filmn\u00e4chten am Elbufer<br \/>\nEintritt kostenfrei! | 19:45 Uhr Beginn | 18:00 Uhr Einlass<\/p>\n<p>&nbsp;<\/p>\n<p>&nbsp;<\/p>","protected":false},"featured_media":3457,"template":"","meta":{"_acf_changed":false,"inline_featured_image":false},"product_brand":[],"product_cat":[31,400,406,6768,922,86,35,58],"product_tag":[941,3236,3347,5811,951,943,5812,944,976,948],"class_list":{"0":"post-42529","1":"product","2":"type-product","3":"status-publish","4":"has-post-thumbnail","6":"product_cat-events","7":"product_cat-filmnaechte-scheibenholz","8":"product_cat-galopprennbahn-scheibenholz","9":"product_cat-kino","10":"product_cat-kultur","11":"product_cat-leipzig","12":"product_cat-orte","13":"product_cat-veranstaltung","14":"product_tag-events","15":"product_tag-filmnaechte-scheibenholz","16":"product_tag-galopprennbahn-scheibenholz","17":"product_tag-kaisermania","18":"product_tag-kultur","19":"product_tag-leipzig","20":"product_tag-live-uebertragung-von-den-filmnaechten-am-elbufer","21":"product_tag-orte","22":"product_tag-unkategorisiert","23":"product_tag-veranstaltung","24":"product_shipping_class-nur_paketversand","25":"pa_discount-freie-platzwahl","26":"pa_preiskategorie-sitzplatz","28":"first","29":"outofstock","30":"taxable","31":"shipping-taxable","32":"purchasable","33":"product-type-variable"},"group_of_quantity":0,"min_quantity":0,"max_quantity":"","exclude_order_quantity_value_rules":"no","exclude_category_quantity_rules":"no","combine_variations":"no","acf":[],"_links":{"self":[{"href":"https:\/\/arena-ticket.com\/en\/wp-json\/wp\/v2\/product\/42529","targetHints":{"allow":["GET"]}}],"collection":[{"href":"https:\/\/arena-ticket.com\/en\/wp-json\/wp\/v2\/product"}],"about":[{"href":"https:\/\/arena-ticket.com\/en\/wp-json\/wp\/v2\/types\/product"}],"wp:featuredmedia":[{"embeddable":true,"href":"https:\/\/arena-ticket.com\/en\/wp-json\/wp\/v2\/media\/3457"}],"wp:attachment":[{"href":"https:\/\/arena-ticket.com\/en\/wp-json\/wp\/v2\/media?parent=42529"}],"wp:term":[{"taxonomy":"product_brand","embeddable":true,"href":"https:\/\/arena-ticket.com\/en\/wp-json\/wp\/v2\/product_brand?post=42529"},{"taxonomy":"product_cat","embeddable":true,"href":"https:\/\/arena-ticket.com\/en\/wp-json\/wp\/v2\/product_cat?post=42529"},{"taxonomy":"product_tag","embeddable":true,"href":"https:\/\/arena-ticket.com\/en\/wp-json\/wp\/v2\/product_tag?post=42529"}],"curies":[{"name":"wp","href":"https:\/\/api.w.org\/{rel}","templated":true}]}}