{"id":42591,"date":"2025-06-06T16:44:50","date_gmt":"2025-06-06T14:44:50","guid":{"rendered":"https:\/\/arena-ticket.com\/?p=42591&#038;post_type=product&#038;preview_id=42591"},"modified":"2026-04-16T19:01:39","modified_gmt":"2026-04-16T17:01:39","slug":"frei-wild-immer-unter-feuer-quarterback-immobilien-arena-07-05-2026-2000-uhr","status":"publish","type":"product","link":"https:\/\/arena-ticket.com\/en\/product\/frei-wild-immer-unter-feuer-quarterback-immobilien-arena-07-05-2026-2000-uhr\/","title":{"rendered":"Frei.Wild - Immer Unter Feuer Tour 2026"},"content":{"rendered":"<p>\u201eImmer unter Feuer\u201c tr\u00e4gt das Album das Geweih so stark wie nie! Mit ihrem neuen Touring Partner LIVE NATION pr\u00e4sentiert sich Frei.Wild im Mai 2026 in den gr\u00f6\u00dften Arenen Deutschlands. Die Fans in \u00d6sterreich und der Schweiz erwarten ebenfalls fette Stage-Shows.<\/p>","protected":false},"excerpt":{"rendered":"<p>Immer Unter Feuer!<\/p>","protected":false},"featured_media":50603,"template":"","meta":{"_acf_changed":false,"inline_featured_image":false},"product_brand":[],"product_cat":[37,86,31,69,35,6732,21,22,58],"product_tag":[941,5465,5541,5466,942,943,944,945,6804,947,973,948],"class_list":{"0":"post-42591","1":"product","2":"type-product","3":"status-publish","4":"has-post-thumbnail","6":"product_cat-quarterback-immobilien-arena","7":"product_cat-leipzig","8":"product_cat-events","9":"product_cat-konzert","10":"product_cat-orte","11":"product_cat-rock-hard-rock","12":"product_cat-ticket","13":"product_cat-ticketupgrades-zusatzleistungen","14":"product_cat-veranstaltung","15":"product_tag-events","16":"product_tag-frei-wild","17":"product_tag-freiwild","18":"product_tag-immer-unter-feuer-tour-2026","19":"product_tag-konzert","20":"product_tag-leipzig","21":"product_tag-orte","22":"product_tag-quarterback-immobilien-arena","23":"product_tag-rock-hard-rock","24":"product_tag-ticket","25":"product_tag-ticketupgrades-zusatzleistungen","26":"product_tag-veranstaltung","27":"product_shipping_class-abholung_paketversand","28":"pa_discount-vip-sitzplatz","29":"pa_discount-vip-golden-circle","30":"pa_discount-normalpreis","31":"pa_discount-inklusive-begleitperson","32":"pa_discount-gangplatz","33":"pa_preiskategorie-preiskategorei-eins-aisle-seat","34":"pa_preiskategorie-golden-circle-stehplatz","35":"pa_preiskategorie-golden-circle-ii-sitzplatz","36":"pa_preiskategorie-front-of-stage-stehplatz","37":"pa_preiskategorie-pk-i","38":"pa_preiskategorie-pk-ii","39":"pa_preiskategorie-pk-iii","40":"pa_preiskategorie-pk-iv","41":"pa_preiskategorie-stehplatz","42":"pa_preiskategorie-rollstuhlfahrer","43":"pa_preiskategorie-schwerbeschaedigt","44":"pa_preiskategorie-vip-package-backstage-club","45":"pa_preiskategorie-vip-package-backstage-club-stehplatz","46":"pa_preiskategorie-ggv-up","47":"pa_preiskategorie-pgv-up","48":"pa_preiskategorie-vipu-up","50":"first","51":"instock","52":"taxable","53":"shipping-taxable","54":"purchasable","55":"product-type-variable"},"group_of_quantity":0,"min_quantity":0,"max_quantity":"","exclude_order_quantity_value_rules":"no","exclude_category_quantity_rules":"no","combine_variations":"no","acf":[],"_links":{"self":[{"href":"https:\/\/arena-ticket.com\/en\/wp-json\/wp\/v2\/product\/42591","targetHints":{"allow":["GET"]}}],"collection":[{"href":"https:\/\/arena-ticket.com\/en\/wp-json\/wp\/v2\/product"}],"about":[{"href":"https:\/\/arena-ticket.com\/en\/wp-json\/wp\/v2\/types\/product"}],"wp:featuredmedia":[{"embeddable":true,"href":"https:\/\/arena-ticket.com\/en\/wp-json\/wp\/v2\/media\/50603"}],"wp:attachment":[{"href":"https:\/\/arena-ticket.com\/en\/wp-json\/wp\/v2\/media?parent=42591"}],"wp:term":[{"taxonomy":"product_brand","embeddable":true,"href":"https:\/\/arena-ticket.com\/en\/wp-json\/wp\/v2\/product_brand?post=42591"},{"taxonomy":"product_cat","embeddable":true,"href":"https:\/\/arena-ticket.com\/en\/wp-json\/wp\/v2\/product_cat?post=42591"},{"taxonomy":"product_tag","embeddable":true,"href":"https:\/\/arena-ticket.com\/en\/wp-json\/wp\/v2\/product_tag?post=42591"}],"curies":[{"name":"wp","href":"https:\/\/api.w.org\/{rel}","templated":true}]}}