{"id":42766,"date":"2025-06-10T09:24:09","date_gmt":"2025-06-10T07:24:09","guid":{"rendered":"https:\/\/arena-ticket.com\/?p=42766&#038;post_type=product&#038;preview_id=42766"},"modified":"2026-04-10T15:32:06","modified_gmt":"2026-04-10T13:32:06","slug":"bosse-hallentour-2026-quarterback-immobilien-arena-15-05-2026-20-uhr","status":"publish","type":"product","link":"https:\/\/arena-ticket.com\/en\/product\/bosse-hallentour-2026-quarterback-immobilien-arena-15-05-2026-20-uhr\/","title":{"rendered":"BOSSE - Hallentour 2026"},"content":{"rendered":"<p>BOSSE, der aktuell an seinem zehnten Studioalbum schreibt, k\u00fcndigt f\u00fcr 2026 eine gro\u00dfe Hallentournee im Mai und zwei erste Sommerkonzerte an. Fans des K\u00fcnstlers k\u00f6nnen sich also nicht nur auf neue Musik, sondern auch darauf freuen, diese bald live zu erleben.<\/p>\n<p>W\u00e4hrend die erste H\u00e4lfte 2025 vor allem durch einen umfassenden R\u00fcckblick auf BOSSEs bisherige<br \/>\nKarriere gepr\u00e4gt war (er ver\u00f6ffentlichte die Compilation \u201eBOSSE 2005-2025\u201c und nahm an der TVSendung \u201eSing meinen Song \u2013 Das Tauschkonzert\u201c teil), lie\u00df er mit seinem zeitgleich ver\u00f6ffentlichten neusten Song \u201eVergangenheit\u201c bereits durchblitzen, dass diese R\u00fcckschau nur ein kurzes Innehalten sein soll (\u201eSo viel sch\u00f6nes Neues h\u00e4lt die Zukunft bereit\u201c).<br \/>\nIn der zweiten H\u00e4lfte 2025 wird BOSSE sich nun neben mehreren Sommerkonzerten komplett dem<br \/>\nSchreiben und Aufnehmen seines n\u00e4chsten Albums widmen, damit er sp\u00e4testens im Mai 2026 auch<br \/>\nseine neusten Ohrw\u00fcrmer teilen kann. Dann wird BOSSE wieder auf der B\u00fchne tanzen, den Menschen<br \/>\nseinen einzigartigen Indie-Pop entgegenschmettern, bei Hits wie \u201eDer letzte Tanz\u201c und \u201eSch\u00f6nste Zeit\u201c<br \/>\nmit dem Publikum verschmelzen und die Massen euphorisieren. Wer das einmal erlebt hat, kommt<br \/>\nimmer wieder. Jetzt gibt es gen\u00fcgend Chancen daf\u00fcr!<\/p>\n<p>\u00a9Bild: Rufus Engelhard<\/p>","protected":false},"excerpt":{"rendered":"<p>Wir freuen uns den Support der BOSSE Show am 15.05.2026 anzuk\u00fcndigen: <strong>Marlo Grosshardt<\/strong><\/p>","protected":false},"featured_media":50621,"template":"","meta":{"_acf_changed":false,"inline_featured_image":false},"product_brand":[],"product_cat":[31,69,86,35,6733,37,21,22,58],"product_tag":[1378,941,5815,942,943,944,2506,945,947,973,948],"class_list":{"0":"post-42766","1":"product","2":"type-product","3":"status-publish","4":"has-post-thumbnail","6":"product_cat-events","7":"product_cat-konzert","8":"product_cat-leipzig","9":"product_cat-orte","10":"product_cat-pop","11":"product_cat-quarterback-immobilien-arena","12":"product_cat-ticket","13":"product_cat-ticketupgrades-zusatzleistungen","14":"product_cat-veranstaltung","15":"product_tag-bosse","16":"product_tag-events","17":"product_tag-hallentour-2026","18":"product_tag-konzert","19":"product_tag-leipzig","20":"product_tag-orte","21":"product_tag-pop","22":"product_tag-quarterback-immobilien-arena","23":"product_tag-ticket","24":"product_tag-ticketupgrades-zusatzleistungen","25":"product_tag-veranstaltung","26":"product_shipping_class-abholung_paketversand","27":"pa_discount-inklusive-begleitperson","28":"pa_discount-normalpreis","29":"pa_discount-vip-sitzplatz","30":"pa_preiskategorie-ggv-up","31":"pa_preiskategorie-pgv-up","32":"pa_preiskategorie-pk-i","33":"pa_preiskategorie-pk-ii","34":"pa_preiskategorie-pk2-stehplatz","35":"pa_preiskategorie-pk-iii","36":"pa_preiskategorie-pk4-stehplatz","37":"pa_preiskategorie-rollstuhlfahrer","38":"pa_preiskategorie-vip-package-backstage-club","39":"pa_preiskategorie-vipu-up","41":"first","42":"instock","43":"taxable","44":"shipping-taxable","45":"purchasable","46":"product-type-variable"},"group_of_quantity":0,"min_quantity":0,"max_quantity":"","exclude_order_quantity_value_rules":"no","exclude_category_quantity_rules":"no","combine_variations":"no","acf":[],"_links":{"self":[{"href":"https:\/\/arena-ticket.com\/en\/wp-json\/wp\/v2\/product\/42766","targetHints":{"allow":["GET"]}}],"collection":[{"href":"https:\/\/arena-ticket.com\/en\/wp-json\/wp\/v2\/product"}],"about":[{"href":"https:\/\/arena-ticket.com\/en\/wp-json\/wp\/v2\/types\/product"}],"wp:featuredmedia":[{"embeddable":true,"href":"https:\/\/arena-ticket.com\/en\/wp-json\/wp\/v2\/media\/50621"}],"wp:attachment":[{"href":"https:\/\/arena-ticket.com\/en\/wp-json\/wp\/v2\/media?parent=42766"}],"wp:term":[{"taxonomy":"product_brand","embeddable":true,"href":"https:\/\/arena-ticket.com\/en\/wp-json\/wp\/v2\/product_brand?post=42766"},{"taxonomy":"product_cat","embeddable":true,"href":"https:\/\/arena-ticket.com\/en\/wp-json\/wp\/v2\/product_cat?post=42766"},{"taxonomy":"product_tag","embeddable":true,"href":"https:\/\/arena-ticket.com\/en\/wp-json\/wp\/v2\/product_tag?post=42766"}],"curies":[{"name":"wp","href":"https:\/\/api.w.org\/{rel}","templated":true}]}}