{"id":42816,"date":"2025-06-10T20:01:33","date_gmt":"2025-06-10T18:01:33","guid":{"rendered":"https:\/\/arena-ticket.com\/?p=42816&#038;post_type=product&#038;preview_id=42816"},"modified":"2025-07-23T13:58:34","modified_gmt":"2025-07-23T11:58:34","slug":"mdr-sonderkonzerte-tribute-to-arvo-paert-peterskirche-leipzig-24-10-2025-2200-uhr","status":"publish","type":"product","link":"https:\/\/arena-ticket.com\/en\/product\/mdr-sonderkonzerte-tribute-to-arvo-paert-peterskirche-leipzig-24-10-2025-2200-uhr\/","title":{"rendered":"MDR-Sonderkonzerte  - Tribute to Arvo P\u00e4rt"},"content":{"rendered":"<p>MDR-Rundfunkchor<br \/>\nHoward Arman Dirigent<\/p>\n<p>Heinrich Isaac (1450\u20131517)<br \/>\nAngeli, arcangeli<\/p>\n<p>Arvo P\u00e4rt (geb. 1935)<br \/>\nNunc dimittis | Which was the Son of\u2026 | And I heard a Voice<\/p>\n<p>Gustav Holst (1874\u20131934)<br \/>\nNunc dimittis<\/p>\n<p>sowie Werke von Arnold Bax, Michael Ostrzyga und Howard Arman<\/p>\n<p>&nbsp;<\/p>\n<p>Ein Wiedersehen und -h\u00f6ren mit dem \u00bbErfinder\u00ab der Leipziger Nachtges\u00e4nge, Howard Arman: Wie stets hat der fr\u00fchere langj\u00e4hrige Chefdirigent des MDR-Rundfunkchores eine au\u00dfergew\u00f6hnliche Programmkonzeption im Gep\u00e4ck. Musik von der Insel geh\u00f6rt selbstverst\u00e4ndlich dazu, zudem R\u00fcckgriffe auf die Musik der Renaissance ebenso wie eine Urauff\u00fchrung als Hommage zum 90. Geburtstag Arvo P\u00e4rts von Michael Ostrzyga und Klangbilder aus der eigenen Feder.<\/p>","protected":false},"excerpt":{"rendered":"<p>Secure your tickets!<\/p>","protected":false},"featured_media":42820,"template":"","meta":{"_acf_changed":false,"inline_featured_image":false},"product_brand":[],"product_cat":[31,6741,69,86,35,476,21,58],"product_tag":[941,942,943,5817,944,964,947,5818,948],"class_list":{"0":"post-42816","1":"product","2":"type-product","3":"status-publish","4":"has-post-thumbnail","6":"product_cat-events","7":"product_cat-klassik","8":"product_cat-konzert","9":"product_cat-leipzig","10":"product_cat-orte","11":"product_cat-peterskirche","12":"product_cat-ticket","13":"product_cat-veranstaltung","14":"product_tag-events","15":"product_tag-konzert","16":"product_tag-leipzig","17":"product_tag-mdr-sonderkonzerte","18":"product_tag-orte","19":"product_tag-peterskirche","20":"product_tag-ticket","21":"product_tag-tribute-to-arvo-paert","22":"product_tag-veranstaltung","23":"product_shipping_class-nur_paketversand","24":"pa_discount-inklusive-begleitperson","25":"pa_discount-kind-bis-14-jahre","26":"pa_discount-normalpreis","27":"pa_preiskategorie-pk-i","28":"pa_preiskategorie-schwerbeschaedigt","30":"first","31":"instock","32":"taxable","33":"shipping-taxable","34":"purchasable","35":"product-type-variable"},"group_of_quantity":0,"min_quantity":0,"max_quantity":"","exclude_order_quantity_value_rules":"no","exclude_category_quantity_rules":"no","combine_variations":"no","acf":[],"_links":{"self":[{"href":"https:\/\/arena-ticket.com\/en\/wp-json\/wp\/v2\/product\/42816","targetHints":{"allow":["GET"]}}],"collection":[{"href":"https:\/\/arena-ticket.com\/en\/wp-json\/wp\/v2\/product"}],"about":[{"href":"https:\/\/arena-ticket.com\/en\/wp-json\/wp\/v2\/types\/product"}],"wp:featuredmedia":[{"embeddable":true,"href":"https:\/\/arena-ticket.com\/en\/wp-json\/wp\/v2\/media\/42820"}],"wp:attachment":[{"href":"https:\/\/arena-ticket.com\/en\/wp-json\/wp\/v2\/media?parent=42816"}],"wp:term":[{"taxonomy":"product_brand","embeddable":true,"href":"https:\/\/arena-ticket.com\/en\/wp-json\/wp\/v2\/product_brand?post=42816"},{"taxonomy":"product_cat","embeddable":true,"href":"https:\/\/arena-ticket.com\/en\/wp-json\/wp\/v2\/product_cat?post=42816"},{"taxonomy":"product_tag","embeddable":true,"href":"https:\/\/arena-ticket.com\/en\/wp-json\/wp\/v2\/product_tag?post=42816"}],"curies":[{"name":"wp","href":"https:\/\/api.w.org\/{rel}","templated":true}]}}