{"id":42821,"date":"2025-06-10T20:15:59","date_gmt":"2025-06-10T18:15:59","guid":{"rendered":"https:\/\/arena-ticket.com\/?p=42821&#038;post_type=product&#038;preview_id=42821"},"modified":"2026-01-06T15:39:12","modified_gmt":"2026-01-06T14:39:12","slug":"mdr-sonderkonzerte-hoffnung-auf-frieden-peterskirche-leipzig-20-03-2026-2200-uhr","status":"publish","type":"product","link":"https:\/\/arena-ticket.com\/en\/product\/mdr-sonderkonzerte-hoffnung-auf-frieden-peterskirche-leipzig-20-03-2026-2200-uhr\/","title":{"rendered":"MDR-Sonderkonzerte  - Hoffnung auf Frieden"},"content":{"rendered":"<p>MDR-Rundfunkchor<br \/>\nYuval Weinberg Dirigent<\/p>\n<p>Veljo Tormis (1930\u20132017)<br \/>\n\u00bbRaua Needmine\u00ab (Fluch des Eisens)<\/p>\n<p>Kurt Hessenberg (1908\u20131994)<br \/>\n\u00bbO Herr, mache mich zum Werkzeug deines Friedens\u00ab op. 37 Nr. 1<\/p>\n<p>Iannis Xenakis (1922\u20132001)<br \/>\nNuits<\/p>\n<p>Rudolf Mauersberger (1889\u20131971)<br \/>\n\u00bbWie liegt die Stadt so w\u00fcst\u00ab RMWV 4 Nr. 1<\/p>\n<p>Krzysztof Penderecki (1933\u20132020)<br \/>\nIze cheruvimy (Cherubinischer Lobgesang)<\/p>\n<p>Maximilian Steinberg (1883\u20131946)<br \/>\n\u00bbSchweiget alle, die ihr sterblich\u00ab<\/p>\n<p>Dieser Nachtgesang streift durch die A-cappella-Literatur mit Beitr\u00e4gen zum Thema \u00bbRuinen und Hoffnung\u00ab. Die Quintessenz: So wie der Mensch den Willen zur Zerst\u00f6rung in sich tr\u00e4gt, ist er der Vers\u00f6hnung und der Zuversicht f\u00e4hig. Die Peterskirche ist als architektonisches Abbild von Zertr\u00fcmmerung und Wiederaufbau der perfekte Konzertort f\u00fcr dieses Programm.<\/p>","protected":false},"excerpt":{"rendered":"<p>Secure your tickets!<\/p>","protected":false},"featured_media":62565,"template":"","meta":{"_acf_changed":false,"inline_featured_image":false},"product_brand":[],"product_cat":[31,6741,69,86,35,476,21,58],"product_tag":[941,5819,942,943,5817,6705,944,964,947,948],"class_list":{"0":"post-42821","1":"product","2":"type-product","3":"status-publish","4":"has-post-thumbnail","6":"product_cat-events","7":"product_cat-klassik","8":"product_cat-konzert","9":"product_cat-leipzig","10":"product_cat-orte","11":"product_cat-peterskirche","12":"product_cat-ticket","13":"product_cat-veranstaltung","14":"product_tag-events","15":"product_tag-hoffnung-auf-frieden","16":"product_tag-konzert","17":"product_tag-leipzig","18":"product_tag-mdr-sonderkonzerte","19":"product_tag-nachtgesang","20":"product_tag-orte","21":"product_tag-peterskirche","22":"product_tag-ticket","23":"product_tag-veranstaltung","24":"product_shipping_class-nur_paketversand","25":"pa_discount-inklusive-begleitperson","26":"pa_discount-kind-bis-14-jahre","27":"pa_discount-normalpreis","28":"pa_preiskategorie-pk-i","29":"pa_preiskategorie-schwerbeschaedigt","31":"first","32":"instock","33":"taxable","34":"shipping-taxable","35":"purchasable","36":"product-type-variable"},"group_of_quantity":0,"min_quantity":0,"max_quantity":"","exclude_order_quantity_value_rules":"no","exclude_category_quantity_rules":"no","combine_variations":"no","acf":[],"_links":{"self":[{"href":"https:\/\/arena-ticket.com\/en\/wp-json\/wp\/v2\/product\/42821","targetHints":{"allow":["GET"]}}],"collection":[{"href":"https:\/\/arena-ticket.com\/en\/wp-json\/wp\/v2\/product"}],"about":[{"href":"https:\/\/arena-ticket.com\/en\/wp-json\/wp\/v2\/types\/product"}],"wp:featuredmedia":[{"embeddable":true,"href":"https:\/\/arena-ticket.com\/en\/wp-json\/wp\/v2\/media\/62565"}],"wp:attachment":[{"href":"https:\/\/arena-ticket.com\/en\/wp-json\/wp\/v2\/media?parent=42821"}],"wp:term":[{"taxonomy":"product_brand","embeddable":true,"href":"https:\/\/arena-ticket.com\/en\/wp-json\/wp\/v2\/product_brand?post=42821"},{"taxonomy":"product_cat","embeddable":true,"href":"https:\/\/arena-ticket.com\/en\/wp-json\/wp\/v2\/product_cat?post=42821"},{"taxonomy":"product_tag","embeddable":true,"href":"https:\/\/arena-ticket.com\/en\/wp-json\/wp\/v2\/product_tag?post=42821"}],"curies":[{"name":"wp","href":"https:\/\/api.w.org\/{rel}","templated":true}]}}