{"id":42823,"date":"2025-06-10T20:20:40","date_gmt":"2025-06-10T18:20:40","guid":{"rendered":"https:\/\/arena-ticket.com\/?p=42823&#038;post_type=product&#038;preview_id=42823"},"modified":"2026-01-06T15:36:39","modified_gmt":"2026-01-06T14:36:39","slug":"mdr-sonderkonzerte-reise-durch-europa-peterskirche-leipzig-06-06-2026-2200-uhr","status":"publish","type":"product","link":"https:\/\/arena-ticket.com\/en\/product\/mdr-sonderkonzerte-reise-durch-europa-peterskirche-leipzig-06-06-2026-2200-uhr\/","title":{"rendered":"MDR-Sonderkonzerte  - Reise durch Europa"},"content":{"rendered":"<p>MDR-Rundfunkchor<br \/>\nJosep Vila i Casa\u00f1as Dirigent<\/p>\n<p>Veljo Tormis (1930\u20132017)<br \/>\nAutumn Landscapes<\/p>\n<p>B\u00e9la Bart\u00f3k (1881\u20131945)<br \/>\nVier ungarische Volkslieder<\/p>\n<p>Arnold Sch\u00f6nberg (1874\u20131951)<br \/>\nDrei Volkslieds\u00e4tze op. 49<\/p>\n<p>sowie Werke u.a. von Vaclovas Augustinas und David Azorza<\/p>\n<p>Musikalische Wege durch europ\u00e4ische Landschaften gestaltet der neue Chefdirigent des MDR-Rundfunkchores in diesem Nachtgesang. Die Reise geht vom kalten Norden bis in den warmen S\u00fcden, durch die Jahrhunderte der Musikgeschichte und quer \u00fcber Genres und Stilrichtungen hinweg. Ein spannendes und farbenreiches Konzert, bei dem auch Ankl\u00e4nge aus der katalanischen Heimat von Josep Vila i Casa\u00f1as nicht fehlen werden.<\/p>","protected":false},"excerpt":{"rendered":"<p>Secure your tickets!<\/p>","protected":false},"featured_media":62563,"template":"","meta":{"_acf_changed":false,"inline_featured_image":false},"product_brand":[],"product_cat":[31,6741,69,86,35,476,21,58],"product_tag":[941,942,943,5817,6705,944,964,5820,947,948],"class_list":{"0":"post-42823","1":"product","2":"type-product","3":"status-publish","4":"has-post-thumbnail","6":"product_cat-events","7":"product_cat-klassik","8":"product_cat-konzert","9":"product_cat-leipzig","10":"product_cat-orte","11":"product_cat-peterskirche","12":"product_cat-ticket","13":"product_cat-veranstaltung","14":"product_tag-events","15":"product_tag-konzert","16":"product_tag-leipzig","17":"product_tag-mdr-sonderkonzerte","18":"product_tag-nachtgesang","19":"product_tag-orte","20":"product_tag-peterskirche","21":"product_tag-reise-durch-europa","22":"product_tag-ticket","23":"product_tag-veranstaltung","24":"product_shipping_class-nur_paketversand","25":"pa_discount-inklusive-begleitperson","26":"pa_discount-kind-bis-14-jahre","27":"pa_discount-normalpreis","28":"pa_preiskategorie-pk-i","29":"pa_preiskategorie-schwerbeschaedigt","31":"first","32":"instock","33":"taxable","34":"shipping-taxable","35":"purchasable","36":"product-type-variable"},"group_of_quantity":0,"min_quantity":0,"max_quantity":"","exclude_order_quantity_value_rules":"no","exclude_category_quantity_rules":"no","combine_variations":"no","acf":[],"_links":{"self":[{"href":"https:\/\/arena-ticket.com\/en\/wp-json\/wp\/v2\/product\/42823","targetHints":{"allow":["GET"]}}],"collection":[{"href":"https:\/\/arena-ticket.com\/en\/wp-json\/wp\/v2\/product"}],"about":[{"href":"https:\/\/arena-ticket.com\/en\/wp-json\/wp\/v2\/types\/product"}],"wp:featuredmedia":[{"embeddable":true,"href":"https:\/\/arena-ticket.com\/en\/wp-json\/wp\/v2\/media\/62563"}],"wp:attachment":[{"href":"https:\/\/arena-ticket.com\/en\/wp-json\/wp\/v2\/media?parent=42823"}],"wp:term":[{"taxonomy":"product_brand","embeddable":true,"href":"https:\/\/arena-ticket.com\/en\/wp-json\/wp\/v2\/product_brand?post=42823"},{"taxonomy":"product_cat","embeddable":true,"href":"https:\/\/arena-ticket.com\/en\/wp-json\/wp\/v2\/product_cat?post=42823"},{"taxonomy":"product_tag","embeddable":true,"href":"https:\/\/arena-ticket.com\/en\/wp-json\/wp\/v2\/product_tag?post=42823"}],"curies":[{"name":"wp","href":"https:\/\/api.w.org\/{rel}","templated":true}]}}