{"id":42890,"date":"2025-06-12T15:25:30","date_gmt":"2025-06-12T13:25:30","guid":{"rendered":"https:\/\/arena-ticket.com\/?p=42890&#038;post_type=product&#038;preview_id=42890"},"modified":"2025-10-16T12:37:42","modified_gmt":"2025-10-16T10:37:42","slug":"senna-gammour-toxisch-aber-suess-haus-auensee-leipzig-10-11-2025-2000-uhr","status":"publish","type":"product","link":"https:\/\/arena-ticket.com\/en\/product\/senna-gammour-toxisch-aber-suess-haus-auensee-leipzig-10-11-2025-2000-uhr\/","title":{"rendered":"SENNA GAMMOUR - Toxisch, aber s\u00fc\u00df"},"content":{"rendered":"<p>Special Guest: Bahar Kizil (ehemals Monrose)<\/p>\n<p>&nbsp;<\/p>\n<p>Senna Gammour mit neuen Programm Toxisch, aber s\u00fc\u00df live auf Tour!<\/p>\n<p>Das neue Buch Liebeskummer lohnt sich, my darling weiterhin im Handel.<\/p>\n<p>Senna Gammour ist zur\u00fcck und geht 2025 mit ihrem neuen Programm Toxisch, aber s\u00fc\u00df live auf Tour! Diese Show ist ein Feuerwerk aus Humor, Entertainment, Musik und Tiefgang \u2013 ein Erlebnis, das zum Lachen bringt, Erinnerungen weckt und zum Nachdenken anregt.<\/p>\n<p>Als besonderen Special Guest hat Senna ihre ehemalige Monrose-Kollegin Bahar Kizil mit im Gep\u00e4ck. Gemeinsam sorgen die beiden f\u00fcr emotionale Momente, starke Stimmen und eine geballte Portion Empowerment auf der B\u00fchne.<\/p>\n<p>In Toxisch, aber s\u00fc\u00df erwartet euch eine einzigartige Mischung aus Beziehungsdramen, Liebeskummer, den Herausforderungen des modernen Datings und dem unvergleichlichen Charme vergangener Tage. Senna nimmt euch mit auf eine Zeitreise und vergleicht, wie es fr\u00fcher war, jemanden kennenzulernen und wie es heute abl\u00e4uft \u2013 inklusive Backflashs und mitrei\u00dfender Musik, die euch mitten ins Herz trifft. Ob du mit deiner besten Freundin, deinem Partner, der Mama, Oma, mit den M\u00e4dels zum Junggesellinnenabschied, deinem besten schwulen Freund oder allein kommst \u2013 bei Senna ist jede:r willkommen! Sie schafft es, das Publikum mitzunehmen, sodass sich niemand allein f\u00fchlt, sondern alle Teil eines unvergesslichen Abends werden. Ein typischer Weiberabend, bei dem gelacht, nachgedacht und das Leben gefeiert wird.<\/p>\n<p>Und auch wenn uns allen irgendwann das Herz gebrochen wurde, ist es doch sch\u00f6n zu wissen, dass es einen Ort gibt, wo wir zusammenkommen k\u00f6nnen, und die Einsamkeit verschwindet. Denn das, was wir gemeinsam erleben, verbindet uns \u2013 und l\u00e4sst uns sp\u00fcren, dass wir nicht allein sind.<\/p>\n<p>Senna Gammour ist eine geborene Entertainerin, die vor \u00fcber 15 Jahren als S\u00e4ngerin von Monrose bekannt wurde. Mit einer Reichweite von 1,1 Mio. Followern auf Instagram, 550.000 auf TikTok und 200.000 auf YouTube sowie \u00fcber 3 Mio. Podcast-Abrufen ist Senna f\u00fcr ihre millionenstarke Community vor allem die \"Abla\" - eine gro\u00dfe Schwester. Als Single aus dem Gro\u00dfstadtdschungel teilt sie ihre pers\u00f6nlichen Erfahrungen rund um Dating, Partnerschaft und das eigene Selbstwertgef\u00fchl und scheut auch vor schwierigen Themen wie Verlassenwerden oder toxischen Beziehungen nicht zur\u00fcck. Nach dem Erfolg ihrer Bestseller, von denen \u00fcber 180.000 Exemplare verkauft wurden, widmet sich Senna erneut ihren Herzensthemen. Mit ihrem neuen Buch Liebeskummer lohnt sich, my darling, das am 13. November 2024 im Goldmann Verlag erscheint, ermutigt sie dazu, sich selbst der beste Freund zu sein, zeigt auf, wie man Grenzen setzen kann, und inspiriert zu Mut und Unabh\u00e4ngigkeit.<\/p>","protected":false},"excerpt":{"rendered":"<p>Senna Gammour mit neuen Programm Toxisch, aber s\u00fc\u00df live auf Tour! Also jetzt Tickets sichern!<\/p>","protected":false},"featured_media":51576,"template":"","meta":{"_acf_changed":false,"inline_featured_image":false},"product_brand":[],"product_cat":[6725,31,344,95,86,35,21,58],"product_tag":[5825,954,941,962,951,943,944,5821,958,947,5824,5822,948],"class_list":{"0":"post-42890","1":"product","2":"type-product","3":"status-publish","4":"has-post-thumbnail","6":"product_cat-comedy","7":"product_cat-events","8":"product_cat-haus-auensee","9":"product_cat-humor","10":"product_cat-leipzig","11":"product_cat-orte","12":"product_cat-ticket","13":"product_cat-veranstaltung","14":"product_tag-aber-suess","15":"product_tag-comedy","16":"product_tag-events","17":"product_tag-haus-auensee","18":"product_tag-kultur","19":"product_tag-leipzig","20":"product_tag-orte","21":"product_tag-senna-gammour","22":"product_tag-show","23":"product_tag-ticket","24":"product_tag-toxisch","25":"product_tag-toxisch-aber-suess","26":"product_tag-veranstaltung","27":"product_shipping_class-nur_paketversand","28":"pa_discount-ermaessigt","29":"pa_discount-inklusive-begleitperson","30":"pa_discount-kind","31":"pa_discount-normalpreis","32":"pa_preiskategorie-pk-i","33":"pa_preiskategorie-pk-ii","34":"pa_preiskategorie-pk-iii","35":"pa_preiskategorie-rollstuhlfahrer","37":"first","38":"outofstock","39":"taxable","40":"shipping-taxable","41":"purchasable","42":"product-type-variable"},"group_of_quantity":0,"min_quantity":0,"max_quantity":"","exclude_order_quantity_value_rules":"no","exclude_category_quantity_rules":"no","combine_variations":"no","acf":[],"_links":{"self":[{"href":"https:\/\/arena-ticket.com\/en\/wp-json\/wp\/v2\/product\/42890","targetHints":{"allow":["GET"]}}],"collection":[{"href":"https:\/\/arena-ticket.com\/en\/wp-json\/wp\/v2\/product"}],"about":[{"href":"https:\/\/arena-ticket.com\/en\/wp-json\/wp\/v2\/types\/product"}],"wp:featuredmedia":[{"embeddable":true,"href":"https:\/\/arena-ticket.com\/en\/wp-json\/wp\/v2\/media\/51576"}],"wp:attachment":[{"href":"https:\/\/arena-ticket.com\/en\/wp-json\/wp\/v2\/media?parent=42890"}],"wp:term":[{"taxonomy":"product_brand","embeddable":true,"href":"https:\/\/arena-ticket.com\/en\/wp-json\/wp\/v2\/product_brand?post=42890"},{"taxonomy":"product_cat","embeddable":true,"href":"https:\/\/arena-ticket.com\/en\/wp-json\/wp\/v2\/product_cat?post=42890"},{"taxonomy":"product_tag","embeddable":true,"href":"https:\/\/arena-ticket.com\/en\/wp-json\/wp\/v2\/product_tag?post=42890"}],"curies":[{"name":"wp","href":"https:\/\/api.w.org\/{rel}","templated":true}]}}