{"id":42903,"date":"2025-06-12T16:52:20","date_gmt":"2025-06-12T14:52:20","guid":{"rendered":"https:\/\/arena-ticket.com\/?p=42903&#038;post_type=product&#038;preview_id=42903"},"modified":"2025-11-21T08:27:12","modified_gmt":"2025-11-21T07:27:12","slug":"slaughter-to-prevail-the-grizzly-winter-tour-2026-leipzig-haus-auensee-07-02-2026-1900-uhr","status":"publish","type":"product","link":"https:\/\/arena-ticket.com\/en\/product\/slaughter-to-prevail-the-grizzly-winter-tour-2026-leipzig-haus-auensee-07-02-2026-1900-uhr\/","title":{"rendered":"SLAUGHTER TO PREVAIL  - The Grizzly Winter Tour 2026"},"content":{"rendered":"<p>Support: Dying Fetus &amp; Suicide Silence<\/p>\n<p>&nbsp;<\/p>\n<p>Mit ihrem aggressiven Deathcore-Sound, bedrohlich aussehenden Masken und dem Badass-Image ihres S\u00e4ngers Alex Terrible geh\u00f6ren Slaughter To Prevail zur Speerspitze des modernen Extreme Metals. Gleicherma\u00dfen ber\u00fchmt wie ber\u00fcchtigt sorgt die Band l\u00e4ngst weltweit f\u00fcr Furore und liefert mit Songs wie \u201eDemolisher\u201c, \u201eBaba Yaga\u201c und\u201eBonebreaker\u201c von ihrem Album \u201eKostolom\u201c (2019) wahre Hits des modernen Deathcore-Genres. Im Sommer 2025 ver\u00f6ffentlichen Slaughter To Prevail ihr langerwartetes, drittes Album \u201eGrizzly\u201c, das die Popularit\u00e4t der Band zweifelsfrei weiter hochskalieren wird. Auf ihrer The Grizzly Winter Tour 2026 kommen Slaughter To Prevail im Januar und Februar 2026 auf ihrer bis dato gr\u00f6\u00dften Headline-Tour nach Berlin, Hamburg, Frankfurt, M\u00fcnchen und Leipzig.<\/p>\n<p>Slaughter To Prevail gr\u00fcndeten sich 2014 aus Aleksandr Shikolay aka Alex Terrible, der sich zuvor online eine gro\u00dfe Fanbase ausbaute und britischen Gitarristen Jack Simmons (Acrania) mit drei weiteren Mitgliedern im russischen Jekaterinburg. 2015 erschien ihre Deb\u00fct-EP \u201eChapters Of Misery\u201c, die 2016 bei Sumerian Records re-released wurde und mit \u201eHell\u201c den ersten Erfolgstrack der Band beinhaltete. 2017 folgte das Deb\u00fctalbum \u201eMisery Sermon\u201c, das Slaughter To Prevail mit Tracks wie \u201e666\u201c, \u201eKing\u201c und \u201eChronic Slaughter\u201c innerhalb der Deathcore-Szene weiter wachsen lie\u00df. Mit ihrem zweiten Album \u201eKostolom\u201c erreichte die Band erstmalig die deutschen Albumcharts und landete auf Platz 30. Songs wie \u201eDemolisher\u201c, \u201eBaba Yaga\u201c, \u201eBratva\u201c und \u201eBonebreaker\u201c brachen die bisherigen Rekorde der Band, lie\u00dfen sie international auch \u00fcber ihre eigene Szene hinaus durchbrechen und zu einem Flaggschiff des modernen Deathcores werden. 2022 zog die Band aus politischen Gr\u00fcnden nach Orlando, Florida um, da sich Mitglieder der Band kritisch der russischen Regierung gegen\u00fcber sowie dem \u00dcberfall auf die Ukraine \u00e4u\u00dferten und die Band Konsequenzen f\u00fcrchtete. Im selben Jahr erschien der Track \u201e1984\u201c, als Protest auf den Krieg und die russische Regierung. Nach dem Livealbum \u201eLive in Moscow\u201c (2023) und der Single \u201eVIKING\u201c ver\u00f6ffentlichten Slaughter To Prevail 2024 die Singles \u201eConflict\u201c, \u201eKid Of Darkness\u201c und \u201eBehelit\u201c. Anfang 2025 folgten die Singles \u201eRussian Grizzly In America\u201c und \u201eSong 3\u201c, auf dem die Band mit Babymetal kollaborierte. Am 18. Juli erscheint \u201eGrizzly\u201c als drittes Album der Band. Neben den bereits ver\u00f6ffentlichten Singles verspricht das Album mit dem Song \u201eImDead\u201c feat. Ronnie Radke (Falling In Reverse) ein weiteres Highlight.<\/p>","protected":false},"excerpt":{"rendered":"<p>Secure your tickets!<\/p>","protected":false},"featured_media":55298,"template":"","meta":{"_acf_changed":false,"inline_featured_image":false},"product_brand":[],"product_cat":[31,344,69,86,6736,35,21,58],"product_tag":[941,962,942,943,944,5826,5827,947,948],"class_list":{"0":"post-42903","1":"product","2":"type-product","3":"status-publish","4":"has-post-thumbnail","6":"product_cat-events","7":"product_cat-haus-auensee","8":"product_cat-konzert","9":"product_cat-leipzig","10":"product_cat-metal-metalcore","11":"product_cat-orte","12":"product_cat-ticket","13":"product_cat-veranstaltung","14":"product_tag-events","15":"product_tag-haus-auensee","16":"product_tag-konzert","17":"product_tag-leipzig","18":"product_tag-orte","19":"product_tag-slaughter-to-prevail","20":"product_tag-the-grizzly-winter-tour-2026","21":"product_tag-ticket","22":"product_tag-veranstaltung","23":"product_shipping_class-nur_paketversand","24":"pa_discount-normalpreis","25":"pa_preiskategorie-stehplatz","27":"first","28":"outofstock","29":"taxable","30":"shipping-taxable","31":"purchasable","32":"product-type-variable","33":"has-default-attributes"},"group_of_quantity":0,"min_quantity":0,"max_quantity":"","exclude_order_quantity_value_rules":"no","exclude_category_quantity_rules":"no","combine_variations":"no","acf":[],"_links":{"self":[{"href":"https:\/\/arena-ticket.com\/en\/wp-json\/wp\/v2\/product\/42903","targetHints":{"allow":["GET"]}}],"collection":[{"href":"https:\/\/arena-ticket.com\/en\/wp-json\/wp\/v2\/product"}],"about":[{"href":"https:\/\/arena-ticket.com\/en\/wp-json\/wp\/v2\/types\/product"}],"wp:featuredmedia":[{"embeddable":true,"href":"https:\/\/arena-ticket.com\/en\/wp-json\/wp\/v2\/media\/55298"}],"wp:attachment":[{"href":"https:\/\/arena-ticket.com\/en\/wp-json\/wp\/v2\/media?parent=42903"}],"wp:term":[{"taxonomy":"product_brand","embeddable":true,"href":"https:\/\/arena-ticket.com\/en\/wp-json\/wp\/v2\/product_brand?post=42903"},{"taxonomy":"product_cat","embeddable":true,"href":"https:\/\/arena-ticket.com\/en\/wp-json\/wp\/v2\/product_cat?post=42903"},{"taxonomy":"product_tag","embeddable":true,"href":"https:\/\/arena-ticket.com\/en\/wp-json\/wp\/v2\/product_tag?post=42903"}],"curies":[{"name":"wp","href":"https:\/\/api.w.org\/{rel}","templated":true}]}}