{"id":42932,"date":"2025-06-13T15:12:35","date_gmt":"2025-06-13T13:12:35","guid":{"rendered":"https:\/\/arena-ticket.com\/?p=42932&#038;post_type=product&#038;preview_id=42932"},"modified":"2025-09-02T14:18:50","modified_gmt":"2025-09-02T12:18:50","slug":"feine-sahne-fischfilet-wir-kommen-in-freden-leipzig-haus-auensee-03-12-2025-1930-uhr","status":"publish","type":"product","link":"https:\/\/arena-ticket.com\/en\/product\/feine-sahne-fischfilet-wir-kommen-in-freden-leipzig-haus-auensee-03-12-2025-1930-uhr\/","title":{"rendered":"FEINE SAHNE FISCHFILET  - WIR KOMMEN IN FR!EDEN"},"content":{"rendered":"<p>Feine Sahne Fischfilet geh\u00f6ren in diesem Sommer zu den Acts der Stunde: Gerade ist es ihnen erstmals in ihrer Bandgeschichte gelungen, ein Album auf Platz eins der deutschen Charts zu bringen. Am vergangenen Wochenende z\u00e4hlten sie zudem zu den gro\u00dfen Abr\u00e4umern bei den Zwillingsfestivals Rock am Ring und Rock im Park.<br \/>\nZur Freude ihrer Fans k\u00fcndigen die f\u00fcnf Musiker aus der vorpommerschen Provinz nun endlich die lange erwartete Tournee zum neuen Album an: Unter dem Motto \u201eWIR KOMMEN IN FRIEDEN\u201c \u2013 WINTER 2025 geht es ab dem 18. November auf eine ausgedehnte Konzertreise durch Tschechien, \u00d6sterreich, die Schweiz und Deutschland.<br \/>\n17 St\u00e4dte d\u00fcrfen sich auf das Live-Spektakel einer der mitrei\u00dfendsten Bands der Gegenwart freuen, bevor es am 22. Dezember zum weihnachtlichen Tourfinale mit Bescherung in Berlin kommt.<\/p>","protected":false},"excerpt":{"rendered":"<p>Secure your tickets!<\/p>","protected":false},"featured_media":42936,"template":"","meta":{"_acf_changed":false,"inline_featured_image":false},"product_brand":[],"product_cat":[31,344,69,86,35,6745,21,58],"product_tag":[941,5828,962,942,943,944,947,948,5829],"class_list":{"0":"post-42932","1":"product","2":"type-product","3":"status-publish","4":"has-post-thumbnail","6":"product_cat-events","7":"product_cat-haus-auensee","8":"product_cat-konzert","9":"product_cat-leipzig","10":"product_cat-orte","11":"product_cat-punk-punkrock","12":"product_cat-ticket","13":"product_cat-veranstaltung","14":"product_tag-events","15":"product_tag-feine-sahne-fischfilet","16":"product_tag-haus-auensee","17":"product_tag-konzert","18":"product_tag-leipzig","19":"product_tag-orte","20":"product_tag-ticket","21":"product_tag-veranstaltung","22":"product_tag-wir-kommen-in-freden","23":"product_shipping_class-nur_paketversand","24":"pa_discount-normalpreis","25":"pa_preiskategorie-stehplatz","27":"first","28":"outofstock","29":"taxable","30":"shipping-taxable","31":"purchasable","32":"product-type-variable","33":"has-default-attributes"},"group_of_quantity":0,"min_quantity":0,"max_quantity":"","exclude_order_quantity_value_rules":"no","exclude_category_quantity_rules":"no","combine_variations":"no","acf":[],"_links":{"self":[{"href":"https:\/\/arena-ticket.com\/en\/wp-json\/wp\/v2\/product\/42932","targetHints":{"allow":["GET"]}}],"collection":[{"href":"https:\/\/arena-ticket.com\/en\/wp-json\/wp\/v2\/product"}],"about":[{"href":"https:\/\/arena-ticket.com\/en\/wp-json\/wp\/v2\/types\/product"}],"wp:featuredmedia":[{"embeddable":true,"href":"https:\/\/arena-ticket.com\/en\/wp-json\/wp\/v2\/media\/42936"}],"wp:attachment":[{"href":"https:\/\/arena-ticket.com\/en\/wp-json\/wp\/v2\/media?parent=42932"}],"wp:term":[{"taxonomy":"product_brand","embeddable":true,"href":"https:\/\/arena-ticket.com\/en\/wp-json\/wp\/v2\/product_brand?post=42932"},{"taxonomy":"product_cat","embeddable":true,"href":"https:\/\/arena-ticket.com\/en\/wp-json\/wp\/v2\/product_cat?post=42932"},{"taxonomy":"product_tag","embeddable":true,"href":"https:\/\/arena-ticket.com\/en\/wp-json\/wp\/v2\/product_tag?post=42932"}],"curies":[{"name":"wp","href":"https:\/\/api.w.org\/{rel}","templated":true}]}}