{"id":42940,"date":"2025-06-13T15:25:35","date_gmt":"2025-06-13T13:25:35","guid":{"rendered":"https:\/\/arena-ticket.com\/?p=42940&#038;post_type=product&#038;preview_id=42940"},"modified":"2025-11-07T10:26:08","modified_gmt":"2025-11-07T09:26:08","slug":"sky-du-mont-ich-freu-mich-schon-auf-morgen-galahalle-globana-village-muenchener-ring-2-04435-schkeuditz-12-12-2025-1900-uhr-lesung","status":"publish","type":"product","link":"https:\/\/arena-ticket.com\/en\/product\/sky-du-mont-ich-freu-mich-schon-auf-morgen-galahalle-globana-village-muenchener-ring-2-04435-schkeuditz-12-12-2025-1900-uhr-lesung\/","title":{"rendered":"Sky du Mont  - Ich freu mich schon auf Morgen"},"content":{"rendered":"<p>Zum Gl\u00fcck wird es, wie es nie war<\/p>\n<p>Fr\u00fcher war bekanntlich alles besser, richtig? Nein, nat\u00fcrlich nicht. Wenn Sky du Mont mit Freunden seines Alters zusammensitzt, bekommt das Gespr\u00e4ch oft eine nostalgische Note.<\/p>\n<p>Ja, die Welt ist kompliziert geworden.<\/p>\n<p>Klimawandel, politische Weltlage und die Nationalmannschaft geben uns zudenken. Das Leben hat sich so beschleunigt, dass einem manchmal ist, als w\u00fcrde man aus der Kurve fliegen. Aber man kann die Welt auch ganz anders betrachten! Und das macht Sky du Mont. Er blickt positiv in die Welt und sieht auch all das Gute, was da noch auf uns zukommt. Und was gibt es Sch\u00f6neres, als noch ein bisschen Zukunft ins eigene Leben zulassen?<\/p>","protected":false},"excerpt":{"rendered":"<p>Galahalle \/ Globana Village | M\u00fcnchener Ring 2 | 04435 SCHKEUDITZ<\/p>","protected":false},"featured_media":54108,"template":"","meta":{"_acf_changed":false,"inline_featured_image":false},"product_brand":[],"product_cat":[31,4714,922,86,35,476,6772,21,58],"product_tag":[941,5836,5835,951,943,944,964,5834,947,948],"class_list":{"0":"post-42940","1":"product","2":"type-product","3":"status-publish","4":"has-post-thumbnail","6":"product_cat-events","7":"product_cat-flughafen-leipzig-halle","8":"product_cat-kultur","9":"product_cat-leipzig","10":"product_cat-orte","11":"product_cat-peterskirche","12":"product_cat-sonstiges_kultur","13":"product_cat-ticket","14":"product_cat-veranstaltung","15":"product_tag-events","16":"product_tag-flughafen-leipzig-halle","17":"product_tag-ich-freu-mich-schon-auf-morgen","18":"product_tag-kultur","19":"product_tag-leipzig","20":"product_tag-orte","21":"product_tag-peterskirche","22":"product_tag-sky-du-mont","23":"product_tag-ticket","24":"product_tag-veranstaltung","25":"product_shipping_class-nur_paketversand","26":"pa_discount-inklusive-begleitperson","27":"pa_discount-kind-bis-14-jahre","28":"pa_discount-normalpreis","29":"pa_preiskategorie-freie-platzwahl","30":"pa_preiskategorie-schwerbeschaedigt","32":"first","33":"instock","34":"taxable","35":"shipping-taxable","36":"purchasable","37":"product-type-variable"},"group_of_quantity":0,"min_quantity":0,"max_quantity":"","exclude_order_quantity_value_rules":"no","exclude_category_quantity_rules":"no","combine_variations":"no","acf":[],"_links":{"self":[{"href":"https:\/\/arena-ticket.com\/en\/wp-json\/wp\/v2\/product\/42940","targetHints":{"allow":["GET"]}}],"collection":[{"href":"https:\/\/arena-ticket.com\/en\/wp-json\/wp\/v2\/product"}],"about":[{"href":"https:\/\/arena-ticket.com\/en\/wp-json\/wp\/v2\/types\/product"}],"wp:featuredmedia":[{"embeddable":true,"href":"https:\/\/arena-ticket.com\/en\/wp-json\/wp\/v2\/media\/54108"}],"wp:attachment":[{"href":"https:\/\/arena-ticket.com\/en\/wp-json\/wp\/v2\/media?parent=42940"}],"wp:term":[{"taxonomy":"product_brand","embeddable":true,"href":"https:\/\/arena-ticket.com\/en\/wp-json\/wp\/v2\/product_brand?post=42940"},{"taxonomy":"product_cat","embeddable":true,"href":"https:\/\/arena-ticket.com\/en\/wp-json\/wp\/v2\/product_cat?post=42940"},{"taxonomy":"product_tag","embeddable":true,"href":"https:\/\/arena-ticket.com\/en\/wp-json\/wp\/v2\/product_tag?post=42940"}],"curies":[{"name":"wp","href":"https:\/\/api.w.org\/{rel}","templated":true}]}}