{"id":42945,"date":"2025-06-13T15:58:21","date_gmt":"2025-06-13T13:58:21","guid":{"rendered":"https:\/\/arena-ticket.com\/?p=42945&#038;post_type=product&#038;preview_id=42945"},"modified":"2025-11-25T10:30:55","modified_gmt":"2025-11-25T09:30:55","slug":"emil-bulls-x-mas-bash-tour-2025-taeubchenthal-leipzig-29-11-2025-1925-uhr","status":"publish","type":"product","link":"https:\/\/arena-ticket.com\/en\/product\/emil-bulls-x-mas-bash-tour-2025-taeubchenthal-leipzig-29-11-2025-1925-uhr\/","title":{"rendered":"Emil Bulls - X-Mas Bash Tour 2025"},"content":{"rendered":"<div class=\"ce_text event__text\">\n<p>&nbsp;<\/p>\n<p>EMIL BULLS und der X-Mas Bash \u2013 eine explosive Mischung, die einfach zusammengeh\u00f6rt. Jedes Jahr rund um die Weihnachtszeit bringen die Jungs um Christoph von Freydorf die B\u00fchnen zum Beben und sorgen f\u00fcr eine Nacht, die alles andere als ruhig ist.<\/p>\n<p>Nach dem gro\u00dfen Erfolg der letzten Jahre setzen die M\u00fcnchner 2025 noch einen drauf: Der X-Mas Bash geht wieder auf gro\u00dfe Deutschland-Tour! Dieses Mal mit acht kraftvollen Shows, die das Jahr mit einem gewaltigen Knall verabschieden werden. Und das Beste: Die aufstrebende Newcomer-Band VINTA wird das Publikum direkt auf Betriebstemperatur bringen. Zudem gibt es einen zus\u00e4tzlichen Special Guest, der garantiert f\u00fcr weitere \u00dcberraschungen sorgen wird \u2013 seid gespannt!<\/p>\n<\/div>\n<div class=\"event__infoMsc\">\n<div class=\"ce_text block\">\n<h3><\/h3>\n<\/div>\n<\/div>","protected":false},"excerpt":{"rendered":"<p>Die Emil Bulls lassen es zum Jahresende nochmal ordentlich krachen \u2013 Der legend\u00e4re X-Mas Bash geht auf Deutschland-Tour! Jetzt Tickets f\u00fcr den Abend im Leipziger T\u00e4ubchenthal sichern!<\/p>","protected":false},"featured_media":55816,"template":"","meta":{"_acf_changed":false,"inline_featured_image":false},"product_brand":[],"product_cat":[31,69,86,35,6745,499,21,58,6581],"product_tag":[3042,941,942,943,944,967,947,948,2048,5837],"class_list":{"0":"post-42945","1":"product","2":"type-product","3":"status-publish","4":"has-post-thumbnail","6":"product_cat-events","7":"product_cat-konzert","8":"product_cat-leipzig","9":"product_cat-orte","10":"product_cat-punk-punkrock","11":"product_cat-taeubchenthal","12":"product_cat-ticket","13":"product_cat-veranstaltung","14":"product_cat-weihnachten","15":"product_tag-emil-bulls","16":"product_tag-events","17":"product_tag-konzert","18":"product_tag-leipzig","19":"product_tag-orte","20":"product_tag-taeubchenthal","21":"product_tag-ticket","22":"product_tag-veranstaltung","23":"product_tag-weihnachten","24":"product_tag-x-mas-bash-tour-2025","25":"product_shipping_class-nur_paketversand","26":"pa_discount-normalpreis","27":"pa_preiskategorie-stehplatz","29":"first","30":"instock","31":"taxable","32":"shipping-taxable","33":"purchasable","34":"product-type-variable"},"group_of_quantity":0,"min_quantity":0,"max_quantity":"","exclude_order_quantity_value_rules":"no","exclude_category_quantity_rules":"no","combine_variations":"no","acf":[],"_links":{"self":[{"href":"https:\/\/arena-ticket.com\/en\/wp-json\/wp\/v2\/product\/42945","targetHints":{"allow":["GET"]}}],"collection":[{"href":"https:\/\/arena-ticket.com\/en\/wp-json\/wp\/v2\/product"}],"about":[{"href":"https:\/\/arena-ticket.com\/en\/wp-json\/wp\/v2\/types\/product"}],"wp:featuredmedia":[{"embeddable":true,"href":"https:\/\/arena-ticket.com\/en\/wp-json\/wp\/v2\/media\/55816"}],"wp:attachment":[{"href":"https:\/\/arena-ticket.com\/en\/wp-json\/wp\/v2\/media?parent=42945"}],"wp:term":[{"taxonomy":"product_brand","embeddable":true,"href":"https:\/\/arena-ticket.com\/en\/wp-json\/wp\/v2\/product_brand?post=42945"},{"taxonomy":"product_cat","embeddable":true,"href":"https:\/\/arena-ticket.com\/en\/wp-json\/wp\/v2\/product_cat?post=42945"},{"taxonomy":"product_tag","embeddable":true,"href":"https:\/\/arena-ticket.com\/en\/wp-json\/wp\/v2\/product_tag?post=42945"}],"curies":[{"name":"wp","href":"https:\/\/api.w.org\/{rel}","templated":true}]}}