{"id":42982,"date":"2025-06-14T13:18:38","date_gmt":"2025-06-14T11:18:38","guid":{"rendered":"https:\/\/arena-ticket.com\/?p=42982&#038;post_type=product&#038;preview_id=42982"},"modified":"2026-01-09T13:01:38","modified_gmt":"2026-01-09T12:01:38","slug":"game-of-thrones-house-of-the-dragon-das-konzert-chemnitz-stadthalle-24-01-2026-2000-uhr","status":"publish","type":"product","link":"https:\/\/arena-ticket.com\/en\/product\/game-of-thrones-house-of-the-dragon-das-konzert-chemnitz-stadthalle-24-01-2026-2000-uhr\/","title":{"rendered":"Game of Thrones &amp; House of the Dragon  - Das Konzert"},"content":{"rendered":"<div class=\"event-teaser__short-description | js-event-teaser-short-description\">\n<div class=\"event-teaser__price-info | text-highlight text-highlight--alternative | h-no-margin-bottom-for-last-child | js-event-teaser-details-level-1\">\n<p style=\"font-weight: 400\">Fantasy fans can look forward to an absolute show highlight: Highlight Concerts and the Concertb\u00fcro Zahlmann are bringing the highlights from &quot;Game of Thrones&quot; and the follow-up series &quot;House of the Dragon&quot; to the stage for the first time! While &quot;Game of Thrones&quot; has enjoyed great popularity for years and has already toured the concert halls of Germany, the combination with the spin-off series &quot;House of the Dragon&quot;, which has been running since 2022, is a unique show experience.<\/p>\n<p style=\"font-weight: 400\">W\u00e4hrend \u201eGame of Thrones\u201c mit seiner packenden Geschichte rund um den Hauptcharakter Jon Snow seit 2011 weltweit s\u00e4mtliche Rekorde brach, so erfreut sich auch das Spin-Off \u201eHouse of the Dragon\u201c immenser Popularit\u00e4t. Die Serie spielt rund 200 Jahre bevor Jon Snow und die Familie Stark von der Gefahr der Wei\u00dfen Wanderer erfahren. Wie der Name schon andeutet, steht bei \u201eHouse of the Dragon\u201c die Familie Targaryen mit ihren Drachen im Vordergrund. In mittlerweile bereits zwei Staffeln wird ebenso packend wie in der Hauptserie die Herkunft von Publikumsliebling Daenerys Targaryen und ihrer Familie erz\u00e4hlt \u2013 nat\u00fcrlich stets untermalt von epischen Sound.<\/p>\n<p style=\"font-weight: 400\">Spektakul\u00e4re Licht- und Leinwand-Animationen runden den perfekten Konzertabend ab und entf\u00fchren das Publikum in die Welt der Familien Stark, Lennister und Targaryen. Freuen Sie sich auf eine mitrei\u00dfende wie intensive musikalische und visuelle Erfahrung, die Sie begeistern wird.<\/p>\n<\/div>\n<\/div>","protected":false},"excerpt":{"rendered":"<p>Secure your tickets!<\/p>\n<p>&nbsp;<\/p>","protected":false},"featured_media":54132,"template":"","meta":{"_acf_changed":false,"inline_featured_image":false},"product_brand":[],"product_cat":[103,31,6744,69,35,494,21,58],"product_tag":[992,5838,941,4889,942,944,3031,947,948],"class_list":{"0":"post-42982","1":"product","2":"type-product","3":"status-publish","4":"has-post-thumbnail","6":"product_cat-chemnitz","7":"product_cat-events","8":"product_cat-filmmusik","9":"product_cat-konzert","10":"product_cat-orte","11":"product_cat-stadthalle-chemnitz","12":"product_cat-ticket","13":"product_cat-veranstaltung","14":"product_tag-chemnitz","15":"product_tag-das-konzert","16":"product_tag-events","17":"product_tag-game-of-thrones-house-of-the-dragon","18":"product_tag-konzert","19":"product_tag-orte","20":"product_tag-stadthalle-chemnitz","21":"product_tag-ticket","22":"product_tag-veranstaltung","23":"product_shipping_class-nur_paketversand","24":"pa_discount-ermaessigt","25":"pa_discount-normalpreis","26":"pa_discount-rentner","27":"pa_preiskategorie-pk-i","28":"pa_preiskategorie-pk-ii","29":"pa_preiskategorie-pk-iii","30":"pa_preiskategorie-pk-iv","31":"pa_preiskategorie-pk-v","33":"first","34":"instock","35":"taxable","36":"shipping-taxable","37":"purchasable","38":"product-type-variable"},"group_of_quantity":0,"min_quantity":0,"max_quantity":"","exclude_order_quantity_value_rules":"no","exclude_category_quantity_rules":"no","combine_variations":"no","acf":[],"_links":{"self":[{"href":"https:\/\/arena-ticket.com\/en\/wp-json\/wp\/v2\/product\/42982","targetHints":{"allow":["GET"]}}],"collection":[{"href":"https:\/\/arena-ticket.com\/en\/wp-json\/wp\/v2\/product"}],"about":[{"href":"https:\/\/arena-ticket.com\/en\/wp-json\/wp\/v2\/types\/product"}],"wp:featuredmedia":[{"embeddable":true,"href":"https:\/\/arena-ticket.com\/en\/wp-json\/wp\/v2\/media\/54132"}],"wp:attachment":[{"href":"https:\/\/arena-ticket.com\/en\/wp-json\/wp\/v2\/media?parent=42982"}],"wp:term":[{"taxonomy":"product_brand","embeddable":true,"href":"https:\/\/arena-ticket.com\/en\/wp-json\/wp\/v2\/product_brand?post=42982"},{"taxonomy":"product_cat","embeddable":true,"href":"https:\/\/arena-ticket.com\/en\/wp-json\/wp\/v2\/product_cat?post=42982"},{"taxonomy":"product_tag","embeddable":true,"href":"https:\/\/arena-ticket.com\/en\/wp-json\/wp\/v2\/product_tag?post=42982"}],"curies":[{"name":"wp","href":"https:\/\/api.w.org\/{rel}","templated":true}]}}