{"id":42988,"date":"2025-06-14T14:10:38","date_gmt":"2025-06-14T12:10:38","guid":{"rendered":"https:\/\/arena-ticket.com\/?p=42988&#038;post_type=product&#038;preview_id=42988"},"modified":"2025-11-25T10:30:52","modified_gmt":"2025-11-25T09:30:52","slug":"9-bergmannsweihnacht-des-saechsischen-landesverbandes-der-bergmanns-huetten-und-knappenvereine-e-v-gewandhaus-leipzig-20-12-2025-1200-uhr","status":"publish","type":"product","link":"https:\/\/arena-ticket.com\/en\/product\/9-bergmannsweihnacht-des-saechsischen-landesverbandes-der-bergmanns-huetten-und-knappenvereine-e-v-gewandhaus-leipzig-20-12-2025-1200-uhr\/","title":{"rendered":"9. Bergmannsweihnacht - des S\u00e4chsischen Landesverbandes der Bergmanns-, H\u00fctten- und Knappenvereine e. V"},"content":{"rendered":"<p>&nbsp;<\/p>\n<p>&nbsp;<\/p>\n<p>Sichern Sie sich Ihre Tickets f\u00fcr die 9. Bergmannsweihnacht des S\u00e4chsischen Landesverbandes der Bergmanns-, H\u00fctten- und Knappenvereine e. V !<\/p>","protected":false},"excerpt":{"rendered":"<p>&nbsp;<\/p>\n<p>Die Bergmannsweihnacht findet bereits zum neunten mal im Gro\u00dfen Saal des Gewandhauses zu Leipzig statt - sichern Sie sich jetzt Ihre Tickets!<\/p>","protected":false},"featured_media":55814,"template":"","meta":{"_acf_changed":false,"inline_featured_image":false},"product_brand":[],"product_cat":[31,345,936,69,86,35,6749,21,58,6581],"product_tag":[5839,5840,941,956,2832,957,942,943,944,947,948,2048],"class_list":{"0":"post-42988","1":"product","2":"type-product","3":"status-publish","4":"has-post-thumbnail","6":"product_cat-events","7":"product_cat-gewandhaus","8":"product_cat-grosser-saal","9":"product_cat-konzert","10":"product_cat-leipzig","11":"product_cat-orte","12":"product_cat-sonstiges_konzert","13":"product_cat-ticket","14":"product_cat-veranstaltung","15":"product_cat-weihnachten","16":"product_tag-9-bergmannsweihnacht","17":"product_tag-des-saechsischen-landesverbandes-der-bergmanns-huetten-und-knappenvereine-e-v","18":"product_tag-events","19":"product_tag-gewandhaus","20":"product_tag-gewandhaus-grosser-saal","21":"product_tag-grosser-saal","22":"product_tag-konzert","23":"product_tag-leipzig","24":"product_tag-orte","25":"product_tag-ticket","26":"product_tag-veranstaltung","27":"product_tag-weihnachten","28":"product_shipping_class-nur_paketversand","29":"pa_discount-ermaessigt","30":"pa_discount-normalpreis","31":"pa_discount-rentner","32":"pa_preiskategorie-pk-i","33":"pa_preiskategorie-pk-ii","34":"pa_preiskategorie-pk-iii","35":"pa_preiskategorie-pk-iv","36":"pa_preiskategorie-pk-v","37":"pa_preiskategorie-premium-sitzplatz","39":"first","40":"instock","41":"taxable","42":"shipping-taxable","43":"purchasable","44":"product-type-variable"},"group_of_quantity":0,"min_quantity":0,"max_quantity":"","exclude_order_quantity_value_rules":"no","exclude_category_quantity_rules":"no","combine_variations":"no","acf":[],"_links":{"self":[{"href":"https:\/\/arena-ticket.com\/en\/wp-json\/wp\/v2\/product\/42988","targetHints":{"allow":["GET"]}}],"collection":[{"href":"https:\/\/arena-ticket.com\/en\/wp-json\/wp\/v2\/product"}],"about":[{"href":"https:\/\/arena-ticket.com\/en\/wp-json\/wp\/v2\/types\/product"}],"wp:featuredmedia":[{"embeddable":true,"href":"https:\/\/arena-ticket.com\/en\/wp-json\/wp\/v2\/media\/55814"}],"wp:attachment":[{"href":"https:\/\/arena-ticket.com\/en\/wp-json\/wp\/v2\/media?parent=42988"}],"wp:term":[{"taxonomy":"product_brand","embeddable":true,"href":"https:\/\/arena-ticket.com\/en\/wp-json\/wp\/v2\/product_brand?post=42988"},{"taxonomy":"product_cat","embeddable":true,"href":"https:\/\/arena-ticket.com\/en\/wp-json\/wp\/v2\/product_cat?post=42988"},{"taxonomy":"product_tag","embeddable":true,"href":"https:\/\/arena-ticket.com\/en\/wp-json\/wp\/v2\/product_tag?post=42988"}],"curies":[{"name":"wp","href":"https:\/\/api.w.org\/{rel}","templated":true}]}}