{"id":43012,"date":"2025-06-16T10:03:44","date_gmt":"2025-06-16T08:03:44","guid":{"rendered":"https:\/\/arena-ticket.com\/?p=43012&#038;post_type=product&#038;preview_id=43012"},"modified":"2025-06-16T10:06:21","modified_gmt":"2025-06-16T08:06:21","slug":"bosse-sommer-2025-marktplatz-weissenfels-22-08-2025-1930-uhr","status":"publish","type":"product","link":"https:\/\/arena-ticket.com\/en\/product\/bosse-sommer-2025-marktplatz-weissenfels-22-08-2025-1930-uhr\/","title":{"rendered":"BOSSE  - Sommer 2025"},"content":{"rendered":"<p>Niemand geht nur ein einziges Mal zu einem BOSSE-Konzert. Wer einmal erlebt hat, wie dieser Charismatiker auf der B\u00fchne arbeitet und den Menschen seine einzigartige Mischung aus Indie-Rock, Alternative und Pop entgegenschmettert, wie er bei Hits wie \u201eDer letzte Tanz\u201c oder \u201eSch\u00f6nste Zeit\u201c mit dem Publikum verschmilzt, wie er die Massen euphorisiert, der will das wieder erleben und m\u00f6glichst viele Freunde mitnehmen. Die leidenschaftlichen Live-Performances sind aber nur eine Seite des K\u00fcnstlers \u2013 die Basis daf\u00fcr schafft er mit seinen liebevoll ausgearbeiteten Alben, die klassisches Singer-Songwritertum in Richtung Pop und Indierock erweitern. Auf denen gie\u00dft er seine Gedanken in Songs, verdichtet komplexe Gef\u00fchle in einer Sprache, die nah am Leben ist, ausgestattet mit Refrains, die im Kopf bleiben, ohne ihn zu verkleben. Oft geht es darin um das \u00dcberwinden von Widerst\u00e4nden, ein positives Lebenskonzept trotz Selbstzweifeln und die Gewissheit, auch in miesen Zeiten nicht allein zu sein.<\/p>\n<p>Und er ist selbst das beste Beispiel daf\u00fcr, dass Aufgeben meistens die schlechteste Option ist.<\/p>\n<p>Sein langer Weg an die Spitze beginnt mit seiner Geburt 1980 im h\u00fcgeligen Umland von Braunschweig. Er manifestiert sich mit einer starken Musikzentrierung in der Kindheit und erf\u00e4hrt einen ersten H\u00f6hepunkt, als er noch zu Schulzeiten mit seiner Band einen Vertrag bei einer gro\u00dfen Plattenfirma abgreift. Der fr\u00fche Erfolg entpuppt sich allerdings als Blase, der Deal zerbricht, wie auch die Band, und Axel steht schnell wieder allein mit seinem Talent da.<\/p>\n<p>Jedoch ist eine seiner Kernqualit\u00e4ten sein unersch\u00fctterlicher Glaube an die eigenen F\u00e4higkeiten, seine Beharrlichkeit und sein Durchhalteverm\u00f6gen. Nichts in seiner Karriere ist BOSSE geschenkt worden, er war nie Teil eines Hypes, einer Castingshow oder einer Marketingkampagne, er hat einfach immer weiter gemacht und jedes Konzert gespielt, als ginge es um sein Leben \u2013 sei es vor zehn Zahlenden in einer Provinzkaschemme oder vor Zehntausenden auf einer Festival-Mainstage. Den Wendepunkt in seiner Karriere schafft 2009 das mit seinem letzten zusammengekratzten Geld und der Hilfe von Freunden produzierte Album \u201eTaxi\u201c, getrieben durch die Single \u201e3 Millionen\u201c, das erstmals in die Top 100 einsteigt. Pl\u00f6tzlich potenzieren sich die G\u00e4ste bei den Konzerten, BOSSEs legend\u00e4rer Ruf als Rampensau spricht sich herum und die Plattenfirmen stehen Schlange, um sich die Zusammenarbeit zu sichern.<\/p>\n<p>Von da an geht\u2019s nur noch nach oben: 2011 das Album \u201eWartesaal\u201c auf Platz 9 in den Charts, 2013 \u201eKraniche\u201c auf Platz 4, beide sp\u00e4ter mit Gold ausgezeichnet. Ab dann schafft es jedes Album mindestens in die Top 5, \u201eEngtanz\u201c und \u201eAlles ist jetzt\u201c auf die 1. Die Single \u201eSch\u00f6nste Zeit\u201c wird zur Hymne der Generation X und holt Platin, \u201eDer letzte Tanz\u201c dominiert wochenlang die TikTok-Charts.<\/p>\n<p>Parallel explodiert BOSSE als Live-Ereignis. Mehr als 700 Konzerte haben aus dem ohnehin hochmotivierten Performer Axel Bosse einen Entertainer und Bandleader im Stil eines Robbie Williams oder Bruce Springsteens gemacht, der sich zu jedem Moment bewusst ist, was seine vielk\u00f6pfige Band gerade macht, und trotzdem immer die Verbindung zum Publikum h\u00e4lt. BOSSE schafft es, auch bei Arena-Konzerten jede(n) Besucher(in) direkt anzusprechen und bei Clubshows eine Stimmung wie auf einer Privatparty zu erzeugen. Er erweckt universelle Gef\u00fchle f\u00fcr mehrere Generationen, r\u00fcttelt auf, tr\u00f6stet und motiviert mit seinem Optimismus. Den nutzt er stets auch f\u00fcr politische Arbeit. Sein Engagement f\u00fcr die Trinkwasser-Hilfsorganisation Viva Con Agua besteht seit Jahren, dazu kommt Unterst\u00fctzung f\u00fcr Hanseatic Help, Jamel rockt den F\u00f6rster, Dein Topf und nat\u00fcrlich immer eine stabile Haltung gegen jegliche rechte Tendenzen.<\/p>\n<p>BOSSE ist ein Star ohne All\u00fcren, nahbar, aber nicht allt\u00e4glich, schlau, aber nie verklausuliert, zug\u00e4nglich, aber nicht anbiedernd, und auch auf lange Sicht ohne Konkurrenz im Spannungsfeld zwischen Deutschpop und Indierock.<\/p>","protected":false},"excerpt":{"rendered":"<p>Secure your tickets!<\/p>","protected":false},"featured_media":41142,"template":"","meta":{"_acf_changed":false,"inline_featured_image":false},"product_brand":[],"product_cat":[31,69,3931,35,6733,21,58,2816],"product_tag":[1378,941,942,3933,944,4213,947,948,3826],"class_list":{"0":"post-43012","1":"product","2":"type-product","3":"status-publish","4":"has-post-thumbnail","6":"product_cat-events","7":"product_cat-konzert","8":"product_cat-marktplatz-weissenfels","9":"product_cat-orte","10":"product_cat-pop","11":"product_cat-ticket","12":"product_cat-veranstaltung","13":"product_cat-weissenfels","14":"product_tag-bosse","15":"product_tag-events","16":"product_tag-konzert","17":"product_tag-marktplatz-weissenfels","18":"product_tag-orte","19":"product_tag-sommer-2025","20":"product_tag-ticket","21":"product_tag-veranstaltung","22":"product_tag-weissenfels","23":"product_shipping_class-nur_paketversand","24":"pa_discount-normalpreis","25":"pa_preiskategorie-stehplatz","27":"first","28":"instock","29":"taxable","30":"shipping-taxable","31":"purchasable","32":"product-type-variable"},"group_of_quantity":0,"min_quantity":0,"max_quantity":"","exclude_order_quantity_value_rules":"no","exclude_category_quantity_rules":"no","combine_variations":"no","acf":[],"_links":{"self":[{"href":"https:\/\/arena-ticket.com\/en\/wp-json\/wp\/v2\/product\/43012","targetHints":{"allow":["GET"]}}],"collection":[{"href":"https:\/\/arena-ticket.com\/en\/wp-json\/wp\/v2\/product"}],"about":[{"href":"https:\/\/arena-ticket.com\/en\/wp-json\/wp\/v2\/types\/product"}],"wp:featuredmedia":[{"embeddable":true,"href":"https:\/\/arena-ticket.com\/en\/wp-json\/wp\/v2\/media\/41142"}],"wp:attachment":[{"href":"https:\/\/arena-ticket.com\/en\/wp-json\/wp\/v2\/media?parent=43012"}],"wp:term":[{"taxonomy":"product_brand","embeddable":true,"href":"https:\/\/arena-ticket.com\/en\/wp-json\/wp\/v2\/product_brand?post=43012"},{"taxonomy":"product_cat","embeddable":true,"href":"https:\/\/arena-ticket.com\/en\/wp-json\/wp\/v2\/product_cat?post=43012"},{"taxonomy":"product_tag","embeddable":true,"href":"https:\/\/arena-ticket.com\/en\/wp-json\/wp\/v2\/product_tag?post=43012"}],"curies":[{"name":"wp","href":"https:\/\/api.w.org\/{rel}","templated":true}]}}