{"id":43016,"date":"2025-06-16T10:12:48","date_gmt":"2025-06-16T08:12:48","guid":{"rendered":"https:\/\/arena-ticket.com\/?p=43016&#038;post_type=product&#038;preview_id=43016"},"modified":"2025-07-24T14:21:29","modified_gmt":"2025-07-24T12:21:29","slug":"kasalla-trone-konfetti-tour-2026-taeubchenthal-leipzig-27-04-2026-2000-uhr","status":"publish","type":"product","link":"https:\/\/arena-ticket.com\/en\/product\/kasalla-trone-konfetti-tour-2026-taeubchenthal-leipzig-27-04-2026-2000-uhr\/","title":{"rendered":"KASALLA  - Trone &amp; Konfetti Tour 2026"},"content":{"rendered":"<p>&nbsp;<\/p>\n<div class=\"container px-md-0 pt-4\">\n<div class=\"row\">\n<div class=\"col-12 mt-4\">\n<div class=\"h-100 rounded-3 p-3 bg-semi-transparent p-4\">\n<p>Die f\u00fcnf Jungs aus K\u00f6ln starten 2026 mit einer gro\u00dfen Tour und einem brandneuen Studioalbum in die n\u00e4chste Runde \u2013 und der Titel der Tour sagt alles: \u201eTrone &amp; Konfetti\u201c.<\/p>\n<p>Tr\u00e4nen und Konfetti \u2013 das ist das, was bleibt, wenn man mit dieser Band unterwegs war. Zwischen Stadion Moment und Clubschwei\u00df, zwischen k\u00f6lscher Melancholie und kollektiver Euphorie. Die neue Tour bringt genau dieses Gef\u00fchl auf die B\u00fchne: das pralle Leben, das Weinen vor Gl\u00fcck, das Mitsingen mit G\u00e4nsehaut.<\/p>\n<p>Und wie es sich f\u00fcr ein Jubil\u00e4um geh\u00f6rt, bringen Kasalla auch neues Material mit: Das insgesamt 6. Studioalbum geht mit auf Klassenfahrt im Fr\u00fchjahr, mit jeder Menge Herz, Energie und Geschichten, wie sie nur Kasalla erz\u00e4hlen kann.<\/p>\n<p>&nbsp;<\/p>\n<p>&nbsp;<\/p>\n<\/div>\n<\/div>\n<\/div>\n<\/div>\n<p>&nbsp;<\/p>\n<footer class=\"bg-semi-transparent\">\n<div class=\"container p-md-0 small\">\n<div class=\"py-5 border-bottom border-white border-opacity-25\">\n<div class=\"row\">\n<div class=\"col-12 col-sm-6 col-lg-3 mb-4 mb-md-0\">\n<address>\u00a0<\/address>\n<\/div>\n<\/div>\n<\/div>\n<\/div>\n<\/footer>","protected":false},"excerpt":{"rendered":"<p>Kasalla feiern Jubil\u00e4um \u2013 und zwar so, wie man es von ihnen kennt: laut, herzlich, emotional. Jetzt Tickets sichern!<\/p>","protected":false},"featured_media":43018,"template":"","meta":{"_acf_changed":false,"inline_featured_image":false},"product_brand":[],"product_cat":[31,69,86,35,6733,499,21,58],"product_tag":[941,5843,942,943,944,967,947,5844,948],"class_list":{"0":"post-43016","1":"product","2":"type-product","3":"status-publish","4":"has-post-thumbnail","6":"product_cat-events","7":"product_cat-konzert","8":"product_cat-leipzig","9":"product_cat-orte","10":"product_cat-pop","11":"product_cat-taeubchenthal","12":"product_cat-ticket","13":"product_cat-veranstaltung","14":"product_tag-events","15":"product_tag-kasalla","16":"product_tag-konzert","17":"product_tag-leipzig","18":"product_tag-orte","19":"product_tag-taeubchenthal","20":"product_tag-ticket","21":"product_tag-trone-konfetti-tour-2026","22":"product_tag-veranstaltung","23":"product_shipping_class-nur_paketversand","24":"pa_discount-normalpreis","25":"pa_preiskategorie-stehplatz","27":"first","28":"instock","29":"taxable","30":"shipping-taxable","31":"purchasable","32":"product-type-variable"},"group_of_quantity":0,"min_quantity":0,"max_quantity":"","exclude_order_quantity_value_rules":"no","exclude_category_quantity_rules":"no","combine_variations":"no","acf":[],"_links":{"self":[{"href":"https:\/\/arena-ticket.com\/en\/wp-json\/wp\/v2\/product\/43016","targetHints":{"allow":["GET"]}}],"collection":[{"href":"https:\/\/arena-ticket.com\/en\/wp-json\/wp\/v2\/product"}],"about":[{"href":"https:\/\/arena-ticket.com\/en\/wp-json\/wp\/v2\/types\/product"}],"wp:featuredmedia":[{"embeddable":true,"href":"https:\/\/arena-ticket.com\/en\/wp-json\/wp\/v2\/media\/43018"}],"wp:attachment":[{"href":"https:\/\/arena-ticket.com\/en\/wp-json\/wp\/v2\/media?parent=43016"}],"wp:term":[{"taxonomy":"product_brand","embeddable":true,"href":"https:\/\/arena-ticket.com\/en\/wp-json\/wp\/v2\/product_brand?post=43016"},{"taxonomy":"product_cat","embeddable":true,"href":"https:\/\/arena-ticket.com\/en\/wp-json\/wp\/v2\/product_cat?post=43016"},{"taxonomy":"product_tag","embeddable":true,"href":"https:\/\/arena-ticket.com\/en\/wp-json\/wp\/v2\/product_tag?post=43016"}],"curies":[{"name":"wp","href":"https:\/\/api.w.org\/{rel}","templated":true}]}}