{"id":43025,"date":"2025-06-16T12:52:41","date_gmt":"2025-06-16T10:52:41","guid":{"rendered":"https:\/\/arena-ticket.com\/?p=43025&#038;post_type=product&#038;preview_id=43025"},"modified":"2025-06-16T13:02:42","modified_gmt":"2025-06-16T11:02:42","slug":"luca-vasta-ti-voglio-bene-tour-2025-leipzig-naumanns-im-felsenkeller-06-09-2025-2000-uhr","status":"publish","type":"product","link":"https:\/\/arena-ticket.com\/en\/product\/luca-vasta-ti-voglio-bene-tour-2025-leipzig-naumanns-im-felsenkeller-06-09-2025-2000-uhr\/","title":{"rendered":"Luca Vasta  - Ti Voglio Bene Tour 2025"},"content":{"rendered":"<p>&nbsp;<\/p>\n<div class=\"event-meta\"><\/div>\n<div class=\"EventDetailsAbout__Text-sc-6411bf4-1 bNbath\">\n<div class=\"TruncatedMarkdown__Wrapper-sc-30f4de94-0 cEPNdr\">\n<div>LUCA VASTA ist eine vielseitige K\u00fcnstlerin: Musikerin, S\u00e4ngerin, Songschreiberin, Moderatorin und Content-Creatorin \u2013 all diese H\u00fcte tr\u00e4gt die in Berlin und Sizilien lebende charmante Renaissance-Donna. Trotz dieses beeindruckenden Buffets an Talenten ist die Musik die Leibspeise, die bei LUCA VASTA immer ganz oben steht \u2013 am liebsten mit italienischer Rezeptur.<\/div>\n<div><\/div>\n<div>Oder wie LUCA VASTA selbst sagt: \u201eIch mache Spaghetti Pop!\u201c Sie hat l\u00e4ngst ihre eigene Italo-Musikwelt erschaffen und mit ihrem eklektischen Pop zwischen akustischem Singer-Songwriter-Folk, 80er-Reminiszenzen und Strand-Disco sowie zwischen Sizilien und der deutschen Hauptstadt ihren ganz unverkennbaren Sound gefunden.<\/div>\n<div><\/div>\n<div>Nach \u201eAlba\u201c und \u201eStella\u201c hat LUCA VASTA 2024 mit \u201eLuna\u201c ein weiteres italienischsprachiges Album ver\u00f6ffentlicht. \u201eLuna\u201c, zusammen mit Produzent Philipp Steinke auf Sizilien aufgenommen, bezaubert mit zehn perlenden Songs auf Italienisch, die sich anf\u00fchlen wie der Gute-Laune-Soundtrack eines sonnigen Urlaubstags in Bella Italia.<\/div>\n<div><\/div>\n<div>Neben den musikalischen baci ist LUCA VASTA auch eine breit aufgestellte Advokatin italienischer Kultur und kulinarischer Expertise. Einblicke ins Dolce Vita und in die popkulturelle Seele Italiens teilt sie auf ihren Instagram- und TikTok-Kan\u00e4len und auch im Kochbuch \u201ePasta alla Vasta\u201c, das aus einer \u00e4u\u00dferst beliebten Insta-Musik-Kochsession entstand und dessen Nachfolger f\u00fcr Herbst 2025 schon in den Startl\u00f6chern steht. Seit 2017 produziert und hostet sie zudem die Berliner Musikshow \u201eLunedi Live\u201c, bei der sie illustre G\u00e4ste auf ihre B\u00fchne bittet \u2013 una Jam-Session auf Italienisch!<\/div>\n<div><\/div>\n<div>Es ist offensichtlich - die Halbsizilianerin teilt ihre (italienischen) Herzensangelegenheiten leidenschaftlich sparten\u00fcbergreifend. Von \u00fcberall holt sie ihre Fans zusammen mit der Einladung, sich mit LUCA VASTAs Songs den Tag zu versch\u00f6nern \u2013 und, besser noch, die zauberhaften Tracks live zu erleben.<\/div>\n<div><\/div>\n<div>2025 bietet sich dazu eine molto bene Gelegenheit, denn LUCA VASTA geht auf \u201eTi Voglio Bene\"-Tour - mit ihrer Band! Eine Combo, die LUCA VASTAs Songs mit Gitarre, Bass, Keys und Drums in organisch-mitrei\u00dfende Live-Arrangements verwandelt. Und weil man bei LUCA VASTA immer mit ein paar \u00dcberraschungen rechnen muss, wechselt das Quartett auf der B\u00fchne gern mal die Instrumente durch.<\/div>\n<div><\/div>\n<div>LUCA VASTA freut sich auf die anstehenden Dates: \u201eMeine Band lernt flei\u00dfig Italienisch, damit sie die Texte akzentfrei mitsingen k\u00f6nnen! Ansonsten gibt\u2019s viel gute Laune auf der B\u00fchne \u2013 mit Tanzen, Ch\u00f6ren und allem Drum und Dran. Wir spielen tolle Live-Versionen meiner Songs \u2013 und on top auch ein paar Italo-Klassiker wie Volare oder Caruso!\u201c<\/div>\n<\/div>\n<\/div>","protected":false},"excerpt":{"rendered":"<p>Get your tickets now!<\/p>","protected":false},"featured_media":43027,"template":"","meta":{"_acf_changed":false,"inline_featured_image":false},"product_brand":[],"product_cat":[31,69,86,451,35,6733,21,58],"product_tag":[941,942,943,5847,990,944,5848,947,948],"class_list":{"0":"post-43025","1":"product","2":"type-product","3":"status-publish","4":"has-post-thumbnail","6":"product_cat-events","7":"product_cat-konzert","8":"product_cat-leipzig","9":"product_cat-naumanns-im-felsenkeller","10":"product_cat-orte","11":"product_cat-pop","12":"product_cat-ticket","13":"product_cat-veranstaltung","14":"product_tag-events","15":"product_tag-konzert","16":"product_tag-leipzig","17":"product_tag-luca-vasta","18":"product_tag-naumanns-im-felsenkeller","19":"product_tag-orte","20":"product_tag-ti-voglio-bene-tour-2025","21":"product_tag-ticket","22":"product_tag-veranstaltung","23":"product_shipping_class-nur_paketversand","24":"pa_discount-normalpreis","25":"pa_preiskategorie-freie-platzwahl","27":"first","28":"instock","29":"taxable","30":"shipping-taxable","31":"purchasable","32":"product-type-variable","33":"has-default-attributes"},"group_of_quantity":0,"min_quantity":0,"max_quantity":"","exclude_order_quantity_value_rules":"no","exclude_category_quantity_rules":"no","combine_variations":"no","acf":[],"_links":{"self":[{"href":"https:\/\/arena-ticket.com\/en\/wp-json\/wp\/v2\/product\/43025","targetHints":{"allow":["GET"]}}],"collection":[{"href":"https:\/\/arena-ticket.com\/en\/wp-json\/wp\/v2\/product"}],"about":[{"href":"https:\/\/arena-ticket.com\/en\/wp-json\/wp\/v2\/types\/product"}],"wp:featuredmedia":[{"embeddable":true,"href":"https:\/\/arena-ticket.com\/en\/wp-json\/wp\/v2\/media\/43027"}],"wp:attachment":[{"href":"https:\/\/arena-ticket.com\/en\/wp-json\/wp\/v2\/media?parent=43025"}],"wp:term":[{"taxonomy":"product_brand","embeddable":true,"href":"https:\/\/arena-ticket.com\/en\/wp-json\/wp\/v2\/product_brand?post=43025"},{"taxonomy":"product_cat","embeddable":true,"href":"https:\/\/arena-ticket.com\/en\/wp-json\/wp\/v2\/product_cat?post=43025"},{"taxonomy":"product_tag","embeddable":true,"href":"https:\/\/arena-ticket.com\/en\/wp-json\/wp\/v2\/product_tag?post=43025"}],"curies":[{"name":"wp","href":"https:\/\/api.w.org\/{rel}","templated":true}]}}