{"id":43040,"date":"2025-06-16T15:53:47","date_gmt":"2025-06-16T13:53:47","guid":{"rendered":"https:\/\/arena-ticket.com\/?p=43040&#038;post_type=product&#038;preview_id=43040"},"modified":"2026-04-23T18:46:57","modified_gmt":"2026-04-23T16:46:57","slug":"michael-tsokos-i-phaenomen-forensik-quarterback-immobilien-arena-19-03-2027-2000-uhr","status":"publish","type":"product","link":"https:\/\/arena-ticket.com\/en\/product\/michael-tsokos-i-phaenomen-forensik-quarterback-immobilien-arena-19-03-2027-2000-uhr\/","title":{"rendered":"Michael Tsokos - Ph\u00e4nomen Forensik"},"content":{"rendered":"<p>PH\u00c4NOMEN FORENSIK \u2013 die spektakul\u00e4re Live Show und lange erwartete Fortsetzung des Mega-Erfolgs FASZINATION RECHTSMEDIZIN mit vielen neuen spannenden F\u00e4llen von<br \/>\nDeutschlands Rechtsmediziner Nr. 1: Prof. Dr. Michael Tsokos.<\/p>\n<p>Prof. Dr. Michael Tsokos, seit 30 Jahren Rechtsmediziner, ist als forensischer Experte im In- und Ausland t\u00e4tig.<br \/>\nAnhand von unz\u00e4hligen Fallbeispielen mit einzigartigem Fotomaterial und den rechtsmedizinischen Hintergr\u00fcnden, die in kurzweiliger und allgemeinverst\u00e4ndlicher Form pr\u00e4sentiert werden, nimmt Prof. Dr. Michael Tsokos seine Zuschauer in dieser ca. 120min\u00fctigen Veranstaltung mit zu seinen Anf\u00e4ngen in der Rechtsmedizin, zu spannenden Auslandseins\u00e4tzen wie u.a. seine Identifizierungsmission im Kosovo 1999 nach dem Jugoslawienkrieg f\u00fcr das Internationale Kriegsverbrechertribunal in Den Haag oder seine Identifizierung der Tsunami-Opfer in S\u00fcdostasien 2004\/2005, die Untersuchung des mysteri\u00f6sen Todes eines brasilianischen Models in Santiago de Chile 2021 sowie weitere unglaubliche F\u00e4lle, die den Zuschauern schier den Atem rauben werden. Rechtsmedizinische Insights von dem Mann, der alle diese F\u00e4lle selbst untersucht hat. True Crime, wie es ihn nirgendwo sonst zu sehen und zu h\u00f6ren gibt!<\/p>\n<p>Wem FASZINATION RECHTSMEDIZIN gefallen hat, der wird PH\u00c4NOMEN FORENSIK \u2013 Faszination Rechtsmedizin 2.0 lieben. Und f\u00fcr alle, die Prof. Tsokos zum ersten Mal<br \/>\nbesuchen: hier geht es rechtsmedizinisch zur Sache, das ist wirklich nichts f\u00fcr schwache Nerven, Altersempfehlung <strong>ab 16 Jahre!<\/strong><\/p>","protected":false},"excerpt":{"rendered":"<p>PH\u00c4NOMEN FORENSIK \u2013 die spektakul\u00e4re Live Show und lange erwartete Fortsetzung des Mega-Erfolgs FASZINATION RECHTSMEDIZIN<\/p>","protected":false},"featured_media":50395,"template":"","meta":{"_acf_changed":false,"inline_featured_image":false},"product_brand":[],"product_cat":[86,35,37,21,22],"product_tag":[1060,941,942,943,5851,3266,944,5852,945,958,947,973,948],"class_list":{"0":"post-43040","1":"product","2":"type-product","3":"status-publish","4":"has-post-thumbnail","6":"product_cat-leipzig","7":"product_cat-orte","8":"product_cat-quarterback-immobilien-arena","9":"product_cat-ticket","10":"product_cat-ticketupgrades-zusatzleistungen","11":"product_tag-1060","12":"product_tag-events","13":"product_tag-konzert","14":"product_tag-leipzig","15":"product_tag-michael-tsokos","16":"product_tag-one-vision-of-queen-feat-marc-martel","17":"product_tag-orte","18":"product_tag-phaenomen-forensik","19":"product_tag-quarterback-immobilien-arena","20":"product_tag-show","21":"product_tag-ticket","22":"product_tag-ticketupgrades-zusatzleistungen","23":"product_tag-veranstaltung","24":"product_shipping_class-abholung_paketversand","25":"pa_discount-inklusive-begleitperson","26":"pa_discount-kind","27":"pa_discount-normalpreis","28":"pa_preiskategorie-ggv-up","29":"pa_preiskategorie-pgv-up","30":"pa_preiskategorie-pk-i","31":"pa_preiskategorie-pk-ii","32":"pa_preiskategorie-pk-iii","33":"pa_preiskategorie-pk-v","34":"pa_preiskategorie-rollstuhlfahrer","36":"first","37":"instock","38":"featured","39":"taxable","40":"shipping-taxable","41":"purchasable","42":"product-type-variable"},"group_of_quantity":0,"min_quantity":0,"max_quantity":"","exclude_order_quantity_value_rules":"no","exclude_category_quantity_rules":"no","combine_variations":"no","acf":[],"_links":{"self":[{"href":"https:\/\/arena-ticket.com\/en\/wp-json\/wp\/v2\/product\/43040","targetHints":{"allow":["GET"]}}],"collection":[{"href":"https:\/\/arena-ticket.com\/en\/wp-json\/wp\/v2\/product"}],"about":[{"href":"https:\/\/arena-ticket.com\/en\/wp-json\/wp\/v2\/types\/product"}],"wp:featuredmedia":[{"embeddable":true,"href":"https:\/\/arena-ticket.com\/en\/wp-json\/wp\/v2\/media\/50395"}],"wp:attachment":[{"href":"https:\/\/arena-ticket.com\/en\/wp-json\/wp\/v2\/media?parent=43040"}],"wp:term":[{"taxonomy":"product_brand","embeddable":true,"href":"https:\/\/arena-ticket.com\/en\/wp-json\/wp\/v2\/product_brand?post=43040"},{"taxonomy":"product_cat","embeddable":true,"href":"https:\/\/arena-ticket.com\/en\/wp-json\/wp\/v2\/product_cat?post=43040"},{"taxonomy":"product_tag","embeddable":true,"href":"https:\/\/arena-ticket.com\/en\/wp-json\/wp\/v2\/product_tag?post=43040"}],"curies":[{"name":"wp","href":"https:\/\/api.w.org\/{rel}","templated":true}]}}