{"id":43054,"date":"2025-06-16T18:46:56","date_gmt":"2025-06-16T16:46:56","guid":{"rendered":"https:\/\/arena-ticket.com\/?p=43054&#038;post_type=product&#038;preview_id=43054"},"modified":"2026-01-09T14:45:30","modified_gmt":"2026-01-09T13:45:30","slug":"tom-gerhardt-volle-packung-leipzig-kupfersaal-21-02-2026-2000-uhr","status":"publish","type":"product","link":"https:\/\/arena-ticket.com\/en\/product\/tom-gerhardt-volle-packung-leipzig-kupfersaal-21-02-2026-2000-uhr\/","title":{"rendered":"Tom Gerhardt  - Volle Packung!"},"content":{"rendered":"<p>Die Kiste ist geschn\u00fcrt: Geschlagene 40 Jahre nach seinem ersten B\u00fchnen-Programm hat Chaos-Entertainer Tom Gerhardt jetzt seine verr\u00fccktesten und beliebtesten Figuren in ein neues Solo-Programm gesteckt - und schickt sie auf radikalen Kollisionskurs mit herrschendem Zeitgeist und gesundem Menschenverstand. Eine volle Packung Spa\u00df und bl\u00fchender Wahnsinn.<\/p>\n<p>Tom schl\u00fcpft hier nicht nur in seine Parade-Rolle des notorischen HAUSMEISTER KRAUSE, sondern spielt diesmal alle Mitglieder des denkw\u00fcrdigen Krause-Clans selbst: Ob sexy Tochter CARMEN, die zur asozialen Influencerin geworden ist, ob Mutter LISBETH, die Fleischwerdung grausamer Kleinb\u00fcrgerlichkeit oder Sohn TOMMIE, die durchgeknallte Dumpfbacke, die - mit Pudelm\u00fctze und kultigem Auspuff bewaffnet - bekanntlich schon in drei Kino-Filmen eine fr\u00f6hliche Spur der Verw\u00fcstung hinter sich gelassen hat. Und hinzu kommen noch einige Monster des Alltags mehr: z.B. ein SUPER-NERD, ein SUPER-AGGRO und ein emp\u00f6rend SEXISTISCHES K\u00d6RPERTEIL. Wenn diese Monster auf der B\u00fchne losgelassen werden, ist eines sicher: Das neue Biedermeiertum unserer Tage, die neue Spie\u00dfigkeit und Fr\u00f6mmelei wird arg gerupft werden. Und wenn sich auch h\u00f6chst-sensible Zeitgenossen schrecklich dar\u00fcber aufregen werden: Tom Gerhardt bleibt unversch\u00e4mt und kompromisslos. Und die Lacher werden mit ihm sein. Ausgeheckt und niedergeschrieben hat das neue Programm die Crew der alten Zeiten: Tom selber und Schreib-Kumpane Franz Krause. Back to the roots!<\/p>","protected":false},"excerpt":{"rendered":"<p>Don&#039;t miss it!<\/p>","protected":false},"featured_media":62525,"template":"","meta":{"_acf_changed":false,"inline_featured_image":false},"product_brand":[],"product_cat":[6725,31,95,430,86,35,21,58],"product_tag":[954,941,942,951,968,943,944,958,947,5853,948,5854],"class_list":{"0":"post-43054","1":"product","2":"type-product","3":"status-publish","4":"has-post-thumbnail","6":"product_cat-comedy","7":"product_cat-events","8":"product_cat-humor","9":"product_cat-kupfersaal","10":"product_cat-leipzig","11":"product_cat-orte","12":"product_cat-ticket","13":"product_cat-veranstaltung","14":"product_tag-comedy","15":"product_tag-events","16":"product_tag-konzert","17":"product_tag-kultur","18":"product_tag-kupfersaal","19":"product_tag-leipzig","20":"product_tag-orte","21":"product_tag-show","22":"product_tag-ticket","23":"product_tag-tom-gerhardt","24":"product_tag-veranstaltung","25":"product_tag-volle-packung","26":"product_shipping_class-nur_paketversand","27":"pa_discount-ermaessigt","28":"pa_discount-normalpreis","29":"pa_preiskategorie-pk-i","30":"pa_preiskategorie-pk-ii","32":"first","33":"outofstock","34":"taxable","35":"shipping-taxable","36":"purchasable","37":"product-type-variable"},"group_of_quantity":0,"min_quantity":0,"max_quantity":"","exclude_order_quantity_value_rules":"no","exclude_category_quantity_rules":"no","combine_variations":"no","acf":[],"_links":{"self":[{"href":"https:\/\/arena-ticket.com\/en\/wp-json\/wp\/v2\/product\/43054","targetHints":{"allow":["GET"]}}],"collection":[{"href":"https:\/\/arena-ticket.com\/en\/wp-json\/wp\/v2\/product"}],"about":[{"href":"https:\/\/arena-ticket.com\/en\/wp-json\/wp\/v2\/types\/product"}],"wp:featuredmedia":[{"embeddable":true,"href":"https:\/\/arena-ticket.com\/en\/wp-json\/wp\/v2\/media\/62525"}],"wp:attachment":[{"href":"https:\/\/arena-ticket.com\/en\/wp-json\/wp\/v2\/media?parent=43054"}],"wp:term":[{"taxonomy":"product_brand","embeddable":true,"href":"https:\/\/arena-ticket.com\/en\/wp-json\/wp\/v2\/product_brand?post=43054"},{"taxonomy":"product_cat","embeddable":true,"href":"https:\/\/arena-ticket.com\/en\/wp-json\/wp\/v2\/product_cat?post=43054"},{"taxonomy":"product_tag","embeddable":true,"href":"https:\/\/arena-ticket.com\/en\/wp-json\/wp\/v2\/product_tag?post=43054"}],"curies":[{"name":"wp","href":"https:\/\/api.w.org\/{rel}","templated":true}]}}