{"id":43069,"date":"2025-06-17T09:07:15","date_gmt":"2025-06-17T07:07:15","guid":{"rendered":"https:\/\/arena-ticket.com\/?p=43069&#038;post_type=product&#038;preview_id=43069"},"modified":"2026-04-21T08:57:35","modified_gmt":"2026-04-21T06:57:35","slug":"nena-live-2026-quarterback-immobilien-arena-01-10-2026-20-uhr","status":"publish","type":"product","link":"https:\/\/arena-ticket.com\/en\/product\/nena-live-2026-quarterback-immobilien-arena-01-10-2026-20-uhr\/","title":{"rendered":"NENA - Live 2026"},"content":{"rendered":"<p>Nach wie vor ist NENA eine der authentischsten S\u00e4ngerinnen der Zeit und ein gro\u00dfes St\u00fcck Popkultur made in Germany. Nach dem \u00fcberw\u00e4ltigenden Erfolg ihrer WIR GEH\u00d6REN ZUSAMMEN-Tournee mit 160.000 Besuchern bei in Deutschland, \u00d6sterreich, der Schweiz, Frankreich und den Niederlanden, k\u00fcndigt Pop-Ikone NENA nun weitere Konzerte f\u00fcr 2026 an!<br \/>\nEine tolle Nachricht, denn NENA muss man einfach live erlebt haben! Ihre energiegeladene B\u00fchnenpr\u00e4senz ist ebenso unverwechselbar und mitrei\u00dfend wie ihre Stimme.<br \/>\nDas Publikum darf sich auf eine mehr als zweist\u00fcndige Live-Show mit Hits und Perlen aus dem riesigen NENA-Repertoire freuen. Musik aus \u00fcber vier Jahrzehnten, die sie mit ihrer 10-k\u00f6pfigen Band auf die B\u00fchne bringt.<br \/>\nJedes Live-Konzert: ein einzigartiges Rock n` Roll-Erlebnis mit viel Gef\u00fchl und Herz. Und ein Tourtitel, der mehr ist als nur Motto. WIR GEH\u00d6REN ZUSAMMEN beschreibt das tief empfundene und gelebte Gef\u00fchl der Verbundenheit, das jedes der Konzerte f\u00fcr Nena zu einer Herzensangelegenheit macht.<\/p>","protected":false},"excerpt":{"rendered":"<p>NENA kommt 2026 wieder in die QUARTERBACK Immobilien ARENA<\/p>","protected":false},"featured_media":59548,"template":"","meta":{"_acf_changed":false,"inline_featured_image":false},"product_brand":[],"product_cat":[37,86,31,69,35,6733,21,22,58],"product_tag":[941,942,943,4819,1112,944,2506,945,947,973,948],"class_list":{"0":"post-43069","1":"product","2":"type-product","3":"status-publish","4":"has-post-thumbnail","6":"product_cat-quarterback-immobilien-arena","7":"product_cat-leipzig","8":"product_cat-events","9":"product_cat-konzert","10":"product_cat-orte","11":"product_cat-pop","12":"product_cat-ticket","13":"product_cat-ticketupgrades-zusatzleistungen","14":"product_cat-veranstaltung","15":"product_tag-events","16":"product_tag-konzert","17":"product_tag-leipzig","18":"product_tag-live-2026","19":"product_tag-nena","20":"product_tag-orte","21":"product_tag-pop","22":"product_tag-quarterback-immobilien-arena","23":"product_tag-ticket","24":"product_tag-ticketupgrades-zusatzleistungen","25":"product_tag-veranstaltung","26":"product_shipping_class-abholung_paketversand","27":"pa_discount-vip-sitzplatz","28":"pa_discount-normalpreis","29":"pa_discount-kind","30":"pa_discount-inklusive-begleitperson","31":"pa_preiskategorie-vip-package","32":"pa_preiskategorie-pk-i","33":"pa_preiskategorie-pk-ii","34":"pa_preiskategorie-pk3-stehplatz","35":"pa_preiskategorie-stehplatz","36":"pa_preiskategorie-rollstuhlfahrer","37":"pa_preiskategorie-vip-package-backstage-club","38":"pa_preiskategorie-ggv-up","39":"pa_preiskategorie-pgv-up","40":"pa_preiskategorie-vipu-up","42":"first","43":"instock","44":"taxable","45":"shipping-taxable","46":"purchasable","47":"product-type-variable"},"group_of_quantity":0,"min_quantity":0,"max_quantity":"","exclude_order_quantity_value_rules":"no","exclude_category_quantity_rules":"no","combine_variations":"no","acf":[],"_links":{"self":[{"href":"https:\/\/arena-ticket.com\/en\/wp-json\/wp\/v2\/product\/43069","targetHints":{"allow":["GET"]}}],"collection":[{"href":"https:\/\/arena-ticket.com\/en\/wp-json\/wp\/v2\/product"}],"about":[{"href":"https:\/\/arena-ticket.com\/en\/wp-json\/wp\/v2\/types\/product"}],"wp:featuredmedia":[{"embeddable":true,"href":"https:\/\/arena-ticket.com\/en\/wp-json\/wp\/v2\/media\/59548"}],"wp:attachment":[{"href":"https:\/\/arena-ticket.com\/en\/wp-json\/wp\/v2\/media?parent=43069"}],"wp:term":[{"taxonomy":"product_brand","embeddable":true,"href":"https:\/\/arena-ticket.com\/en\/wp-json\/wp\/v2\/product_brand?post=43069"},{"taxonomy":"product_cat","embeddable":true,"href":"https:\/\/arena-ticket.com\/en\/wp-json\/wp\/v2\/product_cat?post=43069"},{"taxonomy":"product_tag","embeddable":true,"href":"https:\/\/arena-ticket.com\/en\/wp-json\/wp\/v2\/product_tag?post=43069"}],"curies":[{"name":"wp","href":"https:\/\/api.w.org\/{rel}","templated":true}]}}