{"id":43084,"date":"2025-06-17T15:20:17","date_gmt":"2025-06-17T13:20:17","guid":{"rendered":"https:\/\/arena-ticket.com\/?p=43084&#038;post_type=product&#038;preview_id=43084"},"modified":"2025-11-25T10:58:47","modified_gmt":"2025-11-25T09:58:47","slug":"tarzan-das-musical-georg-friedrich-haendel-halle-halle-saale-15-02-2026-1500-uhr","status":"publish","type":"product","link":"https:\/\/arena-ticket.com\/en\/product\/tarzan-das-musical-georg-friedrich-haendel-halle-halle-saale-15-02-2026-1500-uhr\/","title":{"rendered":"Tarzan - das Musical"},"content":{"rendered":"<div class=\"ce_text__column ce_text__column--first\">\n<p><strong>Abenteuer im Dschungel<\/strong><\/p>\n<p>Eine junge Familie erleidet Schiffbruch und wird - kaum an der afrikanischen K\u00fcste gestrandet - von wilden Tieren angegriffen. Zur\u00fcck bleibt ein kleiner Junge, der allein und verwaist von der Affendame Kala aufgenommen und wie ihr eigenes Kind gro\u00dfgezogen wird. Doch obwohl Tarzan bei den Affen ein Zuhause findet, l\u00e4sst ihn der Anf\u00fchrer Kerchak auch nach Jahren noch sp\u00fcren, dass er nicht wirklich zu ihnen geh\u00f6rt. Das Gef\u00fchl, seinen Platz in der Welt erst noch finden zu m\u00fcssen, wird noch st\u00e4rker, als Tarzan zum ersten Mal auf\u00a0 Professor Porter, seine neugierige Tochter Jane und die zwielichtige Olivia Clayton trifft. Im Laufe der Zeit kommen sich Tarzan und Jane immer n\u00e4her, doch dann \u00fcberschlagen sich die Ereignisse und Tarzan und seiner Affenfamilie droht gro\u00dfe Gefahr\u2026<\/p>\n<\/div>\n<div class=\"ce_text__column ce_text__column--last\">\n<p><strong>Die Urwaldsaga neu erz\u00e4hlt<\/strong><\/p>\n<p>Unser Titelheld nimmt Gro\u00df und Klein mit auf ein atemberaubendes Abenteuer in den afrikanischen Dschungel! Wir erz\u00e4hlen die hundert Jahre alte Geschichte von Edgar Rice Burrough neu:<br \/>\nMit spektakul\u00e4ren Eigenkompositionen, jeder Menge Spannung und einem Hauch Romantik wird unser Musical zu einem Live-Erlebnis f\u00fcr die ganze Familie. Fantasievolle Kost\u00fcme, eine verspielte, farbenpr\u00e4chtige Kulisse und atmosph\u00e4rische Lichteffekte erschaffen die Dschungelwelt, in der Tarzan zu Hause ist.<br \/>\nMusikalisch bieten wir eine abwechslungsreiche Reise durch verschiedene Genres, die mit imposanten Arrangements und gro\u00dfen Emotionen beeindruckt. Ein bestens ausgebildetes Ensemble sorgt daf\u00fcr, dass Charaktere, Musik und Kulissen auf der B\u00fchne zu einem einzigartigen Ganzen verschmelzen.<\/p>\n<\/div>","protected":false},"excerpt":{"rendered":"<p>In diesem spannenden Musical-Abenteuer treffen zwei Welten aufeinander!\u00a0Jetzt schon Tickets sichern!<\/p>\n<p>&nbsp;<\/p>","protected":false},"featured_media":55846,"template":"","meta":{"_acf_changed":false,"inline_featured_image":false},"product_brand":[],"product_cat":[31,407,345,936,102,94,86,6729,64,35,21,58,6581],"product_tag":[941,2712,957,999,978,963,944,958,5855,947,948,2048],"class_list":{"0":"post-43084","1":"product","2":"type-product","3":"status-publish","4":"has-post-thumbnail","6":"product_cat-events","7":"product_cat-georg-friedrich-haendel-halle","8":"product_cat-gewandhaus","9":"product_cat-grosser-saal","10":"product_cat-halle","11":"product_cat-kinder","12":"product_cat-leipzig","13":"product_cat-musical","14":"product_cat-musical-show","15":"product_cat-orte","16":"product_cat-ticket","17":"product_cat-veranstaltung","18":"product_cat-weihnachten","19":"product_tag-events","20":"product_tag-georg-friedrich-haendel-halle","21":"product_tag-grosser-saal","22":"product_tag-halle","23":"product_tag-kinder","24":"product_tag-musical","25":"product_tag-orte","26":"product_tag-show","27":"product_tag-tarzan-das-musical","28":"product_tag-ticket","29":"product_tag-veranstaltung","30":"product_tag-weihnachten","31":"product_shipping_class-nur_paketversand","32":"pa_discount-kind","33":"pa_discount-normalpreis","34":"pa_preiskategorie-pk-i","35":"pa_preiskategorie-pk-ii","36":"pa_preiskategorie-pk-iii","37":"pa_preiskategorie-pk-iv","39":"first","40":"instock","41":"taxable","42":"shipping-taxable","43":"purchasable","44":"product-type-variable"},"group_of_quantity":0,"min_quantity":0,"max_quantity":"","exclude_order_quantity_value_rules":"no","exclude_category_quantity_rules":"no","combine_variations":"no","acf":[],"_links":{"self":[{"href":"https:\/\/arena-ticket.com\/en\/wp-json\/wp\/v2\/product\/43084","targetHints":{"allow":["GET"]}}],"collection":[{"href":"https:\/\/arena-ticket.com\/en\/wp-json\/wp\/v2\/product"}],"about":[{"href":"https:\/\/arena-ticket.com\/en\/wp-json\/wp\/v2\/types\/product"}],"wp:featuredmedia":[{"embeddable":true,"href":"https:\/\/arena-ticket.com\/en\/wp-json\/wp\/v2\/media\/55846"}],"wp:attachment":[{"href":"https:\/\/arena-ticket.com\/en\/wp-json\/wp\/v2\/media?parent=43084"}],"wp:term":[{"taxonomy":"product_brand","embeddable":true,"href":"https:\/\/arena-ticket.com\/en\/wp-json\/wp\/v2\/product_brand?post=43084"},{"taxonomy":"product_cat","embeddable":true,"href":"https:\/\/arena-ticket.com\/en\/wp-json\/wp\/v2\/product_cat?post=43084"},{"taxonomy":"product_tag","embeddable":true,"href":"https:\/\/arena-ticket.com\/en\/wp-json\/wp\/v2\/product_tag?post=43084"}],"curies":[{"name":"wp","href":"https:\/\/api.w.org\/{rel}","templated":true}]}}