{"id":43098,"date":"2025-06-17T15:41:24","date_gmt":"2025-06-17T13:41:24","guid":{"rendered":"https:\/\/arena-ticket.com\/?p=43098&#038;post_type=product&#038;preview_id=43098"},"modified":"2026-03-11T11:15:48","modified_gmt":"2026-03-11T10:15:48","slug":"mirja-regensburg-happy-leipzig-haus-leipzig-26-03-2026-2000-uhr","status":"publish","type":"product","link":"https:\/\/arena-ticket.com\/en\/product\/mirja-regensburg-happy-leipzig-haus-leipzig-26-03-2026-2000-uhr\/","title":{"rendered":"Mirja Regensburg - HAPPY."},"content":{"rendered":"<p>\u201eDon't worry, be happy!\u201c \u201eHappy wife, happy life!\u201c \u201eChoose happy!\u201c<br \/>\nVom Wandtattoo bis Mottoshirt: Feel-Good-Botschaften wie diese gibt es unz\u00e4hlige.<br \/>\nWenn`s nur so einfach w\u00e4re!<\/p>\n<p>Gl\u00fccklich sein wollen wir alle, aber wer kriegt\u00b4s auch wirklich hin? Mit ihrem neuen Programm \u201eHAPPY.\u201c verspricht Mirja Regensburg: Gemeinsam schaffen wir\u00b4s \u2013 und es wird ein Riesenspa\u00df!<br \/>\nIn ihrer Show lernen wir die merkw\u00fcrdigsten Menschen der Welt kennen: Uns selbst!<br \/>\nDabei werden wir herausfinden, wer uns das Gl\u00fccklichsein am schwersten macht. (Spoiler: Es sind in den seltensten F\u00e4llen \u201edie Anderen\u201c.) Mirja erz\u00e4hlt uns auf ihrem Weg zum Gl\u00fcck von den allt\u00e4glichsten Situationen, in denen wir uns alle wiederfinden.<\/p>\n<p>Vielleicht ist es manchmal nur eine Frage der Perspektive: \u00c4rgere ich mich, wenn \u00fcberall Socken des Partners \u201eherumstehen\u201c oder bin ich einfach froh, dass er \u00fcberhaupt noch da ist? Ist mein Glas halb voll, halb leer oder bin ich Flaschenkind? Was macht uns \u00fcberhaupt HAPPY.? Familie, Geld, Sport, eine neue Harley oder Schuhe und Schokolade?<\/p>\n<p>Kein grummeliger Mensch ist vor Mirja sicher. Ein Abend mit der \u201eherrlichen Quasselstrippe<br \/>\nmit dem Herz auf der Zunge\u201c (O-Ton ihrer Fans) l\u00e4dt unsere Gute-Laune-Akkus wieder auf!<br \/>\nHerzerw\u00e4rmend, augenzwinkernd und spontan verbindet Mirja mit ihrer Comedy-Show die Menschen in ihrem Publikum. Ihr Ziel: Lachen bis die Muffinjeans platzt! Mit- und nicht \u00fcbereinander. Das versteht sich von selbst. Immer anders, immer interaktiv und mit Lach-zur\u00fcck-Garantie. Ein prall gef\u00fcllter Abend mit Stand-Up-Comedy, Gesang und Improvisation:<br \/>\nHAPPY. with Mirja Regensburg.<\/p>","protected":false},"excerpt":{"rendered":"<p>Jetzt schon Tickets f\u00fcr den Abend im Haus Leipzig sichern!<\/p>","protected":false},"featured_media":43100,"template":"","meta":{"_acf_changed":false,"inline_featured_image":false},"product_brand":[],"product_cat":[6725,31,349,95,922,86,35,6772,21,58],"product_tag":[954,941,1098,955,951,943,3099,944,958,947,948],"class_list":{"0":"post-43098","1":"product","2":"type-product","3":"status-publish","4":"has-post-thumbnail","6":"product_cat-comedy","7":"product_cat-events","8":"product_cat-haus-leipzig","9":"product_cat-humor","10":"product_cat-kultur","11":"product_cat-leipzig","12":"product_cat-orte","13":"product_cat-sonstiges_kultur","14":"product_cat-ticket","15":"product_cat-veranstaltung","16":"product_tag-comedy","17":"product_tag-events","18":"product_tag-happy","19":"product_tag-haus-leipzig","20":"product_tag-kultur","21":"product_tag-leipzig","22":"product_tag-mirja-regensburg","23":"product_tag-orte","24":"product_tag-show","25":"product_tag-ticket","26":"product_tag-veranstaltung","27":"product_shipping_class-nur_paketversand","28":"pa_discount-normalpreis","29":"pa_preiskategorie-pk-i","31":"first","32":"instock","33":"taxable","34":"shipping-taxable","35":"purchasable","36":"product-type-variable"},"group_of_quantity":0,"min_quantity":0,"max_quantity":"","exclude_order_quantity_value_rules":"no","exclude_category_quantity_rules":"no","combine_variations":"no","acf":[],"_links":{"self":[{"href":"https:\/\/arena-ticket.com\/en\/wp-json\/wp\/v2\/product\/43098","targetHints":{"allow":["GET"]}}],"collection":[{"href":"https:\/\/arena-ticket.com\/en\/wp-json\/wp\/v2\/product"}],"about":[{"href":"https:\/\/arena-ticket.com\/en\/wp-json\/wp\/v2\/types\/product"}],"wp:featuredmedia":[{"embeddable":true,"href":"https:\/\/arena-ticket.com\/en\/wp-json\/wp\/v2\/media\/43100"}],"wp:attachment":[{"href":"https:\/\/arena-ticket.com\/en\/wp-json\/wp\/v2\/media?parent=43098"}],"wp:term":[{"taxonomy":"product_brand","embeddable":true,"href":"https:\/\/arena-ticket.com\/en\/wp-json\/wp\/v2\/product_brand?post=43098"},{"taxonomy":"product_cat","embeddable":true,"href":"https:\/\/arena-ticket.com\/en\/wp-json\/wp\/v2\/product_cat?post=43098"},{"taxonomy":"product_tag","embeddable":true,"href":"https:\/\/arena-ticket.com\/en\/wp-json\/wp\/v2\/product_tag?post=43098"}],"curies":[{"name":"wp","href":"https:\/\/api.w.org\/{rel}","templated":true}]}}