{"id":43103,"date":"2025-06-17T17:29:54","date_gmt":"2025-06-17T15:29:54","guid":{"rendered":"https:\/\/arena-ticket.com\/?p=43103&#038;post_type=product&#038;preview_id=43103"},"modified":"2025-06-17T19:12:25","modified_gmt":"2025-06-17T17:12:25","slug":"die-schlagzeugmafia-backstreet-noise-haus-leipzig-16-03-2026-2000-uhr","status":"publish","type":"product","link":"https:\/\/arena-ticket.com\/en\/product\/die-schlagzeugmafia-backstreet-noise-haus-leipzig-16-03-2026-2000-uhr\/","title":{"rendered":"The Drum Mafia - Backstreet Noise"},"content":{"rendered":"<p>In the evening-long show format of the Trommelmafia, the audience becomes both witness and accomplice.<\/p>\n<p>Obwohl die Mafiosi stets bem\u00fcht sind, die l\u00e4ssige Ganoven-Fassade aufrecht zu erhalten, wird schnell klar, dass im Mafiabetrieb ganz und gar nicht alles glatt l\u00e4uft. Wie sollte es auch anders sein? Bei f\u00fcnf Schlagzeugern will schlie\u00dflich jeder den Takt angeben.<\/p>\n<p>Wer h\u00e4lt am Ende die F\u00e4den in der Hand? Wird die Tarnung als Pizzab\u00e4cker auffliegen? Wie baut man aus drei Trommeln ein Fluchtauto und was passiert, wenn pl\u00f6tzlich alle Lichter ausgehen?<\/p>\n<p>'Backstreet Noise' begeistert alle Generationen - mit handwerklichem K\u00f6nnen, charmanter Schlagfertigkeit und verbl\u00fcffendem Ideenreichtum.<\/p>\n<p>Ein Blick in die Akte zeigt, dass diese Mafiosi l\u00e4ngst keine Kleinkriminellen mehr sind. Ausgezeichnet mit dem Kleinkunstpreis Baden-W\u00fcrttemberg 2015, Finalisten der RTL Sendung \u201eDie Puppenstars\u201c vor millionenfachem Fernsehpublikum, Auftritte bei der \u201eGoldenen Kamera\u201c ,der \u201eEcho Verleihung\u201c uvm\u2026<\/p>","protected":false},"excerpt":{"rendered":"<p>Jetzt schon Tickets f\u00fcr den Abend im Haus Leipzig sichern!<\/p>","protected":false},"featured_media":43105,"template":"","meta":{"_acf_changed":false,"inline_featured_image":false},"product_brand":[],"product_cat":[31,349,69,86,35,6749,21,58],"product_tag":[3090,3089,941,955,951,943,944,958,947,948],"class_list":{"0":"post-43103","1":"product","2":"type-product","3":"status-publish","4":"has-post-thumbnail","6":"product_cat-events","7":"product_cat-haus-leipzig","8":"product_cat-konzert","9":"product_cat-leipzig","10":"product_cat-orte","11":"product_cat-sonstiges_konzert","12":"product_cat-ticket","13":"product_cat-veranstaltung","14":"product_tag-backstreet-noise","15":"product_tag-die-schlagzeugmafia","16":"product_tag-events","17":"product_tag-haus-leipzig","18":"product_tag-kultur","19":"product_tag-leipzig","20":"product_tag-orte","21":"product_tag-show","22":"product_tag-ticket","23":"product_tag-veranstaltung","24":"product_shipping_class-nur_paketversand","25":"pa_discount-normalpreis","26":"pa_preiskategorie-pk-i","28":"first","29":"instock","30":"taxable","31":"shipping-taxable","32":"purchasable","33":"product-type-variable"},"group_of_quantity":0,"min_quantity":0,"max_quantity":"","exclude_order_quantity_value_rules":"no","exclude_category_quantity_rules":"no","combine_variations":"no","acf":[],"_links":{"self":[{"href":"https:\/\/arena-ticket.com\/en\/wp-json\/wp\/v2\/product\/43103","targetHints":{"allow":["GET"]}}],"collection":[{"href":"https:\/\/arena-ticket.com\/en\/wp-json\/wp\/v2\/product"}],"about":[{"href":"https:\/\/arena-ticket.com\/en\/wp-json\/wp\/v2\/types\/product"}],"wp:featuredmedia":[{"embeddable":true,"href":"https:\/\/arena-ticket.com\/en\/wp-json\/wp\/v2\/media\/43105"}],"wp:attachment":[{"href":"https:\/\/arena-ticket.com\/en\/wp-json\/wp\/v2\/media?parent=43103"}],"wp:term":[{"taxonomy":"product_brand","embeddable":true,"href":"https:\/\/arena-ticket.com\/en\/wp-json\/wp\/v2\/product_brand?post=43103"},{"taxonomy":"product_cat","embeddable":true,"href":"https:\/\/arena-ticket.com\/en\/wp-json\/wp\/v2\/product_cat?post=43103"},{"taxonomy":"product_tag","embeddable":true,"href":"https:\/\/arena-ticket.com\/en\/wp-json\/wp\/v2\/product_tag?post=43103"}],"curies":[{"name":"wp","href":"https:\/\/api.w.org\/{rel}","templated":true}]}}