{"id":43108,"date":"2025-06-17T18:46:18","date_gmt":"2025-06-17T16:46:18","guid":{"rendered":"https:\/\/arena-ticket.com\/?p=43108&#038;post_type=product&#038;preview_id=43108"},"modified":"2025-06-17T18:53:01","modified_gmt":"2025-06-17T16:53:01","slug":"nightwash-live-comedy-ist-live-am-lustigsten-leipzig-haus-leipzig-12-03-2026-2000-uhr","status":"publish","type":"product","link":"https:\/\/arena-ticket.com\/en\/product\/nightwash-live-comedy-ist-live-am-lustigsten-leipzig-haus-leipzig-12-03-2026-2000-uhr\/","title":{"rendered":"NightWash Live  - Comedy ist LIVE am lustigsten!"},"content":{"rendered":"<p>NightWash Live<br \/>\nComedy ist LIVE am lustigsten!<\/p>\n<p>Das mit dem Deutschen Comedypreis ausgezeichnete Stand-Up Comedy Format pr\u00e4sentiert seit einem Vierteljahrhundert namhafte Comedians und Comediennes sowie die neuesten Talente der Comedyszene aus dem Waschsalon und bundesweit mit \u00fcber 150 Live-Terminen.<\/p>\n<p>Heutige Stars und Sternchen wie Felix Lobrecht, O\u00a8zcan Cosar, Chris Tall, Tahnee, Bastian Bielendorfer, Enissa Amani, Olaf Schubert, B\u00fclent Ceylan, Torsten Str\u00e4ter, Markus Krebs, Simon Sta\u00a8blein, Maria Clara Groppler, Osan Yaran, Tutty Tran, Nico Stank, Negah Amiri, Carl Josef und viele mehr hatten im legend\u00e4ren Kult-Comedy-Waschsalon ihre ersten B\u00fchnenauftritte.<\/p>\n<p>NightWash bringt die frischeste Comedy angesagter Comedians und Newcomer, \u00fcberraschende Showeinlagen gepaart mit dem allerbesten Publikum auf die B\u00fchne. Jede Show ein Unikat auf h\u00f6chstem Niveau. Hier bleibt garantiert kein Auge trocken! Comedy der Extraklasse!<\/p>\n<p>NightWash Live - Comedy at its best!<\/p>","protected":false},"excerpt":{"rendered":"<p>Jetzt schon Tickets f\u00fcr den Abend im Haus Leipzig sichern!<\/p>","protected":false},"featured_media":43110,"template":"","meta":{"_acf_changed":false,"inline_featured_image":false},"product_brand":[],"product_cat":[6725,31,349,95,86,35,21,58],"product_tag":[954,5857,941,955,951,943,5856,944,958,947,948],"class_list":{"0":"post-43108","1":"product","2":"type-product","3":"status-publish","4":"has-post-thumbnail","6":"product_cat-comedy","7":"product_cat-events","8":"product_cat-haus-leipzig","9":"product_cat-humor","10":"product_cat-leipzig","11":"product_cat-orte","12":"product_cat-ticket","13":"product_cat-veranstaltung","14":"product_tag-comedy","15":"product_tag-comedy-ist-live-am-lustigsten","16":"product_tag-events","17":"product_tag-haus-leipzig","18":"product_tag-kultur","19":"product_tag-leipzig","20":"product_tag-nightwash-live","21":"product_tag-orte","22":"product_tag-show","23":"product_tag-ticket","24":"product_tag-veranstaltung","25":"product_shipping_class-nur_paketversand","26":"pa_discount-normalpreis","27":"pa_preiskategorie-freie-platzwahl","29":"first","30":"instock","31":"taxable","32":"shipping-taxable","33":"purchasable","34":"product-type-variable"},"group_of_quantity":0,"min_quantity":0,"max_quantity":"","exclude_order_quantity_value_rules":"no","exclude_category_quantity_rules":"no","combine_variations":"no","acf":[],"_links":{"self":[{"href":"https:\/\/arena-ticket.com\/en\/wp-json\/wp\/v2\/product\/43108","targetHints":{"allow":["GET"]}}],"collection":[{"href":"https:\/\/arena-ticket.com\/en\/wp-json\/wp\/v2\/product"}],"about":[{"href":"https:\/\/arena-ticket.com\/en\/wp-json\/wp\/v2\/types\/product"}],"wp:featuredmedia":[{"embeddable":true,"href":"https:\/\/arena-ticket.com\/en\/wp-json\/wp\/v2\/media\/43110"}],"wp:attachment":[{"href":"https:\/\/arena-ticket.com\/en\/wp-json\/wp\/v2\/media?parent=43108"}],"wp:term":[{"taxonomy":"product_brand","embeddable":true,"href":"https:\/\/arena-ticket.com\/en\/wp-json\/wp\/v2\/product_brand?post=43108"},{"taxonomy":"product_cat","embeddable":true,"href":"https:\/\/arena-ticket.com\/en\/wp-json\/wp\/v2\/product_cat?post=43108"},{"taxonomy":"product_tag","embeddable":true,"href":"https:\/\/arena-ticket.com\/en\/wp-json\/wp\/v2\/product_tag?post=43108"}],"curies":[{"name":"wp","href":"https:\/\/api.w.org\/{rel}","templated":true}]}}