{"id":43117,"date":"2025-06-17T19:26:59","date_gmt":"2025-06-17T17:26:59","guid":{"rendered":"https:\/\/arena-ticket.com\/?p=43117&#038;post_type=product&#038;preview_id=43117"},"modified":"2025-11-25T11:42:00","modified_gmt":"2025-11-25T10:42:00","slug":"dirk-michaelis-weihnachtstournee-2025-haus-leipzig-21-12-2025-1800-uhr","status":"publish","type":"product","link":"https:\/\/arena-ticket.com\/en\/product\/dirk-michaelis-weihnachtstournee-2025-haus-leipzig-21-12-2025-1800-uhr\/","title":{"rendered":"Dirk Michaelis  - Weihnachtstournee 2025"},"content":{"rendered":"<p>M\u00fcsste man sich auf eine Top 5 ostdeutscher Songs einigen, die l\u00e4ngst zu Klassikern geworden sind, die den Soundtrack gleich mehrerer Generationen bilden und bis heute Herz und Hirn ihrer H\u00f6rer erreichen \u2013 diese zwei Lieder w\u00e4ren in jedem Fall dabei: \u201eAls ich fortging\u201c und \u201eAm Fenster\u201c. Es sind die gr\u00f6\u00dften Hits ihrer Protagonisten (wenngleich nicht die einzigen), beide Songs haben l\u00e4ngst ihren festen Platz in den Analen deutschsprachiger Pop- und Rockmusik eingenommen.<\/p>\n<p>Das eine, \u201eAls ich fortging\u201c, steht exemplarisch f\u00fcr die Karriere des charismatischen Singer\/Songwriters Dirk Michaelis. In den sp\u00e4ten Achtzigern avancierte das Lied erstmals zu einem ganz besonderen Juwel, bis heute hat es an seiner Faszination nichts eingeb\u00fc\u00dft und ist inzwischen eine der meist gecoverten Balladen \u2013 es gibt etliche fremdsprachige sowie Punk-, Jazz-, A Capella-, Techno-, Mundharmonika- und Trompetenversionen. Das andere, \u201eAm Fenster\u201c, bescherte seinen Machern, der nach 50 Jahren 2022 aufgel\u00f6sten Band City, Kultstatus. Der Track lebt vor allem vom imposanten Geigensolo und ganz eigenem Stil des Violinisten Georgi \u201eJoro\u201c Gogow.<\/p>\n<p>Nun werden im Dezember 2025 eine Weihnachtstournee lang Dirk Michaelis und Joro Gogow wiederholt kollaborieren. Es ist nicht das erste Mal, dass der vielseitige Poet und der Teufelsgeiger zusammen auf der B\u00fchne stehen. Schon bei \u201eOstrock in Klassik\u201c, bei den \u201eRock Legenden\u201c oder in den gemeinsamen Weihnachtskonzerten mit City kristallisierte sich heraus, dass Magisches entsteht, wenn diese zwei miteinander agieren. Und nicht nur der Vollst\u00e4ndigkeit halber: Mit S\u00f6ren Birke an Duduk und Mundharmonika ist ein Dritter im Bunde, der Leidenschaft mit musikalischem Handwerk paart.<\/p>\n<p>Weihnachtskonzerte stehen oE f\u00fcr Pathos und Kitsch, doch Michaelis und Gogow gehen einen anderen Weg. Zwar haben ihre Shows durchaus besinnliche Momente \u2013 etwa wenn sie ihre Versionen von \u201eSind die Lichter angez\u00fcndet\u201c oder \u201eStille Nacht\u201c (das auch auf Single-CD ver\u00f6ffentlicht wird) zelebrieren \u2013 doch die f\u00fcr das komplette Oeuvre von Dirk Michaelis stehende, seltene Gabe, Leich-gkeit mit emo-onaler Tiefe zu kreuzen, ist auch das Pfundst\u00fcck der gemeinsamen Weihnachtstournee.<\/p>\n<p>Neben den genannten und einigen weiteren Weihnachtsliedern bilden die Konzerte einen Streifzug durch das bisherige Schaffen, eine Mischung aus Best Of und pers\u00f6nlichen Lieblingsliedern. Ganz sicher werden \u201eFelsenfest\u201c, \u201eHeimat\u201c sowie \u201eStilles Dorf\u201c, aber auch \u201eWie ein Fischlein unterm Eis\u201c oder \u201eWer die Rose ehrt\u201c dabei sein. Und es gibt Lieder wie \u201eWenn ich dir nie begegnet w\u00e4r\u201c aus dem im Herbst 2024 erscheinenden, elften Studioalbum \u201eMir geh\u00f6rn Vol. 2\u201c. Jeder Song macht dabei deutlich, dass weder Michaelis noch Gogow auf ihre gro\u00dfen Hits zu reduzieren sind. Nat\u00fcrlich werden diese dennoch nicht fehlen.<\/p>","protected":false},"excerpt":{"rendered":"<p>Jetzt schon Tickets f\u00fcr den Abend im Haus Leipzig sichern!<\/p>","protected":false},"featured_media":52979,"template":"","meta":{"_acf_changed":false,"inline_featured_image":false},"product_brand":[],"product_cat":[31,349,69,86,35,6733,21,58,6581],"product_tag":[3276,941,955,942,951,943,944,947,948,2048,5697],"class_list":{"0":"post-43117","1":"product","2":"type-product","3":"status-publish","4":"has-post-thumbnail","6":"product_cat-events","7":"product_cat-haus-leipzig","8":"product_cat-konzert","9":"product_cat-leipzig","10":"product_cat-orte","11":"product_cat-pop","12":"product_cat-ticket","13":"product_cat-veranstaltung","14":"product_cat-weihnachten","15":"product_tag-dirk-michaelis","16":"product_tag-events","17":"product_tag-haus-leipzig","18":"product_tag-konzert","19":"product_tag-kultur","20":"product_tag-leipzig","21":"product_tag-orte","22":"product_tag-ticket","23":"product_tag-veranstaltung","24":"product_tag-weihnachten","25":"product_tag-weihnachtstournee-2025","26":"product_shipping_class-nur_paketversand","27":"pa_discount-normalpreis","28":"pa_preiskategorie-pk-i","29":"pa_preiskategorie-pk-ii","31":"first","32":"instock","33":"taxable","34":"shipping-taxable","35":"purchasable","36":"product-type-variable"},"group_of_quantity":0,"min_quantity":0,"max_quantity":"","exclude_order_quantity_value_rules":"no","exclude_category_quantity_rules":"no","combine_variations":"no","acf":[],"_links":{"self":[{"href":"https:\/\/arena-ticket.com\/en\/wp-json\/wp\/v2\/product\/43117","targetHints":{"allow":["GET"]}}],"collection":[{"href":"https:\/\/arena-ticket.com\/en\/wp-json\/wp\/v2\/product"}],"about":[{"href":"https:\/\/arena-ticket.com\/en\/wp-json\/wp\/v2\/types\/product"}],"wp:featuredmedia":[{"embeddable":true,"href":"https:\/\/arena-ticket.com\/en\/wp-json\/wp\/v2\/media\/52979"}],"wp:attachment":[{"href":"https:\/\/arena-ticket.com\/en\/wp-json\/wp\/v2\/media?parent=43117"}],"wp:term":[{"taxonomy":"product_brand","embeddable":true,"href":"https:\/\/arena-ticket.com\/en\/wp-json\/wp\/v2\/product_brand?post=43117"},{"taxonomy":"product_cat","embeddable":true,"href":"https:\/\/arena-ticket.com\/en\/wp-json\/wp\/v2\/product_cat?post=43117"},{"taxonomy":"product_tag","embeddable":true,"href":"https:\/\/arena-ticket.com\/en\/wp-json\/wp\/v2\/product_tag?post=43117"}],"curies":[{"name":"wp","href":"https:\/\/api.w.org\/{rel}","templated":true}]}}