{"id":43153,"date":"2025-06-18T14:35:51","date_gmt":"2025-06-18T12:35:51","guid":{"rendered":"https:\/\/arena-ticket.com\/?p=43153&#038;post_type=product&#038;preview_id=43153"},"modified":"2026-03-03T09:16:14","modified_gmt":"2026-03-03T08:16:14","slug":"the-music-of-the-greatest-showman-live-in-concert-georg-friedrich-haendel-halle-halle-saale-27-05-2026-2000-uhr","status":"publish","type":"product","link":"https:\/\/arena-ticket.com\/en\/product\/the-music-of-the-greatest-showman-live-in-concert-georg-friedrich-haendel-halle-halle-saale-27-05-2026-2000-uhr\/","title":{"rendered":"The Music Of The Greatest Showman -  live in concert"},"content":{"rendered":"<h2>Die Magie von The Greatest Showman live erleben<\/h2>\n<p>Verpasse nicht die Gelegenheit, die musikalische Welt von The Greatest Showman live zu erleben Diese atemberaubende Eventreihe verspricht ein unvergessliches Erlebnis f\u00fcr alle, die sich auf die faszinierende Geschichte von P.T. Barnum einlassen m\u00f6chten. Mit Hits wie \u201eThis Is Me\u201c und \u201eThe Greatest Show\u201c wird die B\u00fchne zum Zirkus, voller Musik, Tanz und zauberhafter Momente.<\/p>\n<p>Die Musik von The Greatest Showman ist bekannt f\u00fcr ihre emotionalen Balladen und energiegeladenen Tanznummern. Du kannst Dich auf eine Reise durch die Welt des Zirkuspioniers P.T. Barnum freuen, die sowohl romantisch als auch spektakul\u00e4r ist. Die Shows bieten eine Kombination aus gro\u00dfartigen Stimmen, atemberaubenden B\u00fchnenbildern und einer mitrei\u00dfenden Live-Band.<\/p>\n<h2>Die Stars der Show<\/h2>\n<p>Die Eventreihe pr\u00e4sentiert eine beeindruckende Besetzung, darunter bekannte Stars der deutschen Musicalszene wie Jan Ammann, Verena Mackenberg und Mark Seibert. Als Special Guest wird Daniel Schuhmacher, der Gewinner der sechsten DSDS-Staffel, erstmals in einer Musicalproduktion auftreten. Gemeinsam mit einem gro\u00dfartigen Ensemble und einer Live-Band sorgen sie f\u00fcr ein unvergessliches musikalisches Erlebnis.<\/p>\n<p>Die Konzeption der Show liegt in den H\u00e4nden von erfahrenen Musical-Profis, was f\u00fcr eine premium Qualit\u00e4t b\u00fcrgt. Mit frischen Ideen und modernen Elementen wird die Zuschauerschaft in eine Welt voller \u00dcberraschungen entf\u00fchrt.<\/p>","protected":false},"excerpt":{"rendered":"<p>Get your tickets now!<\/p>\n<p>&nbsp;<\/p>","protected":false},"featured_media":49975,"template":"","meta":{"_acf_changed":false,"inline_featured_image":false},"product_brand":[],"product_cat":[31,407,345,936,102,86,64,35,6730,21,58,6581],"product_tag":[941,2712,956,957,999,942,943,3358,6773,944,958,5863,947,948,2048],"class_list":{"0":"post-43153","1":"product","2":"type-product","3":"status-publish","4":"has-post-thumbnail","6":"product_cat-events","7":"product_cat-georg-friedrich-haendel-halle","8":"product_cat-gewandhaus","9":"product_cat-grosser-saal","10":"product_cat-halle","11":"product_cat-leipzig","12":"product_cat-musical-show","13":"product_cat-orte","14":"product_cat-show","15":"product_cat-ticket","16":"product_cat-veranstaltung","17":"product_cat-weihnachten","18":"product_tag-events","19":"product_tag-georg-friedrich-haendel-halle","20":"product_tag-gewandhaus","21":"product_tag-grosser-saal","22":"product_tag-halle","23":"product_tag-konzert","24":"product_tag-leipzig","25":"product_tag-live-in-concert","26":"product_tag-musical-show","27":"product_tag-orte","28":"product_tag-show","29":"product_tag-the-music-of-the-greatest-showman","30":"product_tag-ticket","31":"product_tag-veranstaltung","32":"product_tag-weihnachten","33":"product_shipping_class-nur_paketversand","34":"pa_discount-kind","35":"pa_discount-normalpreis","36":"pa_preiskategorie-pk-i","37":"pa_preiskategorie-pk-ii","38":"pa_preiskategorie-pk-iii","39":"pa_preiskategorie-pk-iv","41":"first","42":"instock","43":"taxable","44":"shipping-taxable","45":"purchasable","46":"product-type-variable"},"group_of_quantity":0,"min_quantity":0,"max_quantity":"","exclude_order_quantity_value_rules":"no","exclude_category_quantity_rules":"no","combine_variations":"no","acf":[],"_links":{"self":[{"href":"https:\/\/arena-ticket.com\/en\/wp-json\/wp\/v2\/product\/43153","targetHints":{"allow":["GET"]}}],"collection":[{"href":"https:\/\/arena-ticket.com\/en\/wp-json\/wp\/v2\/product"}],"about":[{"href":"https:\/\/arena-ticket.com\/en\/wp-json\/wp\/v2\/types\/product"}],"wp:featuredmedia":[{"embeddable":true,"href":"https:\/\/arena-ticket.com\/en\/wp-json\/wp\/v2\/media\/49975"}],"wp:attachment":[{"href":"https:\/\/arena-ticket.com\/en\/wp-json\/wp\/v2\/media?parent=43153"}],"wp:term":[{"taxonomy":"product_brand","embeddable":true,"href":"https:\/\/arena-ticket.com\/en\/wp-json\/wp\/v2\/product_brand?post=43153"},{"taxonomy":"product_cat","embeddable":true,"href":"https:\/\/arena-ticket.com\/en\/wp-json\/wp\/v2\/product_cat?post=43153"},{"taxonomy":"product_tag","embeddable":true,"href":"https:\/\/arena-ticket.com\/en\/wp-json\/wp\/v2\/product_tag?post=43153"}],"curies":[{"name":"wp","href":"https:\/\/api.w.org\/{rel}","templated":true}]}}