{"id":43179,"date":"2025-06-18T18:25:29","date_gmt":"2025-06-18T16:25:29","guid":{"rendered":"https:\/\/arena-ticket.com\/?p=43179&#038;post_type=product&#038;preview_id=43179"},"modified":"2025-07-01T16:56:26","modified_gmt":"2025-07-01T14:56:26","slug":"kapelle-petra-30-jahre-luebbe-tour-2025-2026-taeubchenthal-leipzig-27-11-2026-2000-uhr","status":"publish","type":"product","link":"https:\/\/arena-ticket.com\/en\/product\/kapelle-petra-30-jahre-luebbe-tour-2025-2026-taeubchenthal-leipzig-27-11-2026-2000-uhr\/","title":{"rendered":"kAPELLE PETRA  - 30 Jahre L\u00fcbbe Tour 2025\/2026"},"content":{"rendered":"<p>Kapelle Petra ist eine deutschsprachige Indierock-Band aus Hamm\/Westfalen, bestehend aus Opa (Gesang, Gitarre), Der t\u00e4gliche Siepe (Bass) und Ficken Schmidt (Schlagzeug). Live wird das Ensemble durch die B\u00fchnenskulptur Gazelle und Multi-Instrumentalist Ole verst\u00e4rkt. Ihre Heimatstadt ist titelgebend f\u00fcr das im Januar 2024 erschienene Studio-Album, das es auf Platz 6 in die \"Offiziellen Deutschen Albumcharts\" schaffte. \u201cF\u00fcr viele die kleine, graue Maus am Rande des Ruhrgebiets, in der man h\u00f6chstens mal am Bahnhof umsteigt. F\u00fcr uns ist Hamm der Mittelpunkt der Welt - Hier sind wir alle gro\u00df geworden und hier sind die HAMM-Songs entstanden. Hier hat alles angefangen und geht hoffentlich noch ganz lange weiter\u201d. Die Album-Ver\u00f6ffentlichung wird begleitet von zahlreichen Konzerten, Headliner-Shows wie auch Festival-Auftritten. Die Fr\u00fchjahrstour \u00b424 war die bislang erfolgreichste Tour der Band-Geschichte, viele Konzerte wurden hochverlegt und ein Gro\u00dfteil der Clubs meldete ausverkauft.<\/p>\n<p>Kapelle Petra ver\u00f6ffentlichte in \u00fcber zwei Dekaden acht Studio-Alben und blickt dabei auf TV-Auftritte (Ina\u2019s Nacht, diverse Joko&amp;Klaas-Shows oder mehrfach Pufpaffs Happy Hour), zahlreiche Erfolge (ausverkaufte Touren, zwei Alben in den \"Offiziellen Deutschen Charts\"), Kuriosit\u00e4ten (das Video zu \u201eGeburtstag\u201c wurde weit \u00fcber 4,5 Millionen Mal auf Youtube angeschaut) und gro\u00dfe Auftritte (Festivals wie \u201eOpen Flair\u201c, \u201eTaubertal\u201c und \u201eRock am Ring\u201c) zur\u00fcck.<\/p>","protected":false},"excerpt":{"rendered":"<p>Get your tickets here now!<\/p>","protected":false},"featured_media":43181,"template":"","meta":{"_acf_changed":false,"inline_featured_image":false},"product_brand":[],"product_cat":[31,6748,69,86,35,499,21,58],"product_tag":[5867,941,5866,942,943,944,967,947,948],"class_list":{"0":"post-43179","1":"product","2":"type-product","3":"status-publish","4":"has-post-thumbnail","6":"product_cat-events","7":"product_cat-indie","8":"product_cat-konzert","9":"product_cat-leipzig","10":"product_cat-orte","11":"product_cat-taeubchenthal","12":"product_cat-ticket","13":"product_cat-veranstaltung","14":"product_tag-30-jahre-luebbe-tour-2025-2026","15":"product_tag-events","16":"product_tag-kapelle-petra","17":"product_tag-konzert","18":"product_tag-leipzig","19":"product_tag-orte","20":"product_tag-taeubchenthal","21":"product_tag-ticket","22":"product_tag-veranstaltung","23":"product_shipping_class-nur_paketversand","24":"pa_discount-normalpreis","25":"pa_preiskategorie-stehplatz","27":"first","28":"instock","29":"taxable","30":"shipping-taxable","31":"purchasable","32":"product-type-variable"},"group_of_quantity":0,"min_quantity":0,"max_quantity":"","exclude_order_quantity_value_rules":"no","exclude_category_quantity_rules":"no","combine_variations":"no","acf":[],"_links":{"self":[{"href":"https:\/\/arena-ticket.com\/en\/wp-json\/wp\/v2\/product\/43179","targetHints":{"allow":["GET"]}}],"collection":[{"href":"https:\/\/arena-ticket.com\/en\/wp-json\/wp\/v2\/product"}],"about":[{"href":"https:\/\/arena-ticket.com\/en\/wp-json\/wp\/v2\/types\/product"}],"wp:featuredmedia":[{"embeddable":true,"href":"https:\/\/arena-ticket.com\/en\/wp-json\/wp\/v2\/media\/43181"}],"wp:attachment":[{"href":"https:\/\/arena-ticket.com\/en\/wp-json\/wp\/v2\/media?parent=43179"}],"wp:term":[{"taxonomy":"product_brand","embeddable":true,"href":"https:\/\/arena-ticket.com\/en\/wp-json\/wp\/v2\/product_brand?post=43179"},{"taxonomy":"product_cat","embeddable":true,"href":"https:\/\/arena-ticket.com\/en\/wp-json\/wp\/v2\/product_cat?post=43179"},{"taxonomy":"product_tag","embeddable":true,"href":"https:\/\/arena-ticket.com\/en\/wp-json\/wp\/v2\/product_tag?post=43179"}],"curies":[{"name":"wp","href":"https:\/\/api.w.org\/{rel}","templated":true}]}}