{"id":43182,"date":"2025-06-18T18:31:29","date_gmt":"2025-06-18T16:31:29","guid":{"rendered":"https:\/\/arena-ticket.com\/?p=43182&#038;post_type=product&#038;preview_id=43182"},"modified":"2025-09-15T09:51:52","modified_gmt":"2025-09-15T07:51:52","slug":"milliarden-10-jahre-kokain-und-himbeereis-tour-2026-leipzig-ut-connewitz-28-02-2026-2000-uhr","status":"publish","type":"product","link":"https:\/\/arena-ticket.com\/en\/product\/milliarden-10-jahre-kokain-und-himbeereis-tour-2026-leipzig-ut-connewitz-28-02-2026-2000-uhr\/","title":{"rendered":"Milliarden  - 10 Jahre Kokain und Himbeereis Tour 2026"},"content":{"rendered":"<p>Mit ihrer ersten selbstgemachten EP \u201eKokain &amp; Himbeereis\u201c legten Milliarden 2015 den Grundstein f\u00fcr alles, was kam. 2026 bringen sie das Kapitel zur\u00fcck auf die B\u00fchne \u2013 in Form einer intimen Jubil\u00e4umstour mit nur wenigen ausgew\u00e4hlten Shows. Zum zehnj\u00e4hrigen Bestehen r\u00fcckt dabei nicht nur Nostalgie in den Mittelpunkt, sondern eine Hommage an den rohen, direkten Sound und die besondere DIY-Energie, die Milliarden von Anfang an ausmachte.<\/p>","protected":false},"excerpt":{"rendered":"<p>Milliarden feiern 2026 das zehnj\u00e4hrige Jubil\u00e4um ihrer Deb\u00fct-EP \u201eKokain &amp; Himbereis\u201c mit einer besonderen Tour.<\/p>","protected":false},"featured_media":43184,"template":"","meta":{"_acf_changed":false,"inline_featured_image":false},"product_brand":[],"product_cat":[31,69,86,35,6733,21,505,58],"product_tag":[5869,941,942,943,5868,944,947,3142,948],"class_list":{"0":"post-43182","1":"product","2":"type-product","3":"status-publish","4":"has-post-thumbnail","6":"product_cat-events","7":"product_cat-konzert","8":"product_cat-leipzig","9":"product_cat-orte","10":"product_cat-pop","11":"product_cat-ticket","12":"product_cat-ut-connewitz","13":"product_cat-veranstaltung","14":"product_tag-10-jahre-kokain-und-himbeereis-tour-2026","15":"product_tag-events","16":"product_tag-konzert","17":"product_tag-leipzig","18":"product_tag-milliarden","19":"product_tag-orte","20":"product_tag-ticket","21":"product_tag-ut-connewitz","22":"product_tag-veranstaltung","23":"product_shipping_class-nur_paketversand","24":"pa_discount-normalpreis","25":"pa_preiskategorie-stehplatz","27":"first","28":"outofstock","29":"taxable","30":"shipping-taxable","31":"purchasable","32":"product-type-variable"},"group_of_quantity":0,"min_quantity":0,"max_quantity":"","exclude_order_quantity_value_rules":"no","exclude_category_quantity_rules":"no","combine_variations":"no","acf":[],"_links":{"self":[{"href":"https:\/\/arena-ticket.com\/en\/wp-json\/wp\/v2\/product\/43182","targetHints":{"allow":["GET"]}}],"collection":[{"href":"https:\/\/arena-ticket.com\/en\/wp-json\/wp\/v2\/product"}],"about":[{"href":"https:\/\/arena-ticket.com\/en\/wp-json\/wp\/v2\/types\/product"}],"wp:featuredmedia":[{"embeddable":true,"href":"https:\/\/arena-ticket.com\/en\/wp-json\/wp\/v2\/media\/43184"}],"wp:attachment":[{"href":"https:\/\/arena-ticket.com\/en\/wp-json\/wp\/v2\/media?parent=43182"}],"wp:term":[{"taxonomy":"product_brand","embeddable":true,"href":"https:\/\/arena-ticket.com\/en\/wp-json\/wp\/v2\/product_brand?post=43182"},{"taxonomy":"product_cat","embeddable":true,"href":"https:\/\/arena-ticket.com\/en\/wp-json\/wp\/v2\/product_cat?post=43182"},{"taxonomy":"product_tag","embeddable":true,"href":"https:\/\/arena-ticket.com\/en\/wp-json\/wp\/v2\/product_tag?post=43182"}],"curies":[{"name":"wp","href":"https:\/\/api.w.org\/{rel}","templated":true}]}}