{"id":43206,"date":"2025-06-19T11:35:10","date_gmt":"2025-06-19T09:35:10","guid":{"rendered":"https:\/\/arena-ticket.com\/?p=43206&#038;post_type=product&#038;preview_id=43206"},"modified":"2025-10-10T11:03:35","modified_gmt":"2025-10-10T09:03:35","slug":"marlo-grosshardt-ich-wuensche-mir-eine-tour-der-anker-22-10-2025-1930-uhr","status":"publish","type":"product","link":"https:\/\/arena-ticket.com\/en\/product\/marlo-grosshardt-ich-wuensche-mir-eine-tour-der-anker-22-10-2025-1930-uhr\/","title":{"rendered":"Marlo Grosshardt - Ich w\u00fcnsche mir eine Tour"},"content":{"rendered":"<p>Marlo Grosshardt singt sch\u00f6n provokant \u00fcber die Welt, die ihn umgibt. Der dreiundzwanzigj\u00e4hrige Hamburger packt seine kritischen Texte in ein raues Pop-Gewand. Seine kraftvolle Stimme tr\u00e4gt uns durch nostalgische Melodien und mitrei\u00dfende Rhythmen.<\/p>\n<p>Sein Deb\u00fctalbum \u201cEin letztes Liebeslied\u201d ist ein dystopischer Ausblick, dramatisch inszeniert und doch wundersch\u00f6n. Es ist in zwei Akte aufgeteilt. Zu Beginn geht es um die Liebe und den romantischen Weltuntergang. Eine Resignation vor der Dystopie, die Marlo vorschwebt. \u201cLasst uns trinken, auf dass es bald vorbei ist.\u201d. Daraufhin wird von scheiternden Steuerhinterziehungen auf hoher See in einer endlichen Welt erz\u00e4hlt. Im zweiten Teil kehrt Marlo dann ins Hier und Jetzt zur\u00fcck. Die Geschichten werden sch\u00f6n, provokant und konkret. \u201cJungfernstieg\u201c schildert den Moment zweier junger Menschen, die den scheinbaren Reichtum und die Liebe erleben. In \u201dAngestellt sein\u201d wird der Trott des Arbeitslebens besungen. Bei \u201cChristian Lindner\u201c l\u00e4sst Marlo seinen Frust am Liberalismus aus, ohne aber dabei den Zeigefinger zu hoch zu halten.<\/p>\n<p>Die Tour zum Album war ein gro\u00dfer Erfolg. Die meisten Shows waren ausverkauft und mussten teilweise hochverlegt werden. Marlo kann mit seinen tiefgehenden Texten das Publikum emotional ber\u00fchren, aber zugleich auch zusammen mit seiner wundervollen Band zum Tanzen bringen.<\/p>\n<p>Im Januar diesen Jahres brachte er zudem mit \u201cEin Spiel\u201d (feat. piya) eine zum Nachdenken anregende Single heraus, im Zuge dessen er f\u00fcr Sea-Watch eine Spendenkampagne organisierte.<\/p>","protected":false},"excerpt":{"rendered":"<p>Get your tickets here now!<\/p>","protected":false},"featured_media":51300,"template":"","meta":{"_acf_changed":false,"inline_featured_image":false},"product_brand":[],"product_cat":[388,31,69,86,35,6733,21,58],"product_tag":[971,2859,941,5871,942,943,3015,944,947,948],"class_list":{"0":"post-43206","1":"product","2":"type-product","3":"status-publish","4":"has-post-thumbnail","6":"product_cat-anker","7":"product_cat-events","8":"product_cat-konzert","9":"product_cat-leipzig","10":"product_cat-orte","11":"product_cat-pop","12":"product_cat-ticket","13":"product_cat-veranstaltung","14":"product_tag-anker","15":"product_tag-der-anker","16":"product_tag-events","17":"product_tag-ich-wuensche-mir-eine-tour","18":"product_tag-konzert","19":"product_tag-leipzig","20":"product_tag-marlo-grosshardt","21":"product_tag-orte","22":"product_tag-ticket","23":"product_tag-veranstaltung","24":"product_shipping_class-nur_paketversand","25":"pa_discount-normalpreis","26":"pa_preiskategorie-stehplatz","28":"first","29":"outofstock","30":"taxable","31":"shipping-taxable","32":"purchasable","33":"product-type-variable"},"group_of_quantity":0,"min_quantity":0,"max_quantity":"","exclude_order_quantity_value_rules":"no","exclude_category_quantity_rules":"no","combine_variations":"no","acf":[],"_links":{"self":[{"href":"https:\/\/arena-ticket.com\/en\/wp-json\/wp\/v2\/product\/43206","targetHints":{"allow":["GET"]}}],"collection":[{"href":"https:\/\/arena-ticket.com\/en\/wp-json\/wp\/v2\/product"}],"about":[{"href":"https:\/\/arena-ticket.com\/en\/wp-json\/wp\/v2\/types\/product"}],"wp:featuredmedia":[{"embeddable":true,"href":"https:\/\/arena-ticket.com\/en\/wp-json\/wp\/v2\/media\/51300"}],"wp:attachment":[{"href":"https:\/\/arena-ticket.com\/en\/wp-json\/wp\/v2\/media?parent=43206"}],"wp:term":[{"taxonomy":"product_brand","embeddable":true,"href":"https:\/\/arena-ticket.com\/en\/wp-json\/wp\/v2\/product_brand?post=43206"},{"taxonomy":"product_cat","embeddable":true,"href":"https:\/\/arena-ticket.com\/en\/wp-json\/wp\/v2\/product_cat?post=43206"},{"taxonomy":"product_tag","embeddable":true,"href":"https:\/\/arena-ticket.com\/en\/wp-json\/wp\/v2\/product_tag?post=43206"}],"curies":[{"name":"wp","href":"https:\/\/api.w.org\/{rel}","templated":true}]}}