{"id":43209,"date":"2025-06-19T11:52:11","date_gmt":"2025-06-19T09:52:11","guid":{"rendered":"https:\/\/arena-ticket.com\/?p=43209&#038;post_type=product&#038;preview_id=43209"},"modified":"2026-01-15T17:19:23","modified_gmt":"2026-01-15T16:19:23","slug":"horst-evers-so-gesehen-natuerlich-lustig-leipzig-kupfersaal-31-10-2026-2000-uhr","status":"publish","type":"product","link":"https:\/\/arena-ticket.com\/en\/product\/horst-evers-so-gesehen-natuerlich-lustig-leipzig-kupfersaal-31-10-2026-2000-uhr\/","title":{"rendered":"Horst Evers  - So gesehen nat\u00fcrlich lustig"},"content":{"rendered":"<p>Reden wir nicht drumrum.<br \/>\nDie Welt ist ein Jammertal. St\u00e4ndig passiert etwas, das uns m\u00fcde, ratlos, w\u00fctend macht. Oder alles vier zusammen.<br \/>\nDie vierte Sache, die es mit uns macht, wei\u00df man jetzt, da ich dies schreibe, noch nicht einmal. Aber bis Sie das lesen, wird sicher schon wieder nochmal was gewesen sein. Sie wissen es ja selbst.<br \/>\nSo gesehen ist es fast erstaunlich, wieviel sehr Lustiges trotzdem unverdrossen passiert. Was man jedoch wom\u00f6glich gar nicht immer mitkriegt, wenn es einem nicht erz\u00e4hlt wird.<br \/>\nDarum geht es in diesem Programm.<br \/>\nUm Geschichten, die erz\u00e4hlt und vorgelesen werden. Von mir. Eigentlich wie immer. Nur, da\u00df es neue Geschichten sind. Die im Hier und Jetzt spielen. Und trotzdem sehr witzig sind. Oder gerade deshalb. Zudem gibt es Tipps, wie man es sich trotz allem auch mal sch\u00f6n machen kann.<br \/>\nSo bereite ich beispielsweise f\u00fcr meine Frau seit einiger Zeit gerne kleinere Mahlzeiten auf meinem Kopf zu. Die sie mir dann direkt von der Glatze essen kann. Das machen nur wenige.<br \/>\nDabei f\u00fchlt es sich erstaunlich gut an, wenn einem Dinge vom Kopf gegessen werden.<br \/>\nNat\u00fcrlich ben\u00f6tigt man eine passende Frisur, damit es appetitlich bleibt. Doch wenn man die M\u00f6glichkeiten hat, ist das eine feine Sache. Da gibt es nur Gewinner...<\/p>","protected":false},"excerpt":{"rendered":"<p>Don&#039;t miss it!<\/p>","protected":false},"featured_media":63668,"template":"","meta":{"_acf_changed":false,"inline_featured_image":false},"product_brand":[],"product_cat":[6725,31,95,430,86,35,21,58],"product_tag":[954,941,5053,6774,942,951,968,943,944,958,5054,947,948],"class_list":{"0":"post-43209","1":"product","2":"type-product","3":"status-publish","4":"has-post-thumbnail","6":"product_cat-comedy","7":"product_cat-events","8":"product_cat-humor","9":"product_cat-kupfersaal","10":"product_cat-leipzig","11":"product_cat-orte","12":"product_cat-ticket","13":"product_cat-veranstaltung","14":"product_tag-comedy","15":"product_tag-events","16":"product_tag-horst-evers","17":"product_tag-humor","18":"product_tag-konzert","19":"product_tag-kultur","20":"product_tag-kupfersaal","21":"product_tag-leipzig","22":"product_tag-orte","23":"product_tag-show","24":"product_tag-so-gesehen-natuerlich-lustig","25":"product_tag-ticket","26":"product_tag-veranstaltung","27":"product_shipping_class-nur_paketversand","28":"pa_discount-ermaessigt","29":"pa_discount-normalpreis","30":"pa_preiskategorie-freie-platzwahl","32":"first","33":"instock","34":"taxable","35":"shipping-taxable","36":"purchasable","37":"product-type-variable"},"group_of_quantity":0,"min_quantity":0,"max_quantity":"","exclude_order_quantity_value_rules":"no","exclude_category_quantity_rules":"no","combine_variations":"no","acf":[],"_links":{"self":[{"href":"https:\/\/arena-ticket.com\/en\/wp-json\/wp\/v2\/product\/43209","targetHints":{"allow":["GET"]}}],"collection":[{"href":"https:\/\/arena-ticket.com\/en\/wp-json\/wp\/v2\/product"}],"about":[{"href":"https:\/\/arena-ticket.com\/en\/wp-json\/wp\/v2\/types\/product"}],"wp:featuredmedia":[{"embeddable":true,"href":"https:\/\/arena-ticket.com\/en\/wp-json\/wp\/v2\/media\/63668"}],"wp:attachment":[{"href":"https:\/\/arena-ticket.com\/en\/wp-json\/wp\/v2\/media?parent=43209"}],"wp:term":[{"taxonomy":"product_brand","embeddable":true,"href":"https:\/\/arena-ticket.com\/en\/wp-json\/wp\/v2\/product_brand?post=43209"},{"taxonomy":"product_cat","embeddable":true,"href":"https:\/\/arena-ticket.com\/en\/wp-json\/wp\/v2\/product_cat?post=43209"},{"taxonomy":"product_tag","embeddable":true,"href":"https:\/\/arena-ticket.com\/en\/wp-json\/wp\/v2\/product_tag?post=43209"}],"curies":[{"name":"wp","href":"https:\/\/api.w.org\/{rel}","templated":true}]}}