{"id":43214,"date":"2025-06-19T11:56:27","date_gmt":"2025-06-19T09:56:27","guid":{"rendered":"https:\/\/arena-ticket.com\/?p=43214&#038;post_type=product&#038;preview_id=43214"},"modified":"2026-01-22T13:36:58","modified_gmt":"2026-01-22T12:36:58","slug":"the-ten-tenors-i-time-of-your-life-tour-2026-chemnitz-stadthalle-chemnitz-15-05-2026-2000-uhr","status":"publish","type":"product","link":"https:\/\/arena-ticket.com\/en\/product\/the-ten-tenors-i-time-of-your-life-tour-2026-chemnitz-stadthalle-chemnitz-15-05-2026-2000-uhr\/","title":{"rendered":"THE TEN TENORS - Time of your Life - Tour 2026"},"content":{"rendered":"<section class=\"c-full c-inner c-narrow\" data-c=\"stageteasertext\" data-qa=\"stageteasertext-component\">\n<div class=\"container\">\n<div class=\"external-content no-margin\">\n<div class=\"u-position-relative js-moretext-wrapper\">\n<div class=\"moretext js-moretext expanded\" data-qa=\"readMoreText\">\n<div class=\"moretext-teaser\">\n<p>Zehn Jahre lang waren die TEN TENORS nicht in Deutschland aufgetreten \u2013 umso gr\u00f6\u00dfer war die Begeisterung, als sie 2025 ihre triumphale R\u00fcckkehr feierten. Die alteingesessenen Fans wurden erneut in ihren Bann gezogen, w\u00e4hrend eine v\u00f6llig neue Generation von Konzertbesuchern ihre einzigartige Show f\u00fcr sich entdeckte. Besonders beeindruckend war, dass die TEN TENORS mit eigens f\u00fcr die Deutschland-Tour einge\u00fcbten Songs \u00fcberraschten. Titel wie \u201eKomet\u201c von Udo Lindenberg &amp; Apache 207 oder \u201e99 Luftballons\u201c von Nena sorgten f\u00fcr Begeisterung und kamen beim Publikum hervorragend an.<\/p>\n<p>Mit ihrer mitrei\u00dfenden B\u00fchnenpr\u00e4senz, ihren einzigartigen Stimmen und der beeindruckenden Harmonie zwischen klassischer Opernkunst und moderner Popmusik haben die TEN TENORS erneut bewiesen, warum sie seit drei Jahrzehnten zu den erfolgreichsten und beliebtesten Gesangsgruppen der Welt geh\u00f6ren.<br \/>\nDas Publikum erlebte 2025 eine Show voller Emotionen, virtuoser Stimmkunst und ansteckender Begeisterung. Aufgrund dieses gro\u00dfen Erfolgs k\u00fcndigen die Ten\u00f6re nun voller Vorfreude ihre gro\u00dfe Time of Your Life Tour 2026 an, die noch spektakul\u00e4rer werden soll!<\/p>\n<p>Ein unvergessliches Live-Erlebnis \u2013 Die Time of Your Life Tour 2026<\/p>\n<\/div>\n<\/div>\n<\/div>\n<\/div>\n<\/div>\n<\/section>","protected":false},"excerpt":{"rendered":"<p>Ein unvergessliches Live-Erlebnis \u2013 Die Time of Your Life Tour 2026 - jetzt schon Tickets sichern!<\/p>\n<p>&nbsp;<\/p>\n<p>&nbsp;<\/p>\n<p>&nbsp;<\/p>\n<p>&nbsp;<\/p>","protected":false},"featured_media":64076,"template":"","meta":{"_acf_changed":false,"inline_featured_image":false},"product_brand":[],"product_cat":[103,31,6741,69,35,494,21,58],"product_tag":[992,941,2504,942,944,3031,3642,947,5285,948],"class_list":{"0":"post-43214","1":"product","2":"type-product","3":"status-publish","4":"has-post-thumbnail","6":"product_cat-chemnitz","7":"product_cat-events","8":"product_cat-klassik","9":"product_cat-konzert","10":"product_cat-orte","11":"product_cat-stadthalle-chemnitz","12":"product_cat-ticket","13":"product_cat-veranstaltung","14":"product_tag-chemnitz","15":"product_tag-events","16":"product_tag-klassik","17":"product_tag-konzert","18":"product_tag-orte","19":"product_tag-stadthalle-chemnitz","20":"product_tag-the-ten-tenors","21":"product_tag-ticket","22":"product_tag-time-of-your-life-tour-2026","23":"product_tag-veranstaltung","24":"product_shipping_class-nur_paketversand","25":"pa_discount-normalpreis","26":"pa_preiskategorie-pk-i","27":"pa_preiskategorie-pk-ii","28":"pa_preiskategorie-pk-iii","29":"pa_preiskategorie-pk-iv","31":"first","32":"instock","33":"taxable","34":"shipping-taxable","35":"purchasable","36":"product-type-variable"},"group_of_quantity":0,"min_quantity":0,"max_quantity":"","exclude_order_quantity_value_rules":"no","exclude_category_quantity_rules":"no","combine_variations":"no","acf":[],"_links":{"self":[{"href":"https:\/\/arena-ticket.com\/en\/wp-json\/wp\/v2\/product\/43214","targetHints":{"allow":["GET"]}}],"collection":[{"href":"https:\/\/arena-ticket.com\/en\/wp-json\/wp\/v2\/product"}],"about":[{"href":"https:\/\/arena-ticket.com\/en\/wp-json\/wp\/v2\/types\/product"}],"wp:featuredmedia":[{"embeddable":true,"href":"https:\/\/arena-ticket.com\/en\/wp-json\/wp\/v2\/media\/64076"}],"wp:attachment":[{"href":"https:\/\/arena-ticket.com\/en\/wp-json\/wp\/v2\/media?parent=43214"}],"wp:term":[{"taxonomy":"product_brand","embeddable":true,"href":"https:\/\/arena-ticket.com\/en\/wp-json\/wp\/v2\/product_brand?post=43214"},{"taxonomy":"product_cat","embeddable":true,"href":"https:\/\/arena-ticket.com\/en\/wp-json\/wp\/v2\/product_cat?post=43214"},{"taxonomy":"product_tag","embeddable":true,"href":"https:\/\/arena-ticket.com\/en\/wp-json\/wp\/v2\/product_tag?post=43214"}],"curies":[{"name":"wp","href":"https:\/\/api.w.org\/{rel}","templated":true}]}}