{"id":43234,"date":"2025-06-19T13:23:47","date_gmt":"2025-06-19T11:23:47","guid":{"rendered":"https:\/\/arena-ticket.com\/?p=43234&#038;post_type=product&#038;preview_id=43234"},"modified":"2026-02-17T13:18:28","modified_gmt":"2026-02-17T12:18:28","slug":"beyond-border-aftermath-tour-2026-leipzig-hellraiser-08-05-2026-2000-uhr","status":"publish","type":"product","link":"https:\/\/arena-ticket.com\/en\/product\/beyond-border-aftermath-tour-2026-leipzig-hellraiser-08-05-2026-2000-uhr\/","title":{"rendered":"BEYOND BORDER - AFTERMATH Tour 2026"},"content":{"rendered":"<p>BEYOND BORDER sind eine Liveband durch und durch \u2013 kraftvoll, emotional, pr\u00e4sent.<br \/>\nIhr B\u00fchnendeb\u00fct gaben sie als Support von Rotersand, gefolgt von Shows mit Aesthetic Perfection, S.I.T.D., Frozen Plasma, Solar Fake und vielen anderen. Selbst in den herausfordernden Zeiten der Pandemie blieben sie aktiv und sichtbar.<\/p>\n<p>2024 folgte ihre erste eigene Tour als Special Guests von Beyond Obsession, begleitet von gefeierten Auftritten auf gr\u00f6\u00dferen Open-Air-Festivals. Im Herbst ging es mit Alienare auf Tour \u2013 ebenso wie 2025 beim zweiten Teil. Wo BEYOND BORDER spielen, f\u00fcllen sich die Clubs \u2013 mit Energie, Bewegung und N\u00e4he zum Publikum.<\/p>\n<p>Ein besonderer Meilenstein: Ostern 2025 \u2013 der erste internationale Auftritt beim Resistanz Festival in Sheffield (UK). Und als Kr\u00f6nung: der Gewinn des M\u2019era Luna Newcomer Wettbewerbs. 2025 werden BEYOND BORDER die B\u00fchne des gr\u00f6\u00dften Szene-Festivals Europas er\u00f6ffnen \u2013 ein weiterer Beweis, dass ihr Weg erst am Anfang steht.<\/p>","protected":false},"excerpt":{"rendered":"<p>Get your tickets here now!<\/p>","protected":false},"featured_media":43236,"template":"","meta":{"_acf_changed":false,"inline_featured_image":false},"product_brand":[],"product_cat":[31,413,69,86,6736,35,21,58],"product_tag":[5880,5879,941,959,942,943,6819,944,947,948],"class_list":{"0":"post-43234","1":"product","2":"type-product","3":"status-publish","4":"has-post-thumbnail","6":"product_cat-events","7":"product_cat-hellraiser","8":"product_cat-konzert","9":"product_cat-leipzig","10":"product_cat-metal-metalcore","11":"product_cat-orte","12":"product_cat-ticket","13":"product_cat-veranstaltung","14":"product_tag-aftermath-tour-2026","15":"product_tag-beyond-border","16":"product_tag-events","17":"product_tag-hellraiser","18":"product_tag-konzert","19":"product_tag-leipzig","20":"product_tag-metal-metalcore","21":"product_tag-orte","22":"product_tag-ticket","23":"product_tag-veranstaltung","24":"product_shipping_class-nur_paketversand","25":"pa_discount-ermaessigt","26":"pa_discount-normalpreis","27":"pa_preiskategorie-stehplatz","29":"first","30":"outofstock","31":"taxable","32":"shipping-taxable","33":"purchasable","34":"product-type-variable"},"group_of_quantity":0,"min_quantity":0,"max_quantity":"","exclude_order_quantity_value_rules":"no","exclude_category_quantity_rules":"no","combine_variations":"no","acf":[],"_links":{"self":[{"href":"https:\/\/arena-ticket.com\/en\/wp-json\/wp\/v2\/product\/43234","targetHints":{"allow":["GET"]}}],"collection":[{"href":"https:\/\/arena-ticket.com\/en\/wp-json\/wp\/v2\/product"}],"about":[{"href":"https:\/\/arena-ticket.com\/en\/wp-json\/wp\/v2\/types\/product"}],"wp:featuredmedia":[{"embeddable":true,"href":"https:\/\/arena-ticket.com\/en\/wp-json\/wp\/v2\/media\/43236"}],"wp:attachment":[{"href":"https:\/\/arena-ticket.com\/en\/wp-json\/wp\/v2\/media?parent=43234"}],"wp:term":[{"taxonomy":"product_brand","embeddable":true,"href":"https:\/\/arena-ticket.com\/en\/wp-json\/wp\/v2\/product_brand?post=43234"},{"taxonomy":"product_cat","embeddable":true,"href":"https:\/\/arena-ticket.com\/en\/wp-json\/wp\/v2\/product_cat?post=43234"},{"taxonomy":"product_tag","embeddable":true,"href":"https:\/\/arena-ticket.com\/en\/wp-json\/wp\/v2\/product_tag?post=43234"}],"curies":[{"name":"wp","href":"https:\/\/api.w.org\/{rel}","templated":true}]}}