{"id":43245,"date":"2025-06-19T14:01:04","date_gmt":"2025-06-19T12:01:04","guid":{"rendered":"https:\/\/arena-ticket.com\/?p=43245&#038;post_type=product&#038;preview_id=43245"},"modified":"2025-06-19T14:12:42","modified_gmt":"2025-06-19T12:12:42","slug":"schattenmann-endgegner-tour-2026-leipzig-hellraiser-20-03-2026-2000-uhr","status":"publish","type":"product","link":"https:\/\/arena-ticket.com\/en\/product\/schattenmann-endgegner-tour-2026-leipzig-hellraiser-20-03-2026-2000-uhr\/","title":{"rendered":"Schattenmann  - \u201eEndgegner\u201c Tour 2026"},"content":{"rendered":"<p>2026 wird ein Meilenstein in der Bandgeschichte: Schattenmann gehen mit ihrem neuen Album, das Anfang des Jahres erscheinen wird, auf Endgegner-Tour. Das gleichnamige Werk markiert einen Wendepunkt \u2013 sowohl musikalisch als auch visuell schl\u00e4gt die Band ein neues Kapitel auf. Nach ihrem erfolgreichen Chartalbum D\u00eda de Muertos und der bisher gr\u00f6\u00dften Tour ihrer Karriere setzen Schattenmann ihren Innovationskurs unbeirrt fort \u2013 kompromisslos, kraftvoll und emotional wie nie. <\/p>","protected":false},"excerpt":{"rendered":"<p>Get your tickets here now!<\/p>","protected":false},"featured_media":43249,"template":"","meta":{"_acf_changed":false,"inline_featured_image":false},"product_brand":[],"product_cat":[31,413,69,86,35,6732,21,58],"product_tag":[5886,941,959,942,943,944,5885,947,948],"class_list":{"0":"post-43245","1":"product","2":"type-product","3":"status-publish","4":"has-post-thumbnail","6":"product_cat-events","7":"product_cat-hellraiser","8":"product_cat-konzert","9":"product_cat-leipzig","10":"product_cat-orte","11":"product_cat-rock-hard-rock","12":"product_cat-ticket","13":"product_cat-veranstaltung","14":"product_tag-endgegner-tour-2026","15":"product_tag-events","16":"product_tag-hellraiser","17":"product_tag-konzert","18":"product_tag-leipzig","19":"product_tag-orte","20":"product_tag-schattenmann","21":"product_tag-ticket","22":"product_tag-veranstaltung","23":"product_shipping_class-nur_paketversand","24":"pa_discount-ermaessigt","25":"pa_discount-normalpreis","26":"pa_preiskategorie-stehplatz","28":"first","29":"instock","30":"taxable","31":"shipping-taxable","32":"purchasable","33":"product-type-variable"},"group_of_quantity":0,"min_quantity":0,"max_quantity":"","exclude_order_quantity_value_rules":"no","exclude_category_quantity_rules":"no","combine_variations":"no","acf":[],"_links":{"self":[{"href":"https:\/\/arena-ticket.com\/en\/wp-json\/wp\/v2\/product\/43245","targetHints":{"allow":["GET"]}}],"collection":[{"href":"https:\/\/arena-ticket.com\/en\/wp-json\/wp\/v2\/product"}],"about":[{"href":"https:\/\/arena-ticket.com\/en\/wp-json\/wp\/v2\/types\/product"}],"wp:featuredmedia":[{"embeddable":true,"href":"https:\/\/arena-ticket.com\/en\/wp-json\/wp\/v2\/media\/43249"}],"wp:attachment":[{"href":"https:\/\/arena-ticket.com\/en\/wp-json\/wp\/v2\/media?parent=43245"}],"wp:term":[{"taxonomy":"product_brand","embeddable":true,"href":"https:\/\/arena-ticket.com\/en\/wp-json\/wp\/v2\/product_brand?post=43245"},{"taxonomy":"product_cat","embeddable":true,"href":"https:\/\/arena-ticket.com\/en\/wp-json\/wp\/v2\/product_cat?post=43245"},{"taxonomy":"product_tag","embeddable":true,"href":"https:\/\/arena-ticket.com\/en\/wp-json\/wp\/v2\/product_tag?post=43245"}],"curies":[{"name":"wp","href":"https:\/\/api.w.org\/{rel}","templated":true}]}}