{"id":43250,"date":"2025-06-19T14:10:53","date_gmt":"2025-06-19T12:10:53","guid":{"rendered":"https:\/\/arena-ticket.com\/?p=43250&#038;post_type=product&#038;preview_id=43250"},"modified":"2025-10-27T13:10:28","modified_gmt":"2025-10-27T12:10:28","slug":"katerfahrt-seemannsgarn-tour-2026-special-guest-tba-leipzig-hellraiser-27-02-2026-2000-uhr","status":"publish","type":"product","link":"https:\/\/arena-ticket.com\/en\/product\/katerfahrt-seemannsgarn-tour-2026-special-guest-tba-leipzig-hellraiser-27-02-2026-2000-uhr\/","title":{"rendered":"Katerfahrt - Seemannsgarn Tour 2026  + Special Guest: TBA"},"content":{"rendered":"<p>KATERFAHRT, eine sechsk\u00f6pfige Crew, die mit eigenen Texten und Melodien ihren SPICED PIRATE FOLK an die Leute bringen. Geige, Fl\u00f6te, Akustikgitarre das Ganze getragen von einem stampfenden und treibenden Fundament aus Schlagzeug und Bass sind die Grundzutaten des Pirate Folk Sounds, den Katerfahrt pr\u00e4sentieren. Dazu werden lustige bis ironische Texte in eing\u00e4ngigen Melodien besungen und das mit einer Stimme, die so roh und ungeschliffen klingt, wie es sich f\u00fcr Piraten geh\u00f6rt. Katerfahrt bringen eine gewaltige Energie auf die B\u00fchne und animieren das Publikum zum Singen, Tanzen und Feiern. Sie verwandeln jeden Ort in eine Hafenschenke, in der sie von der Seefahrt, vom Piratenleben und nicht zuletzt vom Rum singen.<\/p>","protected":false},"excerpt":{"rendered":"<p>Get your tickets here now!<\/p>","protected":false},"featured_media":52960,"template":"","meta":{"_acf_changed":false,"inline_featured_image":false},"product_brand":[],"product_cat":[31,413,69,86,35,6732,21,58],"product_tag":[941,959,5887,942,943,944,5888,947,948],"class_list":{"0":"post-43250","1":"product","2":"type-product","3":"status-publish","4":"has-post-thumbnail","6":"product_cat-events","7":"product_cat-hellraiser","8":"product_cat-konzert","9":"product_cat-leipzig","10":"product_cat-orte","11":"product_cat-rock-hard-rock","12":"product_cat-ticket","13":"product_cat-veranstaltung","14":"product_tag-events","15":"product_tag-hellraiser","16":"product_tag-katerfahrt","17":"product_tag-konzert","18":"product_tag-leipzig","19":"product_tag-orte","20":"product_tag-seemannsgarn-tour-2026-special-guest-tba","21":"product_tag-ticket","22":"product_tag-veranstaltung","23":"product_shipping_class-nur_paketversand","24":"pa_discount-ermaessigt","25":"pa_discount-normalpreis","26":"pa_preiskategorie-stehplatz","28":"first","29":"outofstock","30":"taxable","31":"shipping-taxable","32":"purchasable","33":"product-type-variable"},"group_of_quantity":0,"min_quantity":0,"max_quantity":"","exclude_order_quantity_value_rules":"no","exclude_category_quantity_rules":"no","combine_variations":"no","acf":[],"_links":{"self":[{"href":"https:\/\/arena-ticket.com\/en\/wp-json\/wp\/v2\/product\/43250","targetHints":{"allow":["GET"]}}],"collection":[{"href":"https:\/\/arena-ticket.com\/en\/wp-json\/wp\/v2\/product"}],"about":[{"href":"https:\/\/arena-ticket.com\/en\/wp-json\/wp\/v2\/types\/product"}],"wp:featuredmedia":[{"embeddable":true,"href":"https:\/\/arena-ticket.com\/en\/wp-json\/wp\/v2\/media\/52960"}],"wp:attachment":[{"href":"https:\/\/arena-ticket.com\/en\/wp-json\/wp\/v2\/media?parent=43250"}],"wp:term":[{"taxonomy":"product_brand","embeddable":true,"href":"https:\/\/arena-ticket.com\/en\/wp-json\/wp\/v2\/product_brand?post=43250"},{"taxonomy":"product_cat","embeddable":true,"href":"https:\/\/arena-ticket.com\/en\/wp-json\/wp\/v2\/product_cat?post=43250"},{"taxonomy":"product_tag","embeddable":true,"href":"https:\/\/arena-ticket.com\/en\/wp-json\/wp\/v2\/product_tag?post=43250"}],"curies":[{"name":"wp","href":"https:\/\/api.w.org\/{rel}","templated":true}]}}