{"id":43253,"date":"2025-06-19T14:17:10","date_gmt":"2025-06-19T12:17:10","guid":{"rendered":"https:\/\/arena-ticket.com\/?p=43253&#038;post_type=product&#038;preview_id=43253"},"modified":"2025-06-19T14:26:20","modified_gmt":"2025-06-19T12:26:20","slug":"pirates-kings-tour-2026-warkings-visions-of-atlantis-special-guest-induction-leipzig-hellraiser-14-02-2026-1900-uhr","status":"publish","type":"product","link":"https:\/\/arena-ticket.com\/en\/product\/pirates-kings-tour-2026-warkings-visions-of-atlantis-special-guest-induction-leipzig-hellraiser-14-02-2026-1900-uhr\/","title":{"rendered":"PIRATES &amp; KINGS TOUR 2026   - WARKINGS + VISIONS OF ATLANTIS  + SPECIAL GUEST: Induction"},"content":{"rendered":"<p>EXTRATOURS LIVE ENTERTAINMENT &amp; NAPALM EVENTS PRESENTS:<br \/>\nPIRATES &amp; KINGS \u2013 Die epische Allianz geht auf gro\u00dfe Tour!<\/p>\n<p>Zwei m\u00e4chtige Kr\u00e4fte des Symphonic und Power Metal vereinen sich zu einer spektakul\u00e4ren Live-Offensive: WARKINGS und VISIONS OF ATLANTIS begeben sich gemeinsam auf See \u2013 oder besser gesagt, auf Tour \u2013 unter dem Banner \u201cPirates &amp; Kings\u201d!<br \/>\nWenn die unb\u00e4ndige Energie der Krieger von WARKINGS auf die majest\u00e4tische Wucht und Sehnsucht der Freibeuter von VISIONS OF ATLANTIS trifft, ist ein episches Konzerterlebnis garantiert. Die beiden Bands bringen nicht nur ihre neuesten Alben mit auf die B\u00fchne, sondern auch ein bombastisches Livespektakel aus Hymnen, Geschichten und jeder Menge Metal-Spirit.<br \/>\nWARKINGS entfesseln mit donnernden Rhythmen und heldenhaften Ch\u00f6ren die Macht vergangener Zeiten. Ihre imposanten Shows sind bekannt f\u00fcr mitrei\u00dfende Power-Metal-Hymnen, mit denen sie ihre Fans in die Arena der G\u00f6tter entf\u00fchren.<br \/>\nVISIONS OF ATLANTIS, auf der anderen Seite, hissen die Segel in Richtung Symphonic-Metal-Himmel. Mit orchestraler Wucht, starken Stimmen und einem Faible f\u00fcr Piratenromantik entf\u00fchren sie ihr Publikum in die geheimnisvolle Welt jenseits des Horizonts.<br \/>\nDie \u201cPirates &amp; Kings\u201d-Tour ist mehr als nur ein Konzert \u2013 sie ist ein Aufruf an alle Metalheads, sich einem unvergesslichen Abenteuer anzuschlie\u00dfen. Macht euch bereit f\u00fcr eine Nacht voller Schlachten, Seeschlachten und epischer Geschichten \u2013 vereint unter einer Flagge!<\/p>","protected":false},"excerpt":{"rendered":"<p>Get your tickets here now!<\/p>","protected":false},"featured_media":43255,"template":"","meta":{"_acf_changed":false,"inline_featured_image":false},"product_brand":[],"product_cat":[31,413,69,86,6736,35,21,58],"product_tag":[941,959,942,943,944,5889,947,948,5890],"class_list":{"0":"post-43253","1":"product","2":"type-product","3":"status-publish","4":"has-post-thumbnail","6":"product_cat-events","7":"product_cat-hellraiser","8":"product_cat-konzert","9":"product_cat-leipzig","10":"product_cat-metal-metalcore","11":"product_cat-orte","12":"product_cat-ticket","13":"product_cat-veranstaltung","14":"product_tag-events","15":"product_tag-hellraiser","16":"product_tag-konzert","17":"product_tag-leipzig","18":"product_tag-orte","19":"product_tag-pirates-kings-tour-2026","20":"product_tag-ticket","21":"product_tag-veranstaltung","22":"product_tag-warkings-visions-of-atlantis-special-guest-induction","23":"product_shipping_class-nur_paketversand","24":"pa_discount-ermaessigt","25":"pa_discount-normalpreis","26":"pa_preiskategorie-stehplatz","28":"first","29":"instock","30":"taxable","31":"shipping-taxable","32":"purchasable","33":"product-type-variable"},"group_of_quantity":0,"min_quantity":0,"max_quantity":"","exclude_order_quantity_value_rules":"no","exclude_category_quantity_rules":"no","combine_variations":"no","acf":[],"_links":{"self":[{"href":"https:\/\/arena-ticket.com\/en\/wp-json\/wp\/v2\/product\/43253","targetHints":{"allow":["GET"]}}],"collection":[{"href":"https:\/\/arena-ticket.com\/en\/wp-json\/wp\/v2\/product"}],"about":[{"href":"https:\/\/arena-ticket.com\/en\/wp-json\/wp\/v2\/types\/product"}],"wp:featuredmedia":[{"embeddable":true,"href":"https:\/\/arena-ticket.com\/en\/wp-json\/wp\/v2\/media\/43255"}],"wp:attachment":[{"href":"https:\/\/arena-ticket.com\/en\/wp-json\/wp\/v2\/media?parent=43253"}],"wp:term":[{"taxonomy":"product_brand","embeddable":true,"href":"https:\/\/arena-ticket.com\/en\/wp-json\/wp\/v2\/product_brand?post=43253"},{"taxonomy":"product_cat","embeddable":true,"href":"https:\/\/arena-ticket.com\/en\/wp-json\/wp\/v2\/product_cat?post=43253"},{"taxonomy":"product_tag","embeddable":true,"href":"https:\/\/arena-ticket.com\/en\/wp-json\/wp\/v2\/product_tag?post=43253"}],"curies":[{"name":"wp","href":"https:\/\/api.w.org\/{rel}","templated":true}]}}