{"id":43259,"date":"2025-06-19T14:29:50","date_gmt":"2025-06-19T12:29:50","guid":{"rendered":"https:\/\/arena-ticket.com\/?p=43259&#038;post_type=product&#038;preview_id=43259"},"modified":"2025-06-26T12:20:47","modified_gmt":"2025-06-26T10:20:47","slug":"burning-witches-witches-kings-tour-2026-special-guest-hammer-king-leipzig-hellraiser-04-02-2026-2000-uhr","status":"publish","type":"product","link":"https:\/\/arena-ticket.com\/en\/product\/burning-witches-witches-kings-tour-2026-special-guest-hammer-king-leipzig-hellraiser-04-02-2026-2000-uhr\/","title":{"rendered":"Burning Witches - WITCHES &amp; KINGS TOUR 2026 + SPECIAL GUEST: Hammer King"},"content":{"rendered":"<p>EXTRATOURS LIVE ENTERTAINMENT PR\u00c4SENTIERT:<br \/>\nWITCHES &amp; KINGS TOUR 2026 BURNING WITCHES auf gro\u00dfer Headliner-Tour mit Special Guest HAMMER KING.<\/p>\n<p>Die Hexen rufen und der K\u00f6nig folgt! Im Fr\u00fchjahr 2026 begeben sich die Schweizer Heavy-Metal-Sensation BURNING WITCHES auf gro\u00dfe Headliner-Tour durch Europa. Unter dem Banner der WITCHES &amp;KINGS TOUR 2026 bringt die Band nicht nur ihre neue, mit Spannung erwartete Platte auf die B\u00fchne, sondern auch einen ganz besonderen Special Guest: HAMMER KING!<\/p>\n<p>Die energiegeladene Power von BURNING WITCHES, bekannt f\u00fcr ihren kompromisslosen Old-School-Sound, gepaart mit der epischen True-Metal-Wucht von HAMMER KING dieses Line-up ist ein Fest f\u00fcr alle Metalheads, die echte Handarbeit, m\u00e4chtige Riffs und mitrei\u00dfende Liveshows sch\u00e4tzen. BURNING WITCHES  Female fronted, full force: Die Band hat sich in den letzten Jahren einen festen Platz in der internationalen Metal-Szene erspielt und begeistert Fans weltweit mit einem Sound, der an die besten Zeitenvon Judas Priest, Warlock und Iron Maiden erinnert aber immer mit eigener Handschrift.<\/p>\n<p>HAMMER KING Die K\u00f6nige des Epic Heavy Metal liefern Hymnen voller St\u00e4rke, Pathos und Leidenschaft. Ihre Live-Auftritte sind kraftvolle Erlebnisse, bei denen kein Nacken still bleibt. Die WITCHES &amp; KINGS TOUR 2026 verspricht eine Nacht voller Headbanging, Feuer, Magie und k\u00f6niglicher Metal-Macht ein absolutes Muss f\u00fcr alle, die den Spirit des klassischen Heavy Metal lieben.<\/p>","protected":false},"excerpt":{"rendered":"<p>Get your tickets here now!<\/p>","protected":false},"featured_media":43261,"template":"","meta":{"_acf_changed":false,"inline_featured_image":false},"product_brand":[],"product_cat":[31,413,69,86,6736,35,21,58],"product_tag":[5893,941,959,942,943,944,947,948,5894],"class_list":{"0":"post-43259","1":"product","2":"type-product","3":"status-publish","4":"has-post-thumbnail","6":"product_cat-events","7":"product_cat-hellraiser","8":"product_cat-konzert","9":"product_cat-leipzig","10":"product_cat-metal-metalcore","11":"product_cat-orte","12":"product_cat-ticket","13":"product_cat-veranstaltung","14":"product_tag-burning-witches","15":"product_tag-events","16":"product_tag-hellraiser","17":"product_tag-konzert","18":"product_tag-leipzig","19":"product_tag-orte","20":"product_tag-ticket","21":"product_tag-veranstaltung","22":"product_tag-witches-kings-tour-2026-special-guest-hammer-king","23":"product_shipping_class-nur_paketversand","24":"pa_discount-ermaessigt","25":"pa_discount-normalpreis","26":"pa_preiskategorie-stehplatz","28":"first","29":"instock","30":"taxable","31":"shipping-taxable","32":"purchasable","33":"product-type-variable"},"group_of_quantity":0,"min_quantity":0,"max_quantity":"","exclude_order_quantity_value_rules":"no","exclude_category_quantity_rules":"no","combine_variations":"no","acf":[],"_links":{"self":[{"href":"https:\/\/arena-ticket.com\/en\/wp-json\/wp\/v2\/product\/43259","targetHints":{"allow":["GET"]}}],"collection":[{"href":"https:\/\/arena-ticket.com\/en\/wp-json\/wp\/v2\/product"}],"about":[{"href":"https:\/\/arena-ticket.com\/en\/wp-json\/wp\/v2\/types\/product"}],"wp:featuredmedia":[{"embeddable":true,"href":"https:\/\/arena-ticket.com\/en\/wp-json\/wp\/v2\/media\/43261"}],"wp:attachment":[{"href":"https:\/\/arena-ticket.com\/en\/wp-json\/wp\/v2\/media?parent=43259"}],"wp:term":[{"taxonomy":"product_brand","embeddable":true,"href":"https:\/\/arena-ticket.com\/en\/wp-json\/wp\/v2\/product_brand?post=43259"},{"taxonomy":"product_cat","embeddable":true,"href":"https:\/\/arena-ticket.com\/en\/wp-json\/wp\/v2\/product_cat?post=43259"},{"taxonomy":"product_tag","embeddable":true,"href":"https:\/\/arena-ticket.com\/en\/wp-json\/wp\/v2\/product_tag?post=43259"}],"curies":[{"name":"wp","href":"https:\/\/api.w.org\/{rel}","templated":true}]}}