{"id":43279,"date":"2025-06-20T11:48:27","date_gmt":"2025-06-20T09:48:27","guid":{"rendered":"https:\/\/arena-ticket.com\/?p=43279&#038;post_type=product&#038;preview_id=43279"},"modified":"2026-02-27T16:51:26","modified_gmt":"2026-02-27T15:51:26","slug":"mireille-mathieu-goodbye-my-love-goodbye-das-finale-der-welt-abschiedstournee-gewandhaus-zu-leipzig-grosser-saal-17-11-2026-2000-uhr","status":"publish","type":"product","link":"https:\/\/arena-ticket.com\/en\/product\/mireille-mathieu-goodbye-my-love-goodbye-das-finale-der-welt-abschiedstournee-gewandhaus-zu-leipzig-grosser-saal-17-11-2026-2000-uhr\/","title":{"rendered":"Mireille Mathieu - Goodbye my Love Goodbye - Das Finale der Welt - Abschiedstournee"},"content":{"rendered":"<p>Mireille Mathieu ist ein kulturelles Ph\u00e4nomen - eine lebende Legende. Ikone und absoluter Publikumsliebling. Ihr so viele Jahrzehnte anhaltender weltweiter Ruhm und ihre enorme Popularit\u00e4t beruhen auf einer wahrlich seltenen Mischung aus k\u00fcnstlerischer Best\u00e4ndigkeit, pers\u00f6nlicher Integrit\u00e4t, einer tiefen emotionalen Verbindung zu ihren Fans und einer lebenslangen Hingabe an die Musik.<\/p>\n<p>Am 22. Juli 2026 feiert Mireille Mathieu ihren 80. Geburtstag. Zu diesem Anlass macht die Grande Dame des Chansons sich selbst und ihren Fans das sch\u00f6nste Geschenk und kommt f\u00fcr 12 letzte Deutschland-Termine noch einmal live zur\u00fcck auf die B\u00fchne \u2013 zu einem denkbar w\u00fcrdigen Abschluss ihrer Weltkarriere: Mireille Mathieu live auf gro\u00dfer Welt-Abschiedstournee.<\/p>","protected":false},"excerpt":{"rendered":"<p>Get your tickets here now!<\/p>","protected":false},"featured_media":51477,"template":"","meta":{"_acf_changed":false,"inline_featured_image":false},"product_brand":[],"product_cat":[31,345,936,69,86,35,6734,21,58],"product_tag":[941,956,2832,5896,957,942,943,5895,944,2568,947,948],"class_list":{"0":"post-43279","1":"product","2":"type-product","3":"status-publish","4":"has-post-thumbnail","6":"product_cat-events","7":"product_cat-gewandhaus","8":"product_cat-grosser-saal","9":"product_cat-konzert","10":"product_cat-leipzig","11":"product_cat-orte","12":"product_cat-schlager","13":"product_cat-ticket","14":"product_cat-veranstaltung","15":"product_tag-events","16":"product_tag-gewandhaus","17":"product_tag-gewandhaus-grosser-saal","18":"product_tag-goodbye-my-love-goodbye-das-finale-der-welt-abschiedstournee","19":"product_tag-grosser-saal","20":"product_tag-konzert","21":"product_tag-leipzig","22":"product_tag-mireille-mathieu","23":"product_tag-orte","24":"product_tag-schlager","25":"product_tag-ticket","26":"product_tag-veranstaltung","27":"product_shipping_class-nur_paketversand","28":"pa_discount-ermaessigt","29":"pa_discount-normalpreis","30":"pa_preiskategorie-pk-i","31":"pa_preiskategorie-pk-ii","32":"pa_preiskategorie-pk-iii","33":"pa_preiskategorie-pk-iv","34":"pa_preiskategorie-pk-v","35":"pa_preiskategorie-premium","36":"pa_preiskategorie-premium-sitzplatz","38":"first","39":"instock","40":"taxable","41":"shipping-taxable","42":"purchasable","43":"product-type-variable"},"group_of_quantity":0,"min_quantity":0,"max_quantity":"","exclude_order_quantity_value_rules":"no","exclude_category_quantity_rules":"no","combine_variations":"no","acf":[],"_links":{"self":[{"href":"https:\/\/arena-ticket.com\/en\/wp-json\/wp\/v2\/product\/43279","targetHints":{"allow":["GET"]}}],"collection":[{"href":"https:\/\/arena-ticket.com\/en\/wp-json\/wp\/v2\/product"}],"about":[{"href":"https:\/\/arena-ticket.com\/en\/wp-json\/wp\/v2\/types\/product"}],"wp:featuredmedia":[{"embeddable":true,"href":"https:\/\/arena-ticket.com\/en\/wp-json\/wp\/v2\/media\/51477"}],"wp:attachment":[{"href":"https:\/\/arena-ticket.com\/en\/wp-json\/wp\/v2\/media?parent=43279"}],"wp:term":[{"taxonomy":"product_brand","embeddable":true,"href":"https:\/\/arena-ticket.com\/en\/wp-json\/wp\/v2\/product_brand?post=43279"},{"taxonomy":"product_cat","embeddable":true,"href":"https:\/\/arena-ticket.com\/en\/wp-json\/wp\/v2\/product_cat?post=43279"},{"taxonomy":"product_tag","embeddable":true,"href":"https:\/\/arena-ticket.com\/en\/wp-json\/wp\/v2\/product_tag?post=43279"}],"curies":[{"name":"wp","href":"https:\/\/api.w.org\/{rel}","templated":true}]}}