{"id":43305,"date":"2025-06-20T15:33:21","date_gmt":"2025-06-20T13:33:21","guid":{"rendered":"https:\/\/arena-ticket.com\/?p=43305&#038;post_type=product&#038;preview_id=43305"},"modified":"2025-06-20T16:56:56","modified_gmt":"2025-06-20T14:56:56","slug":"tiere-streicheln-menschen-ki-kuenstliche-idioten-wuk-theater-quartier-holzplatz-7a-06110-halle-saale-03-08-2025-1900-uhr","status":"publish","type":"product","link":"https:\/\/arena-ticket.com\/en\/product\/tiere-streicheln-menschen-ki-kuenstliche-idioten-wuk-theater-quartier-holzplatz-7a-06110-halle-saale-03-08-2025-1900-uhr\/","title":{"rendered":"Tiere streicheln Menschen: KI  - K\u00fcnstliche Idioten"},"content":{"rendered":"<p>Die Tiere sind zur\u00fcck!<\/p>\n<p>Martin \"Gotti\" Gottschild und Sven van Thom kehren nach einj\u00e4hriger Pause zur\u00fcck auf die B\u00fchne und bringen in Ihrer neuen Show \u201eKI - K\u00fcnstliche Idioten\u201c, neben brandneuen Geschichten und markersch\u00fctternden Liedern, endlich den Film mit, auf den die Welt lange genug gewartet hat.<\/p>\n<p>Ja, genau! Gotti und Sven haben einen Film gemacht! \u201eTRAM \u2013 Wasch' Dir vorm Sterben nochmal die H\u00e4nde!\" K\u00f6nnte man Filme riechen, dieser 30min\u00fctige Stra\u00dfenbahnwestern duftet zweifelsohne nach Mensch. Nach feuchtem Cis-Mensch.<\/p>\n<p>Es wird fantastisch und angenehm doof!<\/p>","protected":false},"excerpt":{"rendered":"<p>WUK Theater Quartier | Holzplatz 7a | 06110 HALLE (SAALE)<\/p>","protected":false},"featured_media":43307,"template":"","meta":{"_acf_changed":false,"inline_featured_image":false},"product_brand":[],"product_cat":[31,102,922,6764,35,21,58],"product_tag":[954,941,999,955,951,5898,943,944,958,947,5897,948],"class_list":{"0":"post-43305","1":"product","2":"type-product","3":"status-publish","4":"has-post-thumbnail","6":"product_cat-events","7":"product_cat-halle","8":"product_cat-kultur","9":"product_cat-lesung","10":"product_cat-orte","11":"product_cat-ticket","12":"product_cat-veranstaltung","13":"product_tag-comedy","14":"product_tag-events","15":"product_tag-halle","16":"product_tag-haus-leipzig","17":"product_tag-kultur","18":"product_tag-kuenstliche-idioten","19":"product_tag-leipzig","20":"product_tag-orte","21":"product_tag-show","22":"product_tag-ticket","23":"product_tag-tiere-streicheln-menschen-ki","24":"product_tag-veranstaltung","25":"product_shipping_class-nur_paketversand","26":"pa_discount-normalpreis","27":"pa_preiskategorie-freie-platzwahl","28":"pa_preiskategorie-sitzplatz","30":"first","31":"instock","32":"taxable","33":"shipping-taxable","34":"purchasable","35":"product-type-variable"},"group_of_quantity":0,"min_quantity":0,"max_quantity":"","exclude_order_quantity_value_rules":"no","exclude_category_quantity_rules":"no","combine_variations":"no","acf":[],"_links":{"self":[{"href":"https:\/\/arena-ticket.com\/en\/wp-json\/wp\/v2\/product\/43305","targetHints":{"allow":["GET"]}}],"collection":[{"href":"https:\/\/arena-ticket.com\/en\/wp-json\/wp\/v2\/product"}],"about":[{"href":"https:\/\/arena-ticket.com\/en\/wp-json\/wp\/v2\/types\/product"}],"wp:featuredmedia":[{"embeddable":true,"href":"https:\/\/arena-ticket.com\/en\/wp-json\/wp\/v2\/media\/43307"}],"wp:attachment":[{"href":"https:\/\/arena-ticket.com\/en\/wp-json\/wp\/v2\/media?parent=43305"}],"wp:term":[{"taxonomy":"product_brand","embeddable":true,"href":"https:\/\/arena-ticket.com\/en\/wp-json\/wp\/v2\/product_brand?post=43305"},{"taxonomy":"product_cat","embeddable":true,"href":"https:\/\/arena-ticket.com\/en\/wp-json\/wp\/v2\/product_cat?post=43305"},{"taxonomy":"product_tag","embeddable":true,"href":"https:\/\/arena-ticket.com\/en\/wp-json\/wp\/v2\/product_tag?post=43305"}],"curies":[{"name":"wp","href":"https:\/\/api.w.org\/{rel}","templated":true}]}}