{"id":43318,"date":"2025-06-20T17:04:07","date_gmt":"2025-06-20T15:04:07","guid":{"rendered":"https:\/\/arena-ticket.com\/?p=43318&#038;post_type=product&#038;preview_id=43318"},"modified":"2025-06-20T17:16:47","modified_gmt":"2025-06-20T15:16:47","slug":"tiere-streicheln-menschen-show-2-dresden-filmtheater-schauburg-10-10-2025-2100-uhr","status":"publish","type":"product","link":"https:\/\/arena-ticket.com\/en\/product\/tiere-streicheln-menschen-show-2-dresden-filmtheater-schauburg-10-10-2025-2100-uhr\/","title":{"rendered":"Tiere Streicheln Menschen  - Show #2 21.00 Uhr Beginn"},"content":{"rendered":"<p>&nbsp;<\/p>\n<p>Tiere streicheln Menschen, das ist die Action-Lesung, die sich w\u00e4rmend \u00fcber ihre Zuschauer legt, wie eine gl\u00fcckliche Henne \u00fcber ihre zitternden K\u00fcken. Tiere streicheln Menschen, das sind Martin \u201eGotti\u201c Gottschild und Sven van Thom. Gotti liest sehr lustige Geschichten \u00fcber Menschen, von denen man hofft, man w\u00fcrde ihnen nie begegnen. Sven singt wunderbare Lieder, die einen zwischen Melancholie und aberwitzigem Humor hin und her werfen. Zum Ende des Abends gibt\u2019s auch noch was f\u00fcrs Auge. Ob Gotti\u00b4s umwerfend komische \u201eDiavortr\u00e4ge\u201c sind oder der \u201eSandmann f\u00fcr Erwachsene\u201c, der die Nacht einl\u00e4utet? Lassen wir uns alle \u00fcberraschen.<\/p>\n<p>Achtung! Es gibt zwei Shows an einem Abend. Bitte die jeweiligen Zeiten beachten.<\/p>","protected":false},"excerpt":{"rendered":"<p>Don&#039;t miss it!<\/p>","protected":false},"featured_media":43317,"template":"","meta":{"_acf_changed":false,"inline_featured_image":false},"product_brand":[],"product_cat":[87,31,401,922,6764,35,21,58],"product_tag":[954,940,941,2783,944,958,5901,947,5899,948],"class_list":{"0":"post-43318","1":"product","2":"type-product","3":"status-publish","4":"has-post-thumbnail","6":"product_cat-dresden","7":"product_cat-events","8":"product_cat-filmtheater-schauburg","9":"product_cat-kultur","10":"product_cat-lesung","11":"product_cat-orte","12":"product_cat-ticket","13":"product_cat-veranstaltung","14":"product_tag-comedy","15":"product_tag-dresden","16":"product_tag-events","17":"product_tag-filmtheater-schauburg","18":"product_tag-orte","19":"product_tag-show","20":"product_tag-show-2-21-00-uhr-beginn","21":"product_tag-ticket","22":"product_tag-tiere-streicheln-menschen","23":"product_tag-veranstaltung","24":"product_shipping_class-nur_paketversand","25":"pa_discount-normalpreis","26":"pa_preiskategorie-freie-platzwahl","28":"first","29":"instock","30":"taxable","31":"shipping-taxable","32":"purchasable","33":"product-type-variable"},"group_of_quantity":0,"min_quantity":0,"max_quantity":"","exclude_order_quantity_value_rules":"no","exclude_category_quantity_rules":"no","combine_variations":"no","acf":[],"_links":{"self":[{"href":"https:\/\/arena-ticket.com\/en\/wp-json\/wp\/v2\/product\/43318","targetHints":{"allow":["GET"]}}],"collection":[{"href":"https:\/\/arena-ticket.com\/en\/wp-json\/wp\/v2\/product"}],"about":[{"href":"https:\/\/arena-ticket.com\/en\/wp-json\/wp\/v2\/types\/product"}],"wp:featuredmedia":[{"embeddable":true,"href":"https:\/\/arena-ticket.com\/en\/wp-json\/wp\/v2\/media\/43317"}],"wp:attachment":[{"href":"https:\/\/arena-ticket.com\/en\/wp-json\/wp\/v2\/media?parent=43318"}],"wp:term":[{"taxonomy":"product_brand","embeddable":true,"href":"https:\/\/arena-ticket.com\/en\/wp-json\/wp\/v2\/product_brand?post=43318"},{"taxonomy":"product_cat","embeddable":true,"href":"https:\/\/arena-ticket.com\/en\/wp-json\/wp\/v2\/product_cat?post=43318"},{"taxonomy":"product_tag","embeddable":true,"href":"https:\/\/arena-ticket.com\/en\/wp-json\/wp\/v2\/product_tag?post=43318"}],"curies":[{"name":"wp","href":"https:\/\/api.w.org\/{rel}","templated":true}]}}