{"id":43323,"date":"2025-06-20T17:19:28","date_gmt":"2025-06-20T15:19:28","guid":{"rendered":"https:\/\/arena-ticket.com\/?p=43323&#038;post_type=product&#038;preview_id=43323"},"modified":"2025-09-12T14:55:57","modified_gmt":"2025-09-12T12:55:57","slug":"smilla-dresden-filmtheater-schauburg-31-10-2025-2000-uhr","status":"publish","type":"product","link":"https:\/\/arena-ticket.com\/en\/product\/smilla-dresden-filmtheater-schauburg-31-10-2025-2000-uhr\/","title":{"rendered":"SMILLA"},"content":{"rendered":"<p>&nbsp;<\/p>\n<p>\u201eDAS IST ALLES, WAS ICH F\u00dcHL\u2026\u201c<br \/>\nSMILLA alias Silvana Mehnert ist seit 25 Jahren erfolgreich als S\u00e4ngerin, Komponistin und Texterin auf den B\u00fchnen Deutschlands unterwegs. In dieser Zeit hat sie sich als Mitglied der a cappella Popband \u201eMEDLZ\u201c, als Gasts\u00e4ngerin in verschiedenen Musikproduktionen und auch solistisch einen Namen gemacht.<\/p>\n<p>Ende November 2024 wird sie ihren musikalischen Kompass komplett neu ausrichten. Eine wohl\u00fcberlegte und zugleich mutige Entscheidung um sich selbst treu zu bleiben und der eigenen k\u00fcnstlerischen Stimme zu folgen. Sich den Ver\u00e4nderungen des Lebens zu stellen, wirkt wie eine Kraftquelle auf ihre Kreativit\u00e4t, was sich auch h\u00f6rbar in ihren Songs widerspiegelt.<\/p>\n<p>\u201eNEUE WEGE FINDET MAN BEIM GEHEN\u2026\u201c<br \/>\nSo erz\u00e4hlt sie von der Unvollkommenheit der Liebe, dem Gl\u00fccksgef\u00fchl beim Tanzen, dem Mut neue Wege fernab alter Gewohnheiten zu gehen und der Erkenntnis, dass ein Schweigen so viel mehr bedeuten kann. Ihre einpr\u00e4gsamen Melodien folgen jeder Emotion bis auf den Grund. Dabei verbindet sich ihre wandelbare Stimme ganz m\u00fchelos und organisch mit dem musikalischen Fundament aus warmen Keyboardsounds, funkigen Gitarren und erdigen Pop-Grooves. SMILLA \u2013 das ist deutschsprachiger Retro Pop, abseits sprachlicher Klischees, gespickt mit einer Prise Soul, die sowohl ins Herz als auch in die Beine geht. Denn manchmal geht\u2019s im Leben nur darum zu singen und zu tanzen.<\/p>","protected":false},"excerpt":{"rendered":"<p>Get your tickets now!<\/p>","protected":false},"featured_media":48897,"template":"","meta":{"_acf_changed":false,"inline_featured_image":false},"product_brand":[],"product_cat":[87,31,401,69,35,6733,21,58],"product_tag":[954,940,941,2783,942,951,944,958,5904,947,948],"class_list":{"0":"post-43323","1":"product","2":"type-product","3":"status-publish","4":"has-post-thumbnail","6":"product_cat-dresden","7":"product_cat-events","8":"product_cat-filmtheater-schauburg","9":"product_cat-konzert","10":"product_cat-orte","11":"product_cat-pop","12":"product_cat-ticket","13":"product_cat-veranstaltung","14":"product_tag-comedy","15":"product_tag-dresden","16":"product_tag-events","17":"product_tag-filmtheater-schauburg","18":"product_tag-konzert","19":"product_tag-kultur","20":"product_tag-orte","21":"product_tag-show","22":"product_tag-smilla","23":"product_tag-ticket","24":"product_tag-veranstaltung","25":"product_shipping_class-nur_paketversand","26":"pa_discount-normalpreis","27":"pa_preiskategorie-freie-platzwahl","29":"first","30":"instock","31":"taxable","32":"shipping-taxable","33":"purchasable","34":"product-type-variable"},"group_of_quantity":0,"min_quantity":0,"max_quantity":"","exclude_order_quantity_value_rules":"no","exclude_category_quantity_rules":"no","combine_variations":"no","acf":[],"_links":{"self":[{"href":"https:\/\/arena-ticket.com\/en\/wp-json\/wp\/v2\/product\/43323","targetHints":{"allow":["GET"]}}],"collection":[{"href":"https:\/\/arena-ticket.com\/en\/wp-json\/wp\/v2\/product"}],"about":[{"href":"https:\/\/arena-ticket.com\/en\/wp-json\/wp\/v2\/types\/product"}],"wp:featuredmedia":[{"embeddable":true,"href":"https:\/\/arena-ticket.com\/en\/wp-json\/wp\/v2\/media\/48897"}],"wp:attachment":[{"href":"https:\/\/arena-ticket.com\/en\/wp-json\/wp\/v2\/media?parent=43323"}],"wp:term":[{"taxonomy":"product_brand","embeddable":true,"href":"https:\/\/arena-ticket.com\/en\/wp-json\/wp\/v2\/product_brand?post=43323"},{"taxonomy":"product_cat","embeddable":true,"href":"https:\/\/arena-ticket.com\/en\/wp-json\/wp\/v2\/product_cat?post=43323"},{"taxonomy":"product_tag","embeddable":true,"href":"https:\/\/arena-ticket.com\/en\/wp-json\/wp\/v2\/product_tag?post=43323"}],"curies":[{"name":"wp","href":"https:\/\/api.w.org\/{rel}","templated":true}]}}