{"id":43341,"date":"2025-06-21T14:25:53","date_gmt":"2025-06-21T12:25:53","guid":{"rendered":"https:\/\/arena-ticket.com\/?p=43341&#038;post_type=product&#038;preview_id=43341"},"modified":"2026-02-11T13:25:22","modified_gmt":"2026-02-11T12:25:22","slug":"katrin-weber-und-tom-pauls-tom-cherie-leipzig-haus-leipzig-16-11-2026-1930-uhr","status":"publish","type":"product","link":"https:\/\/arena-ticket.com\/en\/product\/katrin-weber-und-tom-pauls-tom-cherie-leipzig-haus-leipzig-16-11-2026-1930-uhr\/","title":{"rendered":"Katrin Weber und Tom Pauls - Tom &amp; Cheri\u00e9"},"content":{"rendered":"<p>Mit ihrem beliebten B\u00fchnenprogramm \"Tom und Ch\u00e9rie\" sind Katrin Weber und Tom Pauls wieder f\u00fcr einige wenige Vorstellungen unterwegs.<\/p>\n<p>Wie Katz und Maus umschwirren sich die beiden erfolgreichsten Kom\u00f6dianten Mitteldeutschlands. Mann Tom sucht eben eine Frau. Doch so einfach ist das mit Ch\u00e9rie nicht. Das Weib scheint dem Herrn ein ewiges Mysterium zu bleiben. Katrin Weber versucht zwar Tom Pauls auf die Spr\u00fcnge zu helfen, das ewig Weibliche endlich zu verstehen. Sie lockt und fordert. Und tats\u00e4chlich: Er will ihr folgen, landet dabei aber zielsicher in jedem Fettn\u00e4pfchen. Ein grandioses kabarettistisches Verwirrspiel zwischen den Geschlechtern. Unsterbliche Melodien und Welthits werden exzellent zu h\u00f6ren sein, verpackt in einen gro\u00dfen musikalischen Spa\u00df, bei dem sich alles um das unersch\u00f6pfliche Thema \u201eSIE und ER und tausend Fragen\u201c dreht. Alles fast so wie im richtigen Leben \u2013 nur viel lustiger.Mit Humor, Charme und Esprit singen, spielen und tanzen die beiden K\u00fcnstler jonglierend zwischen den Welten von Chanson, Jazz, Pop und Musical. Musikalisch begleitet werden sie dabei von der Rainer-Vothel-Band.<\/p>","protected":false},"excerpt":{"rendered":"<p>Get your tickets here now!<\/p>","protected":false},"featured_media":64628,"template":"","meta":{"_acf_changed":false,"inline_featured_image":false},"product_brand":[],"product_cat":[31,349,95,6726,86,35,21,58],"product_tag":[954,941,955,6774,960,5907,951,943,944,958,947,5908,948],"class_list":{"0":"post-43341","1":"product","2":"type-product","3":"status-publish","4":"has-post-thumbnail","6":"product_cat-events","7":"product_cat-haus-leipzig","8":"product_cat-humor","9":"product_cat-kabarett","10":"product_cat-leipzig","11":"product_cat-orte","12":"product_cat-ticket","13":"product_cat-veranstaltung","14":"product_tag-comedy","15":"product_tag-events","16":"product_tag-haus-leipzig","17":"product_tag-humor","18":"product_tag-kabarett","19":"product_tag-katrin-weber-und-tom-pauls","20":"product_tag-kultur","21":"product_tag-leipzig","22":"product_tag-orte","23":"product_tag-show","24":"product_tag-ticket","25":"product_tag-tom-cherie","26":"product_tag-veranstaltung","27":"product_shipping_class-nur_paketversand","28":"pa_discount-normalpreis","29":"pa_preiskategorie-pk-i","30":"pa_preiskategorie-pk-ii","32":"first","33":"outofstock","34":"taxable","35":"shipping-taxable","36":"purchasable","37":"product-type-variable"},"group_of_quantity":0,"min_quantity":0,"max_quantity":"","exclude_order_quantity_value_rules":"no","exclude_category_quantity_rules":"no","combine_variations":"no","acf":[],"_links":{"self":[{"href":"https:\/\/arena-ticket.com\/en\/wp-json\/wp\/v2\/product\/43341","targetHints":{"allow":["GET"]}}],"collection":[{"href":"https:\/\/arena-ticket.com\/en\/wp-json\/wp\/v2\/product"}],"about":[{"href":"https:\/\/arena-ticket.com\/en\/wp-json\/wp\/v2\/types\/product"}],"wp:featuredmedia":[{"embeddable":true,"href":"https:\/\/arena-ticket.com\/en\/wp-json\/wp\/v2\/media\/64628"}],"wp:attachment":[{"href":"https:\/\/arena-ticket.com\/en\/wp-json\/wp\/v2\/media?parent=43341"}],"wp:term":[{"taxonomy":"product_brand","embeddable":true,"href":"https:\/\/arena-ticket.com\/en\/wp-json\/wp\/v2\/product_brand?post=43341"},{"taxonomy":"product_cat","embeddable":true,"href":"https:\/\/arena-ticket.com\/en\/wp-json\/wp\/v2\/product_cat?post=43341"},{"taxonomy":"product_tag","embeddable":true,"href":"https:\/\/arena-ticket.com\/en\/wp-json\/wp\/v2\/product_tag?post=43341"}],"curies":[{"name":"wp","href":"https:\/\/api.w.org\/{rel}","templated":true}]}}