{"id":43346,"date":"2025-06-21T14:40:40","date_gmt":"2025-06-21T12:40:40","guid":{"rendered":"https:\/\/arena-ticket.com\/?p=43346&#038;post_type=product&#038;preview_id=43346"},"modified":"2025-06-21T14:51:55","modified_gmt":"2025-06-21T12:51:55","slug":"michel-michel-von-wussow-tour-2026-neues-schauspiel-leipzig-16-10-2026-2100-uhr","status":"publish","type":"product","link":"https:\/\/arena-ticket.com\/en\/product\/michel-michel-von-wussow-tour-2026-neues-schauspiel-leipzig-16-10-2026-2100-uhr\/","title":{"rendered":"Mich\u00e8l von Wussow  - Tour 2026"},"content":{"rendered":"<p>Nach zwei gefeierten Alben und erfolgreichen Headline-Tourneen legt Mich\u00e8l von Wussow 2026 nach \u2013 mit neuen Songs im Gep\u00e4ck und seiner ganz eigenen Mischung aus emotionaler Tiefe und krachigem Indie-Sound zieht es ihn wieder auf die B\u00fchne.<\/p>\n<p>Der Hamburger Songwriter singt \u00fcber Trauma und Trost, \u00fcber Familie und Neuanf\u00e4nge \u2013 roh, nahbar, direkt. Sein drittes Album ist bereits in Planung. Mit neuen Songs, aber gewohnter Energie, geht\u2019s 2026 wieder auf Tour.<\/p>","protected":false},"excerpt":{"rendered":"<p>Get your tickets here now!<\/p>","protected":false},"featured_media":43348,"template":"","meta":{"_acf_changed":false,"inline_featured_image":false},"product_brand":[],"product_cat":[31,69,86,453,35,6733,21,58],"product_tag":[941,942,943,3793,2851,944,947,4188,948],"class_list":{"0":"post-43346","1":"product","2":"type-product","3":"status-publish","4":"has-post-thumbnail","6":"product_cat-events","7":"product_cat-konzert","8":"product_cat-leipzig","9":"product_cat-neues-schauspiel","10":"product_cat-orte","11":"product_cat-pop","12":"product_cat-ticket","13":"product_cat-veranstaltung","14":"product_tag-events","15":"product_tag-konzert","16":"product_tag-leipzig","17":"product_tag-michel-von-wussow","18":"product_tag-neues-schauspiel","19":"product_tag-orte","20":"product_tag-ticket","21":"product_tag-tour-2026","22":"product_tag-veranstaltung","23":"product_shipping_class-nur_paketversand","24":"pa_discount-normalpreis","25":"pa_preiskategorie-stehplatz","27":"first","28":"instock","29":"taxable","30":"shipping-taxable","31":"purchasable","32":"product-type-variable"},"group_of_quantity":0,"min_quantity":0,"max_quantity":"","exclude_order_quantity_value_rules":"no","exclude_category_quantity_rules":"no","combine_variations":"no","acf":[],"_links":{"self":[{"href":"https:\/\/arena-ticket.com\/en\/wp-json\/wp\/v2\/product\/43346","targetHints":{"allow":["GET"]}}],"collection":[{"href":"https:\/\/arena-ticket.com\/en\/wp-json\/wp\/v2\/product"}],"about":[{"href":"https:\/\/arena-ticket.com\/en\/wp-json\/wp\/v2\/types\/product"}],"wp:featuredmedia":[{"embeddable":true,"href":"https:\/\/arena-ticket.com\/en\/wp-json\/wp\/v2\/media\/43348"}],"wp:attachment":[{"href":"https:\/\/arena-ticket.com\/en\/wp-json\/wp\/v2\/media?parent=43346"}],"wp:term":[{"taxonomy":"product_brand","embeddable":true,"href":"https:\/\/arena-ticket.com\/en\/wp-json\/wp\/v2\/product_brand?post=43346"},{"taxonomy":"product_cat","embeddable":true,"href":"https:\/\/arena-ticket.com\/en\/wp-json\/wp\/v2\/product_cat?post=43346"},{"taxonomy":"product_tag","embeddable":true,"href":"https:\/\/arena-ticket.com\/en\/wp-json\/wp\/v2\/product_tag?post=43346"}],"curies":[{"name":"wp","href":"https:\/\/api.w.org\/{rel}","templated":true}]}}