{"id":43470,"date":"2025-06-25T12:28:10","date_gmt":"2025-06-25T10:28:10","guid":{"rendered":"https:\/\/arena-ticket.com\/?p=43470&#038;post_type=product&#038;preview_id=43470"},"modified":"2026-04-14T09:10:34","modified_gmt":"2026-04-14T07:10:34","slug":"ina-mueller-die-6-0-tour-quarterback-immobilien-arena-leipzig-14-11-2026-2000-uhr","status":"publish","type":"product","link":"https:\/\/arena-ticket.com\/en\/product\/ina-mueller-die-6-0-tour-quarterback-immobilien-arena-leipzig-14-11-2026-2000-uhr\/","title":{"rendered":"Ina M\u00fcller und Band - Die 6.0 Tour"},"content":{"rendered":"<p>Nach \"Weiblich. Ledig. 40\" sowie \"48\" und ihrem letzten Werk \"55\", das nur wenige Wochen nach Ver\u00f6ffentlichung mit einem Gold-Award veredelt wurde, bleibt Ina M\u00fcller ihrer Erfolgsformel treu und widmet auch ihrem n\u00e4chsten Lebensabschnitt ein eigenes Album. Ina M\u00fcller \"6.0\" erscheint am 14. November 2025 und kann ab sofort vorbestellt werden.<br \/>\nMit ihrer markanten, rauchig-souligen Stimme, ihrer mitrei\u00dfenden Energie und ihrem typisch norddeutschen Humor bringt Ina M\u00fcller gemeinsam mit ihrer Band zwischen Oktober 2026 und M\u00e4rz 2027 die neuen Songs live auf die B\u00fchne. Authentisch, nahbar und mitrei\u00dfend wie eh und je wird sie das Publikum mit ihrer beeindruckenden B\u00fchnenpr\u00e4senz in den Bann ziehen und durch die einzigartige Verbindung von Musik und Unterhaltung unvergessliche Konzertmomente schaffen \u2013 echte Ina-M\u00fcller-Erlebnisse, wie man sie kennt und liebt.<\/p>","protected":false},"excerpt":{"rendered":"<p>Get your tickets here now!<\/p>","protected":false},"featured_media":50261,"template":"","meta":{"_acf_changed":false,"inline_featured_image":false},"product_brand":[],"product_cat":[31,69,86,35,37,6746,21,22,58,6581],"product_tag":[5920,941,5921,942,943,944,945,958,6814,947,973,948,2048],"class_list":{"0":"post-43470","1":"product","2":"type-product","3":"status-publish","4":"has-post-thumbnail","6":"product_cat-events","7":"product_cat-konzert","8":"product_cat-leipzig","9":"product_cat-orte","10":"product_cat-quarterback-immobilien-arena","11":"product_cat-singer-songwriter","12":"product_cat-ticket","13":"product_cat-ticketupgrades-zusatzleistungen","14":"product_cat-veranstaltung","15":"product_cat-weihnachten","16":"product_tag-die-6-0-tour","17":"product_tag-events","18":"product_tag-ina-mueller-und-band","19":"product_tag-konzert","20":"product_tag-leipzig","21":"product_tag-orte","22":"product_tag-quarterback-immobilien-arena","23":"product_tag-show","24":"product_tag-singer-songwriter","25":"product_tag-ticket","26":"product_tag-ticketupgrades-zusatzleistungen","27":"product_tag-veranstaltung","28":"product_tag-weihnachten","29":"product_shipping_class-abholung_paketversand","30":"pa_discount-inklusive-begleitperson","31":"pa_discount-normalpreis","32":"pa_discount-vip-sitzplatz","33":"pa_preiskategorie-ggv-up","34":"pa_preiskategorie-pgv-up","35":"pa_preiskategorie-pk-i","36":"pa_preiskategorie-pk-ii","37":"pa_preiskategorie-pk-iii","38":"pa_preiskategorie-pk-iv","39":"pa_preiskategorie-pk-v","40":"pa_preiskategorie-rollstuhlfahrer","41":"pa_preiskategorie-vip-package","42":"pa_preiskategorie-vip-package-backstage-club","43":"pa_preiskategorie-vipu-up","45":"first","46":"instock","47":"taxable","48":"shipping-taxable","49":"purchasable","50":"product-type-variable"},"group_of_quantity":0,"min_quantity":0,"max_quantity":"","exclude_order_quantity_value_rules":"no","exclude_category_quantity_rules":"no","combine_variations":"no","acf":[],"_links":{"self":[{"href":"https:\/\/arena-ticket.com\/en\/wp-json\/wp\/v2\/product\/43470","targetHints":{"allow":["GET"]}}],"collection":[{"href":"https:\/\/arena-ticket.com\/en\/wp-json\/wp\/v2\/product"}],"about":[{"href":"https:\/\/arena-ticket.com\/en\/wp-json\/wp\/v2\/types\/product"}],"wp:featuredmedia":[{"embeddable":true,"href":"https:\/\/arena-ticket.com\/en\/wp-json\/wp\/v2\/media\/50261"}],"wp:attachment":[{"href":"https:\/\/arena-ticket.com\/en\/wp-json\/wp\/v2\/media?parent=43470"}],"wp:term":[{"taxonomy":"product_brand","embeddable":true,"href":"https:\/\/arena-ticket.com\/en\/wp-json\/wp\/v2\/product_brand?post=43470"},{"taxonomy":"product_cat","embeddable":true,"href":"https:\/\/arena-ticket.com\/en\/wp-json\/wp\/v2\/product_cat?post=43470"},{"taxonomy":"product_tag","embeddable":true,"href":"https:\/\/arena-ticket.com\/en\/wp-json\/wp\/v2\/product_tag?post=43470"}],"curies":[{"name":"wp","href":"https:\/\/api.w.org\/{rel}","templated":true}]}}