{"id":43529,"date":"2025-06-26T12:18:59","date_gmt":"2025-06-26T10:18:59","guid":{"rendered":"https:\/\/arena-ticket.com\/?p=43529&#038;post_type=product&#038;preview_id=43529"},"modified":"2025-06-26T12:40:29","modified_gmt":"2025-06-26T10:40:29","slug":"erdling-support-aeverium-mana-tour-2026-leipzig-hellraiser-24-01-2026-2000-uhr","status":"publish","type":"product","link":"https:\/\/arena-ticket.com\/en\/product\/erdling-support-aeverium-mana-tour-2026-leipzig-hellraiser-24-01-2026-2000-uhr\/","title":{"rendered":"ERDLING + support: AEVERIUM  - Mana Tour 2026"},"content":{"rendered":"<p>Nach ihrem erfolgreichen zehnten Jubil\u00e4um starten Erdling in die n\u00e4chste Runde: F\u00fcr den kommenden Winter hat die Dark-Metal-Band ihre n\u00e4chste Tour angek\u00fcndigt \u2013 passend zum siebten Studioalbum, das bereits fertig auf dem Tisch liegt und darauf wartet, ver\u00f6ffentlicht zu werden. Seit ihrer Gr\u00fcndung im Jahr 2014 hat sich das Quartett mit seinem unverkennbaren Sound eine feste Gr\u00f6\u00dfe in der Dark-Metal-Szene erarbeitet.<\/p>\n<p>Alle bisherigen Alben schafften den Sprung in die deutschen Charts, und mit Auftritten bei renommierten Festivals wie dem Amphi Festival, M\u2019era Luna und Summer Breeze begeisterten sie ihr Publikum. Ihre Jubil\u00e4umstour \u00fcbertraf alle Erwartungen und stellte neue Zuschauerrekorde auf. \u201eGesundes und stetiges Wachstum, gepaart mit Geduld und Beharrlichkeit \u2013 das war immer unser Schl\u00fcssel zum Erfolg. \u201eUnd genau das zahlt sich jetzt aus\u201c, erkl\u00e4rt Frontmann Neill Freiwald.<\/p>\n<p>Das kommende Album verspricht eine faszinierende Symbiose aus mythologischen und mystischen Elementen, eingebettet in einen hochkar\u00e4tigen Metalsound, produziert im renommierten Fascination Street Studio (bekannt durch Arbeiten f\u00fcr Amorphis und Arch Enemy). Als Special Guest zur \u201cMana-Tour\u201d verpflichten Erdling diesmal die Symphonic-Metal-Band \u201cAeverium\u201d.<\/p>","protected":false},"excerpt":{"rendered":"<p>Get your tickets here now!<\/p>","protected":false},"featured_media":43531,"template":"","meta":{"_acf_changed":false,"inline_featured_image":false},"product_brand":[],"product_cat":[31,413,69,86,6736,35,21,58],"product_tag":[5924,941,959,942,943,5925,944,947,948],"class_list":{"0":"post-43529","1":"product","2":"type-product","3":"status-publish","4":"has-post-thumbnail","6":"product_cat-events","7":"product_cat-hellraiser","8":"product_cat-konzert","9":"product_cat-leipzig","10":"product_cat-metal-metalcore","11":"product_cat-orte","12":"product_cat-ticket","13":"product_cat-veranstaltung","14":"product_tag-erdling-support-aeverium","15":"product_tag-events","16":"product_tag-hellraiser","17":"product_tag-konzert","18":"product_tag-leipzig","19":"product_tag-mana-tour-2026","20":"product_tag-orte","21":"product_tag-ticket","22":"product_tag-veranstaltung","23":"product_shipping_class-nur_paketversand","24":"pa_discount-ermaessigt","25":"pa_discount-normalpreis","26":"pa_preiskategorie-stehplatz","28":"first","29":"instock","30":"taxable","31":"shipping-taxable","32":"purchasable","33":"product-type-variable"},"group_of_quantity":0,"min_quantity":0,"max_quantity":"","exclude_order_quantity_value_rules":"no","exclude_category_quantity_rules":"no","combine_variations":"no","acf":[],"_links":{"self":[{"href":"https:\/\/arena-ticket.com\/en\/wp-json\/wp\/v2\/product\/43529","targetHints":{"allow":["GET"]}}],"collection":[{"href":"https:\/\/arena-ticket.com\/en\/wp-json\/wp\/v2\/product"}],"about":[{"href":"https:\/\/arena-ticket.com\/en\/wp-json\/wp\/v2\/types\/product"}],"wp:featuredmedia":[{"embeddable":true,"href":"https:\/\/arena-ticket.com\/en\/wp-json\/wp\/v2\/media\/43531"}],"wp:attachment":[{"href":"https:\/\/arena-ticket.com\/en\/wp-json\/wp\/v2\/media?parent=43529"}],"wp:term":[{"taxonomy":"product_brand","embeddable":true,"href":"https:\/\/arena-ticket.com\/en\/wp-json\/wp\/v2\/product_brand?post=43529"},{"taxonomy":"product_cat","embeddable":true,"href":"https:\/\/arena-ticket.com\/en\/wp-json\/wp\/v2\/product_cat?post=43529"},{"taxonomy":"product_tag","embeddable":true,"href":"https:\/\/arena-ticket.com\/en\/wp-json\/wp\/v2\/product_tag?post=43529"}],"curies":[{"name":"wp","href":"https:\/\/api.w.org\/{rel}","templated":true}]}}