{"id":43537,"date":"2025-06-26T14:50:05","date_gmt":"2025-06-26T12:50:05","guid":{"rendered":"https:\/\/arena-ticket.com\/?p=43537&#038;post_type=product&#038;preview_id=43537"},"modified":"2025-06-27T09:55:49","modified_gmt":"2025-06-27T07:55:49","slug":"tankard-special-guest-pripjat-leipzig-hellraiser-26-12-2025-2000-uhr","status":"publish","type":"product","link":"https:\/\/arena-ticket.com\/en\/product\/tankard-special-guest-pripjat-leipzig-hellraiser-26-12-2025-2000-uhr\/","title":{"rendered":"Tankard + special guest - Pripjat"},"content":{"rendered":"<p>Als sich im Jahr 1982 vier langhaarige Metal Maniacs in Frankfurt am Main dazu entschlossen haben, eine Band namens TANKARD (engl. f\u00fcr \u201eBierkrug\u201c) zu gr\u00fcnden, ahnte wohl keiner der Beteiligten, dass es die Gruppe \u00fcber drei Jahrzehnte sp\u00e4ter noch immer geben w\u00fcrde, geschweige denn, dass die Band sich zur Speerspitze des deutsche Thrash Metal mausern w\u00fcrde. Doch es gibt sie noch! Und das ohne Unterbrechung. Im Zeitalter zahlloser \u201eReunion-Phantome\u201c, die mal kurz aus der Gruft schie\u00dfen, die Hand aufhalten, um dann wieder zu Staub zerfallen, hielten TANKARD die Flagge des Thrash Metal unerbittlich nach oben: eine respektable Leistung! NOT ONE DAY DEAD!<\/p>\n<p>PRIPJAT aus K\u00f6ln sind eine junge Thrash Metal Band, deren Vorbilder ohne Zweifel bei Kreator und Slayer liegen. Mit ihrem Album `Sons of Tschernobyl\u00b4 haben die Burschen ein ordentliches Thrash Metal Brett abgeliefert, welches man geh\u00f6rt haben sollte. Coole Songs, fette Riffs und eine wahnsinnige Liveshow machen diesen Newcomer zu einer ganz speziellen Band.<\/p>","protected":false},"excerpt":{"rendered":"<p>Get your tickets here now!<\/p>","protected":false},"featured_media":43541,"template":"","meta":{"_acf_changed":false,"inline_featured_image":false},"product_brand":[],"product_cat":[31,413,69,86,35,6732,21,58],"product_tag":[941,959,942,943,944,5929,5928,947,948],"class_list":{"0":"post-43537","1":"product","2":"type-product","3":"status-publish","4":"has-post-thumbnail","6":"product_cat-events","7":"product_cat-hellraiser","8":"product_cat-konzert","9":"product_cat-leipzig","10":"product_cat-orte","11":"product_cat-rock-hard-rock","12":"product_cat-ticket","13":"product_cat-veranstaltung","14":"product_tag-events","15":"product_tag-hellraiser","16":"product_tag-konzert","17":"product_tag-leipzig","18":"product_tag-orte","19":"product_tag-pripjat","20":"product_tag-tankard-special-guest","21":"product_tag-ticket","22":"product_tag-veranstaltung","23":"product_shipping_class-nur_paketversand","24":"pa_discount-ermaessigt","25":"pa_discount-normalpreis","26":"pa_preiskategorie-stehplatz","28":"first","29":"instock","30":"taxable","31":"shipping-taxable","32":"purchasable","33":"product-type-variable"},"group_of_quantity":0,"min_quantity":0,"max_quantity":"","exclude_order_quantity_value_rules":"no","exclude_category_quantity_rules":"no","combine_variations":"no","acf":[],"_links":{"self":[{"href":"https:\/\/arena-ticket.com\/en\/wp-json\/wp\/v2\/product\/43537","targetHints":{"allow":["GET"]}}],"collection":[{"href":"https:\/\/arena-ticket.com\/en\/wp-json\/wp\/v2\/product"}],"about":[{"href":"https:\/\/arena-ticket.com\/en\/wp-json\/wp\/v2\/types\/product"}],"wp:featuredmedia":[{"embeddable":true,"href":"https:\/\/arena-ticket.com\/en\/wp-json\/wp\/v2\/media\/43541"}],"wp:attachment":[{"href":"https:\/\/arena-ticket.com\/en\/wp-json\/wp\/v2\/media?parent=43537"}],"wp:term":[{"taxonomy":"product_brand","embeddable":true,"href":"https:\/\/arena-ticket.com\/en\/wp-json\/wp\/v2\/product_brand?post=43537"},{"taxonomy":"product_cat","embeddable":true,"href":"https:\/\/arena-ticket.com\/en\/wp-json\/wp\/v2\/product_cat?post=43537"},{"taxonomy":"product_tag","embeddable":true,"href":"https:\/\/arena-ticket.com\/en\/wp-json\/wp\/v2\/product_tag?post=43537"}],"curies":[{"name":"wp","href":"https:\/\/api.w.org\/{rel}","templated":true}]}}