{"id":43561,"date":"2025-06-26T18:49:26","date_gmt":"2025-06-26T16:49:26","guid":{"rendered":"https:\/\/arena-ticket.com\/?p=43561&#038;post_type=product&#038;preview_id=43561"},"modified":"2025-12-05T14:22:43","modified_gmt":"2025-12-05T13:22:43","slug":"irish-christmas-seldom-sober-company-friends-peterskirche-leipzig-20-12-2025-1930-uhr","status":"publish","type":"product","link":"https:\/\/arena-ticket.com\/en\/product\/irish-christmas-seldom-sober-company-friends-peterskirche-leipzig-20-12-2025-1930-uhr\/","title":{"rendered":"Irish Christmas  - Seldom Sober Company &amp; Friends"},"content":{"rendered":"<p>Zum 2. Mal kommt die legend\u00e4re Irish-Christmas-Tour der Seldom Sober Company im in das Carl Maria von Weber Theater nach Bernburg. Seit 13 Jahren gibt es dieses besinnliche, berauschende, groovende und humorvolle Musikfest. Das Konzept geht voll auf, was man auch daran sieht, dass der Besucherandrang in dieser Zeit von Jahr zu Jahr gestiegen ist. Immer mehr Veranstaltungen waren mittlerweile in den letzten Jahren ausverkauft.<\/p>\n<p>Traditionell l\u00e4dt sich die Band musikalische G\u00e4ste zu den Irish Christmas Konzerten ein. In diesem Jahr erstmals dabei ist der Uilleann-Piper Frederick Tekook. Die Ulleann Pipe geh\u00f6rt mit zu den anspruchsvollsten Instrumenten aus der Gruppe der Dudels\u00e4cke. Ihr warmer Klang ist in der irischen Musik weit verbreitet. Aus Weimar kommt der Multiinstrumentalist Franz Merker, der Geige, Banjo, Gitarre und Fl\u00f6te spielt. Merker legt viel Wert auf die authentische Interpretation irischer Tanzst\u00fccke, sogenannte \"tunes\". Alex Wurlitzer, Musiker, Produzent und Studiobetreiber spielt eine erstklassige Resonatorgitarre. Musikalisch kommt er aus dem Bereich Americana. Diese Richtung wird er auch in diesem Jahr in einigen ausgew\u00e4hlten St\u00fccken pr\u00e4sentieren. Damit ist die Band f\u00fcr 2025 komplett, h\u00e4lt jedoch mit der Irish Stept\u00e4nzerin Marie Christin John noch ein weiteres Highlight bereit.<\/p>\n<p>Die Seldom Sober Company wurde 2003 mit einem Konzert in Zella-Mehlis aus der Taufe gehoben. Mit mittlerweile \u00fcber 1000 Konzerten in Deutschland, Belgien, D\u00e4nemark, \u00d6sterreich, 600m unter Tage in einem Bergwerk, auf einem Kreuzfahrtschiff, auf verschiedensten Burgen, in zahlreichen Kirchen, in einem gro\u00dfen Bahnhof, auf einem Raddampfer, im Tagebau und vielen weiteren Orten hat die Band in den letzten Jahren zehntausende Menschen begeistert. Im Dezember 2025 gibt es Konzerte in Leipzig, Halle, Merseburg, Bernburg, Wolfen, K\u00f6then, Ballenstedt, Arnstadt, Suhl und Pritzwalk. In ihren Konzerten erz\u00e4hlen sie skurrile Geschichten um das Weihnachtsfest in Irland und machen gleichzeitig jahrhundertealte Traditionen lebendig. Mit Dudelsack, Banjos, Geige, Mandoline, Gitarren und Gesang begeistern sie immer wieder ihr Publikum. Lassen Sie sich also verzaubern und \u00fcberraschen!<\/p>","protected":false},"excerpt":{"rendered":"<p>Secure your tickets!<\/p>","protected":false},"featured_media":55810,"template":"","meta":{"_acf_changed":false,"inline_featured_image":false},"product_brand":[],"product_cat":[31,69,86,35,476,6745,21,58,6581],"product_tag":[941,4096,942,943,944,964,4097,947,948,2048],"class_list":{"0":"post-43561","1":"product","2":"type-product","3":"status-publish","4":"has-post-thumbnail","6":"product_cat-events","7":"product_cat-konzert","8":"product_cat-leipzig","9":"product_cat-orte","10":"product_cat-peterskirche","11":"product_cat-punk-punkrock","12":"product_cat-ticket","13":"product_cat-veranstaltung","14":"product_cat-weihnachten","15":"product_tag-events","16":"product_tag-irish-christmas","17":"product_tag-konzert","18":"product_tag-leipzig","19":"product_tag-orte","20":"product_tag-peterskirche","21":"product_tag-seldom-sober-company-friends","22":"product_tag-ticket","23":"product_tag-veranstaltung","24":"product_tag-weihnachten","25":"product_shipping_class-nur_paketversand","26":"pa_discount-normalpreis","27":"pa_preiskategorie-freie-platzwahl","29":"first","30":"instock","31":"taxable","32":"shipping-taxable","33":"purchasable","34":"product-type-variable"},"group_of_quantity":0,"min_quantity":0,"max_quantity":"","exclude_order_quantity_value_rules":"no","exclude_category_quantity_rules":"no","combine_variations":"no","acf":[],"_links":{"self":[{"href":"https:\/\/arena-ticket.com\/en\/wp-json\/wp\/v2\/product\/43561","targetHints":{"allow":["GET"]}}],"collection":[{"href":"https:\/\/arena-ticket.com\/en\/wp-json\/wp\/v2\/product"}],"about":[{"href":"https:\/\/arena-ticket.com\/en\/wp-json\/wp\/v2\/types\/product"}],"wp:featuredmedia":[{"embeddable":true,"href":"https:\/\/arena-ticket.com\/en\/wp-json\/wp\/v2\/media\/55810"}],"wp:attachment":[{"href":"https:\/\/arena-ticket.com\/en\/wp-json\/wp\/v2\/media?parent=43561"}],"wp:term":[{"taxonomy":"product_brand","embeddable":true,"href":"https:\/\/arena-ticket.com\/en\/wp-json\/wp\/v2\/product_brand?post=43561"},{"taxonomy":"product_cat","embeddable":true,"href":"https:\/\/arena-ticket.com\/en\/wp-json\/wp\/v2\/product_cat?post=43561"},{"taxonomy":"product_tag","embeddable":true,"href":"https:\/\/arena-ticket.com\/en\/wp-json\/wp\/v2\/product_tag?post=43561"}],"curies":[{"name":"wp","href":"https:\/\/api.w.org\/{rel}","templated":true}]}}