{"id":43594,"date":"2025-06-27T12:34:40","date_gmt":"2025-06-27T10:34:40","guid":{"rendered":"https:\/\/arena-ticket.com\/?p=43594&#038;post_type=product&#038;preview_id=43594"},"modified":"2025-06-27T15:08:26","modified_gmt":"2025-06-27T13:08:26","slug":"motorjesus-streets-of-fire-tour-2025-special-guest-lost-sanctuary-leipzig-hellraiser-05-09-2025-2000-uhr","status":"publish","type":"product","link":"https:\/\/arena-ticket.com\/en\/product\/motorjesus-streets-of-fire-tour-2025-special-guest-lost-sanctuary-leipzig-hellraiser-05-09-2025-2000-uhr\/","title":{"rendered":"Motorjesus Streets of Fire Tour 2025  - SPECIAL GUEST: Lost Sanctuary"},"content":{"rendered":"<p>Motorjesus starten im Herbst 2025 die \u201eStreets of Fire\u201c Tour durch die Rock und Metal Clubs Deutschlands. Der F\u00fcnfer aus dem Rheinland bezeichnet seine Musik als High-Octane Heavy Rock und konnte bereits mit dem vergangenen Album Hellbreaker auf Platz 20 der Deutschen Albumcharts einsteigen. Nun steht im Juni ein neues Album an, mit dem der F\u00fcnfer wieder Live auf die Tube dr\u00fccken  will. Hauptsache die F\u00e4uste gehen nach oben und das Gaspedal wird durchgetreten.<\/p>\n<p>Als \u201every Special Guest\u201c dabei ist das Bremer Heavy Metal Commando Lost Sanctuary, deren Gitarrist und Frontmann Dan Gaube viele Jahre bei der erfolgreichen britischen Heavy Metal Institution Monument gespielt hat. Die Jungs vereinen bei Lost Sanctuary modernen klassischen Heavy Metal mit modernem Thrashgroove auf ihren neuen Album \u201eHarbinger of Chaos\u201c. Ein fettes Rock n Roll und Metal Packet mit beiden Bands erwartet euch.<\/p>\n<p>Kommt mit uns auf die STREETS OF FIRE Tour und lasst uns gemeinsam das Gaspedal ordentlich durchdr\u00fccken.<\/p>","protected":false},"excerpt":{"rendered":"<p>Get your tickets here now!<\/p>","protected":false},"featured_media":43596,"template":"","meta":{"_acf_changed":false,"inline_featured_image":false},"product_brand":[],"product_cat":[31,413,69,86,6736,35,21,58],"product_tag":[941,959,942,943,5936,944,5937,947,948],"class_list":{"0":"post-43594","1":"product","2":"type-product","3":"status-publish","4":"has-post-thumbnail","6":"product_cat-events","7":"product_cat-hellraiser","8":"product_cat-konzert","9":"product_cat-leipzig","10":"product_cat-metal-metalcore","11":"product_cat-orte","12":"product_cat-ticket","13":"product_cat-veranstaltung","14":"product_tag-events","15":"product_tag-hellraiser","16":"product_tag-konzert","17":"product_tag-leipzig","18":"product_tag-motorjesus-streets-of-fire-tour-2025","19":"product_tag-orte","20":"product_tag-special-guest-lost-sanctuary","21":"product_tag-ticket","22":"product_tag-veranstaltung","23":"product_shipping_class-nur_paketversand","24":"pa_discount-ermaessigt","25":"pa_discount-normalpreis","26":"pa_preiskategorie-stehplatz","28":"first","29":"instock","30":"taxable","31":"shipping-taxable","32":"purchasable","33":"product-type-variable"},"group_of_quantity":0,"min_quantity":0,"max_quantity":"","exclude_order_quantity_value_rules":"no","exclude_category_quantity_rules":"no","combine_variations":"no","acf":[],"_links":{"self":[{"href":"https:\/\/arena-ticket.com\/en\/wp-json\/wp\/v2\/product\/43594","targetHints":{"allow":["GET"]}}],"collection":[{"href":"https:\/\/arena-ticket.com\/en\/wp-json\/wp\/v2\/product"}],"about":[{"href":"https:\/\/arena-ticket.com\/en\/wp-json\/wp\/v2\/types\/product"}],"wp:featuredmedia":[{"embeddable":true,"href":"https:\/\/arena-ticket.com\/en\/wp-json\/wp\/v2\/media\/43596"}],"wp:attachment":[{"href":"https:\/\/arena-ticket.com\/en\/wp-json\/wp\/v2\/media?parent=43594"}],"wp:term":[{"taxonomy":"product_brand","embeddable":true,"href":"https:\/\/arena-ticket.com\/en\/wp-json\/wp\/v2\/product_brand?post=43594"},{"taxonomy":"product_cat","embeddable":true,"href":"https:\/\/arena-ticket.com\/en\/wp-json\/wp\/v2\/product_cat?post=43594"},{"taxonomy":"product_tag","embeddable":true,"href":"https:\/\/arena-ticket.com\/en\/wp-json\/wp\/v2\/product_tag?post=43594"}],"curies":[{"name":"wp","href":"https:\/\/api.w.org\/{rel}","templated":true}]}}