{"id":43611,"date":"2025-06-27T14:48:00","date_gmt":"2025-06-27T12:48:00","guid":{"rendered":"https:\/\/arena-ticket.com\/?p=43611&#038;post_type=product&#038;preview_id=43611"},"modified":"2025-11-15T10:55:37","modified_gmt":"2025-11-15T09:55:37","slug":"gzuz-live-2026-leipzig-haus-auensee-27-02-2026-1930-uhr","status":"publish","type":"product","link":"https:\/\/arena-ticket.com\/en\/product\/gzuz-live-2026-leipzig-haus-auensee-27-02-2026-1930-uhr\/","title":{"rendered":"GZUZ  - LIVE 2026"},"content":{"rendered":"<p>Gzuz ist einer der bekanntesten Gangsta-Rapper Deutschlands und Mitglied der Hip-Hop-Gruppe 187 Stra\u00dfenbande. Er ist f\u00fcr seinen markanten Stil und seinen Einfluss auf die Deutschrap-Szene bekannt.<\/p>\n<p>2025 schl\u00e4gt Gzuz das n\u00e4chste Kapitel seiner Karriere auf: Mit dem neuen Album Scherbenhaus, das am 25. Juli 2025 erscheint, k\u00fcndigt sich ein Werk an, das musikalisch wie inhaltlich neue Akzente setzt. Die erste Single Bengel liefert bereits einen Vorgeschmack auf das kommende Album \u2013 laut, kompromisslos und direkt von der Stra\u00dfe. Scherbenhaus liefert die gewohnte Wucht \u2013 aber mit mehr Tiefgang als je zuvor. Man sp\u00fcrt: Gzuz ist nicht stehen geblieben, sondern gewachsen.<\/p>\n<p>Begleitend zum Release erscheint am 01. August 2025 die bereits angek\u00fcndigte Dokumentation Licht &amp; Schatten \u2013 eine fesselnde, ungesch\u00f6nte Nahaufnahme eines K\u00fcnstlers zwischen zwei Welten, der f\u00fcr seine Familie k\u00e4mpft und gleichzeitig gegen seine eigenen D\u00e4monen. Die Doku erscheint exklusiv bei Prime Video und begleitet Gzuz \u00fcber viele Monate hinweg \u2013 so privat, verletzlich und echt wie nie zuvor. Sie liefert intensive Eindr\u00fccke aus dem Entstehungsprozess von Scherbenhaus und gew\u00e4hrt seltene Einblicke hinter die Fassade eines der meistdiskutierten Musiker des Landes.<\/p>\n<p>Nach der erfolgreichen Freig\u00e4nger-Tour durch Deutschland, \u00d6sterreich, Schweiz, Polen und Tschechien mit \u00fcber 100.000 begeisterten Fans sowie den ausverkauften Highnachten-Shows Ende 2024 mit Bonez MC richtet sich der Fokus nun klar auf das, was kommt: Scherbenhaus und Licht &amp; Schatten markieren einen k\u00fcnstlerischen Wendepunkt \u2013 kompromisslos, ehrlich und tief bewegend.<\/p>","protected":false},"excerpt":{"rendered":"<p>Secure your tickets!<\/p>","protected":false},"featured_media":54832,"template":"","meta":{"_acf_changed":false,"inline_featured_image":false},"product_brand":[],"product_cat":[31,344,6737,69,86,35,21,58],"product_tag":[941,3551,962,942,943,4819,944,947,948],"class_list":{"0":"post-43611","1":"product","2":"type-product","3":"status-publish","4":"has-post-thumbnail","6":"product_cat-events","7":"product_cat-haus-auensee","8":"product_cat-hip-hop-rnb","9":"product_cat-konzert","10":"product_cat-leipzig","11":"product_cat-orte","12":"product_cat-ticket","13":"product_cat-veranstaltung","14":"product_tag-events","15":"product_tag-gzuz","16":"product_tag-haus-auensee","17":"product_tag-konzert","18":"product_tag-leipzig","19":"product_tag-live-2026","20":"product_tag-orte","21":"product_tag-ticket","22":"product_tag-veranstaltung","23":"product_shipping_class-nur_paketversand","24":"pa_discount-normalpreis","25":"pa_preiskategorie-stehplatz","27":"first","28":"outofstock","29":"taxable","30":"shipping-taxable","31":"purchasable","32":"product-type-variable","33":"has-default-attributes"},"group_of_quantity":0,"min_quantity":0,"max_quantity":"","exclude_order_quantity_value_rules":"no","exclude_category_quantity_rules":"no","combine_variations":"no","acf":[],"_links":{"self":[{"href":"https:\/\/arena-ticket.com\/en\/wp-json\/wp\/v2\/product\/43611","targetHints":{"allow":["GET"]}}],"collection":[{"href":"https:\/\/arena-ticket.com\/en\/wp-json\/wp\/v2\/product"}],"about":[{"href":"https:\/\/arena-ticket.com\/en\/wp-json\/wp\/v2\/types\/product"}],"wp:featuredmedia":[{"embeddable":true,"href":"https:\/\/arena-ticket.com\/en\/wp-json\/wp\/v2\/media\/54832"}],"wp:attachment":[{"href":"https:\/\/arena-ticket.com\/en\/wp-json\/wp\/v2\/media?parent=43611"}],"wp:term":[{"taxonomy":"product_brand","embeddable":true,"href":"https:\/\/arena-ticket.com\/en\/wp-json\/wp\/v2\/product_brand?post=43611"},{"taxonomy":"product_cat","embeddable":true,"href":"https:\/\/arena-ticket.com\/en\/wp-json\/wp\/v2\/product_cat?post=43611"},{"taxonomy":"product_tag","embeddable":true,"href":"https:\/\/arena-ticket.com\/en\/wp-json\/wp\/v2\/product_tag?post=43611"}],"curies":[{"name":"wp","href":"https:\/\/api.w.org\/{rel}","templated":true}]}}