{"id":43614,"date":"2025-06-27T15:00:55","date_gmt":"2025-06-27T13:00:55","guid":{"rendered":"https:\/\/arena-ticket.com\/?p=43614&#038;post_type=product&#038;preview_id=43614"},"modified":"2025-07-05T13:46:45","modified_gmt":"2025-07-05T11:46:45","slug":"blood-command-three-stripes-live-tour-2025-conne-island-leipzig-19-12-2025-2000-uhr","status":"publish","type":"product","link":"https:\/\/arena-ticket.com\/en\/product\/blood-command-three-stripes-live-tour-2025-conne-island-leipzig-19-12-2025-2000-uhr\/","title":{"rendered":"Blood Command  - THREE STRIPES LIVE TOUR 2025"},"content":{"rendered":"<section class=\"c-full c-inner c-narrow\" data-c=\"stageteasertext\" data-qa=\"stageteasertext-component\">\n<div class=\"container\">\n<div class=\"external-content no-margin\">\n<div class=\"u-position-relative js-moretext-wrapper\">\n<div class=\"link moretext-toggle\">\n<section class=\"c-full c-inner c-narrow\" data-c=\"stageteasertext\" data-qa=\"stageteasertext-component\">\n<div class=\"container\">\n<div class=\"moretext js-moretext expanded\" data-qa=\"readMoreText\"><\/div>\n<\/div>\n<\/section>\n<section class=\"c container\" data-c=\"eviwidget\" data-qa=\"evi-widget\">\n<div class=\"js-evi-wrapper theme-element-border evi-wrapper\">\n<div class=\"js-evi-box\">\n<div id=\"evi-widget-rule-11e8fcb5-8a5e-aaee-e6eb-996adb054c48\" class=\"evi-widget evi-widget evi-widget-type-ticket-alarm-single\">Mit einer explosiven Mischung aus Hardcore, Punkrock und Pop-Appeal \u2013 selbstbewusst als \u201eDeathpop\u201c bezeichnet \u2013 hat sich Blood Command aus Bergen seit 2008 einen einzigartigen Platz in der alternativen Musikszene erk\u00e4mpft. Sp\u00e4testens seit der charismatischen Nikki Brumen am Mikrofon ist klar: Diese Band liefert nicht nur musikalisch, sondern auch live absolute Abriss-Shows. Im Fr\u00fchjahr \u00fcberzeugten sie als gefeierter Support der Baboon Show, jetzt kehren sie mit voller Wucht auf Headline-Tour zur\u00fcck! Ihre neue Single \u201eAll I Ever Hate About Is You\u201c verspr\u00fcht Vorfreude auf den Festivalsommer \u2013 und macht klar, wohin die Reise im Winter geht: kompromisslos nach vorn. Mit ihrer rebellischen Attit\u00fcde, messerscharfen Hooks und einer intensiven Live-Energie wird die THREE STRIPES LIVE TOUR 2025 ein Pflichttermin f\u00fcr Fans harter, aber zug\u00e4nglicher Kl\u00e4nge. Von Berlin bis Warschau \u2013 13 Shows, bei denen kein Stein auf dem anderen bleibt. Wer Blood Command live erlebt, versteht: Das ist keine Band \u2013 das ist ein Manifest.<\/div>\n<\/div>\n<\/div>\n<\/section>\n<\/div>\n<\/div>\n<\/div>\n<\/div>\n<\/section>\n<section class=\"c container\" data-c=\"eviwidget\" data-qa=\"evi-widget\">\n<div class=\"js-evi-wrapper theme-element-border evi-wrapper\">\n<div class=\"js-evi-box\">\n<div id=\"evi-widget-rule-11e8fcb5-8a5e-aaee-e6eb-996adb054c48\" class=\"evi-widget evi-widget evi-widget-type-ticket-alarm-single\">\n<div class=\"artwork-image-container\">\n<div class=\"artwork-image\">\n<div class=\"gradient gradient-right\"><\/div>\n<\/div>\n<\/div>\n<div class=\"container artwork-content padding-bottom-xl\">\n<div class=\"artwork-content-text\">\n<div class=\"stage-content-text\">\n<h1 class=\"stage-headline\"><\/h1>\n<\/div>\n<\/div>\n<\/div>\n<\/div>\n<\/div>\n<\/div>\n<\/section>","protected":false},"excerpt":{"rendered":"<p>Get your tickets here now!<\/p>","protected":false},"featured_media":43616,"template":"","meta":{"_acf_changed":false,"inline_featured_image":false},"product_brand":[],"product_cat":[387,31,69,86,6736,35,21,58],"product_tag":[5938,3224,941,942,943,944,5939,947,948],"class_list":{"0":"post-43614","1":"product","2":"type-product","3":"status-publish","4":"has-post-thumbnail","6":"product_cat-conne-island","7":"product_cat-events","8":"product_cat-konzert","9":"product_cat-leipzig","10":"product_cat-metal-metalcore","11":"product_cat-orte","12":"product_cat-ticket","13":"product_cat-veranstaltung","14":"product_tag-blood-command","15":"product_tag-conne-island","16":"product_tag-events","17":"product_tag-konzert","18":"product_tag-leipzig","19":"product_tag-orte","20":"product_tag-three-stripes-live-tour-2025","21":"product_tag-ticket","22":"product_tag-veranstaltung","23":"product_shipping_class-nur_paketversand","24":"pa_discount-normalpreis","25":"pa_preiskategorie-stehplatz","27":"first","28":"instock","29":"taxable","30":"shipping-taxable","31":"purchasable","32":"product-type-variable","33":"has-default-attributes"},"group_of_quantity":0,"min_quantity":0,"max_quantity":"","exclude_order_quantity_value_rules":"no","exclude_category_quantity_rules":"no","combine_variations":"no","acf":[],"_links":{"self":[{"href":"https:\/\/arena-ticket.com\/en\/wp-json\/wp\/v2\/product\/43614","targetHints":{"allow":["GET"]}}],"collection":[{"href":"https:\/\/arena-ticket.com\/en\/wp-json\/wp\/v2\/product"}],"about":[{"href":"https:\/\/arena-ticket.com\/en\/wp-json\/wp\/v2\/types\/product"}],"wp:featuredmedia":[{"embeddable":true,"href":"https:\/\/arena-ticket.com\/en\/wp-json\/wp\/v2\/media\/43616"}],"wp:attachment":[{"href":"https:\/\/arena-ticket.com\/en\/wp-json\/wp\/v2\/media?parent=43614"}],"wp:term":[{"taxonomy":"product_brand","embeddable":true,"href":"https:\/\/arena-ticket.com\/en\/wp-json\/wp\/v2\/product_brand?post=43614"},{"taxonomy":"product_cat","embeddable":true,"href":"https:\/\/arena-ticket.com\/en\/wp-json\/wp\/v2\/product_cat?post=43614"},{"taxonomy":"product_tag","embeddable":true,"href":"https:\/\/arena-ticket.com\/en\/wp-json\/wp\/v2\/product_tag?post=43614"}],"curies":[{"name":"wp","href":"https:\/\/api.w.org\/{rel}","templated":true}]}}