{"id":43617,"date":"2025-06-27T15:07:31","date_gmt":"2025-06-27T13:07:31","guid":{"rendered":"https:\/\/arena-ticket.com\/?p=43617&#038;post_type=product&#038;preview_id=43617"},"modified":"2025-06-27T15:37:36","modified_gmt":"2025-06-27T13:37:36","slug":"soulbound-syn-tour-2026-leipzig-hellraiser-10-04-2026-2000-uhr","status":"publish","type":"product","link":"https:\/\/arena-ticket.com\/en\/product\/soulbound-syn-tour-2026-leipzig-hellraiser-10-04-2026-2000-uhr\/","title":{"rendered":"Soulbound  - sYn Tour 2026"},"content":{"rendered":"<p>Special Guests: Pinhead<\/p>\n<p>&nbsp;<\/p>\n<p>Nach ihrer erfolgreichen ersten eigenen Headliner-Tour Ende 2024 und der Tour als Special Guests bei MONO INC. Ende 2025 kehren Soulbound Anfang 2026 mit voller Wucht auf die B\u00fchnen zur\u00fcck und bringen ihr neues Album sYn (V\u00d6 16.01.2026) direkt zu euch!<\/p>\n<p>Erlebt ein Konzert, das mehr ist als Musik: kraftvoll, emotional, energetisch. Soulbound stehen f\u00fcr N\u00e4he, Echtheit und Leidenschaft. F\u00fcr Auftritte, die unter die Haut gehen, mitrei\u00dfen, aufr\u00fctteln und verbinden. Keine blo\u00dfe Inszenierung, kein Stillstand, sondern ehrliche Musik mit Haltung.<\/p>","protected":false},"excerpt":{"rendered":"<p>Get your tickets here now!<\/p>","protected":false},"featured_media":43619,"template":"","meta":{"_acf_changed":false,"inline_featured_image":false},"product_brand":[],"product_cat":[31,413,69,86,35,6732,21,58],"product_tag":[941,959,942,943,944,5940,5941,947,948],"class_list":{"0":"post-43617","1":"product","2":"type-product","3":"status-publish","4":"has-post-thumbnail","6":"product_cat-events","7":"product_cat-hellraiser","8":"product_cat-konzert","9":"product_cat-leipzig","10":"product_cat-orte","11":"product_cat-rock-hard-rock","12":"product_cat-ticket","13":"product_cat-veranstaltung","14":"product_tag-events","15":"product_tag-hellraiser","16":"product_tag-konzert","17":"product_tag-leipzig","18":"product_tag-orte","19":"product_tag-soulbound","20":"product_tag-syn-tour-2026","21":"product_tag-ticket","22":"product_tag-veranstaltung","23":"product_shipping_class-nur_paketversand","24":"pa_discount-ermaessigt","25":"pa_discount-normalpreis","26":"pa_preiskategorie-stehplatz","28":"first","29":"instock","30":"taxable","31":"shipping-taxable","32":"purchasable","33":"product-type-variable"},"group_of_quantity":0,"min_quantity":0,"max_quantity":"","exclude_order_quantity_value_rules":"no","exclude_category_quantity_rules":"no","combine_variations":"no","acf":[],"_links":{"self":[{"href":"https:\/\/arena-ticket.com\/en\/wp-json\/wp\/v2\/product\/43617","targetHints":{"allow":["GET"]}}],"collection":[{"href":"https:\/\/arena-ticket.com\/en\/wp-json\/wp\/v2\/product"}],"about":[{"href":"https:\/\/arena-ticket.com\/en\/wp-json\/wp\/v2\/types\/product"}],"wp:featuredmedia":[{"embeddable":true,"href":"https:\/\/arena-ticket.com\/en\/wp-json\/wp\/v2\/media\/43619"}],"wp:attachment":[{"href":"https:\/\/arena-ticket.com\/en\/wp-json\/wp\/v2\/media?parent=43617"}],"wp:term":[{"taxonomy":"product_brand","embeddable":true,"href":"https:\/\/arena-ticket.com\/en\/wp-json\/wp\/v2\/product_brand?post=43617"},{"taxonomy":"product_cat","embeddable":true,"href":"https:\/\/arena-ticket.com\/en\/wp-json\/wp\/v2\/product_cat?post=43617"},{"taxonomy":"product_tag","embeddable":true,"href":"https:\/\/arena-ticket.com\/en\/wp-json\/wp\/v2\/product_tag?post=43617"}],"curies":[{"name":"wp","href":"https:\/\/api.w.org\/{rel}","templated":true}]}}